{"id":29972,"date":"2016-10-14T12:18:34","date_gmt":"2016-10-14T10:18:34","guid":{"rendered":"http:\/\/www.libraria-occitana.org\/all-products\/loccitan-dans-les-tranchees?lang=oc"},"modified":"2026-04-03T05:46:13","modified_gmt":"2026-04-03T03:46:13","slug":"loccitan-dans-les-tranchees","status":"publish","type":"product","link":"https:\/\/www.libraria-occitana.org\/oc\/produch\/loccitan-dans-les-tranchees\/","title":{"rendered":"L&#8217;occitan dans les tranch\u00e9es"},"content":{"rendered":"<p>\u00c0 partir de documents d&#8217;\u00e9poque, Ives Rauzier propose de revenir sur la place de la langue d&#8217;oc pendant la Premi\u00e8re Guerre mondiale. Un sujet original et peu abord\u00e9.<\/p>\n<p>Nouvelle \u00e9dition augment\u00e9e.<\/p>\n","protected":false},"excerpt":{"rendered":"<p>\u00c0 partir de documents d&#8217;\u00e9poque, Ives Rauzier propose de revenir sur la place de la langue d&#8217;oc pendant la Premi\u00e8re Guerre mondiale. Un sujet original et peu abord\u00e9. Nouvelle \u00e9dition augment\u00e9e.<\/p>\n","protected":false},"featured_media":29970,"template":"","meta":{"_acf_changed":false,"_genesis_hide_title":false,"_genesis_hide_breadcrumbs":false,"_genesis_hide_singular_image":false,"_genesis_hide_footer_widgets":false,"_genesis_custom_body_class":"","_genesis_custom_post_class":"","_genesis_layout":""},"product_brand":[],"product_cat":[7133,7149,7159],"product_tag":[],"class_list":{"0":"post-29972","1":"product","2":"type-product","3":"status-publish","4":"has-post-thumbnail","6":"product_cat-libres-oc","7":"product_cat-istoria-geografia-oc","8":"product_cat-istoria-moderna-e-contemporala-oc","9":"pa_auteur-rauzier-ives-oc","10":"pa_editeur-ives-rauzier-oc","11":"pa_langue-francais-oc","12":"entry","14":"first","15":"outofstock","16":"shipping-taxable","17":"purchasable","18":"product-type-simple"},"acf":[],"_links":{"self":[{"href":"https:\/\/www.libraria-occitana.org\/oc\/wp-json\/wp\/v2\/product\/29972","targetHints":{"allow":["GET"]}}],"collection":[{"href":"https:\/\/www.libraria-occitana.org\/oc\/wp-json\/wp\/v2\/product"}],"about":[{"href":"https:\/\/www.libraria-occitana.org\/oc\/wp-json\/wp\/v2\/types\/product"}],"wp:featuredmedia":[{"embeddable":true,"href":"https:\/\/www.libraria-occitana.org\/oc\/wp-json\/wp\/v2\/media\/29970"}],"wp:attachment":[{"href":"https:\/\/www.libraria-occitana.org\/oc\/wp-json\/wp\/v2\/media?parent=29972"}],"wp:term":[{"taxonomy":"product_brand","embeddable":true,"href":"https:\/\/www.libraria-occitana.org\/oc\/wp-json\/wp\/v2\/product_brand?post=29972"},{"taxonomy":"product_cat","embeddable":true,"href":"https:\/\/www.libraria-occitana.org\/oc\/wp-json\/wp\/v2\/product_cat?post=29972"},{"taxonomy":"product_tag","embeddable":true,"href":"https:\/\/www.libraria-occitana.org\/oc\/wp-json\/wp\/v2\/product_tag?post=29972"}],"curies":[{"name":"wp","href":"https:\/\/api.w.org\/{rel}","templated":true}]}}