{"id":29978,"date":"2016-11-14T11:37:54","date_gmt":"2016-11-14T10:37:54","guid":{"rendered":"http:\/\/www.libraria-occitana.org\/all-products\/le-limousin-et-la-gravure-un-autre-regard-une-autre-epoque?lang=oc"},"modified":"2026-04-29T01:17:00","modified_gmt":"2026-04-28T23:17:00","slug":"le-limousin-et-la-gravure-un-autre-regard-une-autre-epoque","status":"publish","type":"product","link":"https:\/\/www.libraria-occitana.org\/oc\/produch\/le-limousin-et-la-gravure-un-autre-regard-une-autre-epoque\/","title":{"rendered":"Le Limousin et la gravure : Un autre regard, une autre \u00e9poque"},"content":{"rendered":"<p>D\u00e8s le XVe si\u00e8cle, Gutenberg et ses successeurs ont recours \u00e0 la gravure sur bois et sur cuivre pour illustrer le livre imprim\u00e9. Mais d\u2019une fabrication co\u00fbteuse, soumis \u00e0 une l\u00e9gislation drastique, dans un pays o\u00f9 la tr\u00e8s grande majorit\u00e9 de la population est analphab\u00e8te, le livre demeure l\u2019apanage d\u2019une \u00e9lite. Il faudra attendre la fin de l\u2019Empire pour que toutes les conditions deviennent favorables et que le peuple puisse enfin mettre des images sur ceux qui le gouvernent et sur tout ce qui compose son environnement. La propagation de l\u2019image grav\u00e9e suscitera une insatiable soif de connaissances. Les publications se multiplient. Alors que les livres et les catalogues font d\u00e9couvrir la France, mais aussi les pays lointains, les journaux et les revues montrent les hommes au pouvoir, les catastrophes, les faits divers, les nouvelles techniques. La gravure conna\u00eet, \u00e0 cette \u00e9poque, son \u00e2ge d\u2019or.<\/p>\n<p>\u00c0 l\u2019heure o\u00f9 l\u2019image et les couleurs ont envahi notre quotidien, les gravures anciennes demeurent toujours de pr\u00e9cieux tr\u00e9sors. Non seulement elles constituent un v\u00e9ritable voyage dans un pass\u00e9, parfois disparu, mais encore elles sont une forme d\u2019expression artistique remarquable, comme l\u2019est la photographie aujourd\u2019hui. Alain Mingaud, collectionneur \u00e9m\u00e9rite, nous invite \u00e0 d\u00e9couvrir le Limousin du XIXe si\u00e8cle dans toute sa diversit\u00e9 (ses habitants et leurs activit\u00e9s, ses personnages c\u00e9l\u00e8bres, ses paysages, son patrimoine, etc.) et \u00e0 plonger dans son actualit\u00e9 mouvement\u00e9e, entre 1820 et 1920, en images, en couleurs et avant que la photographie n\u2019apparaisse.<\/p>\n","protected":false},"excerpt":{"rendered":"<p>D\u00e8s le XVe si\u00e8cle, Gutenberg et ses successeurs ont recours \u00e0 la gravure sur bois et sur cuivre pour illustrer le livre imprim\u00e9. Mais d\u2019une fabrication co\u00fbteuse, soumis \u00e0 une l\u00e9gislation drastique, dans un pays o\u00f9 la tr\u00e8s grande majorit\u00e9 de la population est analphab\u00e8te, le livre demeure l\u2019apanage d\u2019une \u00e9lite. Il faudra attendre la [&hellip;]<\/p>\n","protected":false},"featured_media":29976,"template":"","meta":{"_acf_changed":false,"_genesis_hide_title":false,"_genesis_hide_breadcrumbs":false,"_genesis_hide_singular_image":false,"_genesis_hide_footer_widgets":false,"_genesis_custom_body_class":"","_genesis_custom_post_class":"","_genesis_layout":""},"product_brand":[],"product_cat":[7135,7133],"product_tag":[],"class_list":{"0":"post-29978","1":"product","2":"type-product","3":"status-publish","4":"has-post-thumbnail","6":"product_cat-arts-oc","7":"product_cat-libres-oc","8":"pa_auteur-mingaud-alain-oc","9":"pa_editeur-le-puy-fraud-oc","10":"pa_langue-francais-oc","11":"entry","13":"first","14":"instock","15":"shipping-taxable","16":"purchasable","17":"product-type-simple"},"acf":[],"_links":{"self":[{"href":"https:\/\/www.libraria-occitana.org\/oc\/wp-json\/wp\/v2\/product\/29978","targetHints":{"allow":["GET"]}}],"collection":[{"href":"https:\/\/www.libraria-occitana.org\/oc\/wp-json\/wp\/v2\/product"}],"about":[{"href":"https:\/\/www.libraria-occitana.org\/oc\/wp-json\/wp\/v2\/types\/product"}],"wp:featuredmedia":[{"embeddable":true,"href":"https:\/\/www.libraria-occitana.org\/oc\/wp-json\/wp\/v2\/media\/29976"}],"wp:attachment":[{"href":"https:\/\/www.libraria-occitana.org\/oc\/wp-json\/wp\/v2\/media?parent=29978"}],"wp:term":[{"taxonomy":"product_brand","embeddable":true,"href":"https:\/\/www.libraria-occitana.org\/oc\/wp-json\/wp\/v2\/product_brand?post=29978"},{"taxonomy":"product_cat","embeddable":true,"href":"https:\/\/www.libraria-occitana.org\/oc\/wp-json\/wp\/v2\/product_cat?post=29978"},{"taxonomy":"product_tag","embeddable":true,"href":"https:\/\/www.libraria-occitana.org\/oc\/wp-json\/wp\/v2\/product_tag?post=29978"}],"curies":[{"name":"wp","href":"https:\/\/api.w.org\/{rel}","templated":true}]}}