{"id":30018,"date":"2014-09-25T11:26:35","date_gmt":"2014-09-25T10:26:35","guid":{"rendered":"http:\/\/www.libraria-occitana.org\/all-products\/le-communisme-rural-en-haute-vienne?lang=oc"},"modified":"2026-04-29T10:35:09","modified_gmt":"2026-04-29T08:35:09","slug":"le-communisme-rural-en-haute-vienne","status":"publish","type":"product","link":"https:\/\/www.libraria-occitana.org\/oc\/produch\/le-communisme-rural-en-haute-vienne\/","title":{"rendered":"Le communisme rural en Haute-Vienne"},"content":{"rendered":"<p>Le communisme fran\u00e7ais n\u2019a pas \u00e9t\u00e9 seulement celui des ouvriers. D\u00e8s l\u2019entre-deux-guerres, de nombreuses communes des campagnes ont dirig\u00e9 leurs suffrages vers le PCF, en contradiction avec l\u2019image conservatrice qui colle souvent aux paysans en mati\u00e8re politique. Cette implantation pr\u00e9coce ne s\u2019est pas d\u00e9mentie \u00e0 la Lib\u00e9ration, bien s\u00fbr en lien avec l\u2019aura acquise par le parti dans la R\u00e9sistance. C\u2019est ainsi que la Haute-Vienne, dont les campagnes sont les d\u00e9positaires d\u2019une tradition rouge et contestataire remontant au XIXe si\u00e8cle, sont devenues \u00e0 la fin de la guerre et jusque dans les ann\u00e9es 1980 un v\u00e9ritable bastion communiste, malgr\u00e9 le poids consid\u00e9rable de l\u2019autre parti de gauche dans le d\u00e9partement, la SFIO.<br \/>\nCet ouvrage se propose de retracer l\u2019historique de cette implantation au cours d\u2019une p\u00e9riode charni\u00e8re dans le monde rural : celle qui court de la Lib\u00e9ration \u00e0 la fin des ann\u00e9es 1960, alors que la civilisation paysanne est en train de dispara\u00eetre. Se dessine une mani\u00e8re d\u2019\u00eatre communiste \u00e0 la campagne fortement li\u00e9e \u00e0 une identit\u00e9 locale et donnant naissance \u00e0 une culture politique en apparence paradoxale, au croisement de l\u2019id\u00e9ologie, des structures et des int\u00e9r\u00eats port\u00e9s par le PCF d\u2019une part, des repr\u00e9sentations et des revendications des paysans haut-viennois d\u2019autre part. Ces derniers, dans un d\u00e9partement marqu\u00e9 par la petite propri\u00e9t\u00e9, ne souhaitent pas la r\u00e9volution prol\u00e9tarienne ou la collectivisation des terres, mais la protection de leur m\u00e9tier et de leur mode de vie, dont ils sentent bien toute la fragilit\u00e9 sous les coups que leur portent l\u2019essor du productivisme agricole et la derni\u00e8re vague de l\u2019exode rural.<\/p>\n","protected":false},"excerpt":{"rendered":"<p>Le communisme fran\u00e7ais n\u2019a pas \u00e9t\u00e9 seulement celui des ouvriers. D\u00e8s l\u2019entre-deux-guerres, de nombreuses communes des campagnes ont dirig\u00e9 leurs suffrages vers le PCF, en contradiction avec l\u2019image conservatrice qui colle souvent aux paysans en mati\u00e8re politique. Cette implantation pr\u00e9coce ne s\u2019est pas d\u00e9mentie \u00e0 la Lib\u00e9ration, bien s\u00fbr en lien avec l\u2019aura acquise par [&hellip;]<\/p>\n","protected":false},"featured_media":30001,"template":"","meta":{"_acf_changed":false,"_genesis_hide_title":false,"_genesis_hide_breadcrumbs":false,"_genesis_hide_singular_image":false,"_genesis_hide_footer_widgets":false,"_genesis_custom_body_class":"","_genesis_custom_post_class":"","_genesis_layout":""},"product_brand":[],"product_cat":[7159,7149,7133],"product_tag":[],"class_list":{"0":"post-30018","1":"product","2":"type-product","3":"status-publish","4":"has-post-thumbnail","6":"product_cat-istoria-moderna-e-contemporala-oc","7":"product_cat-istoria-geografia-oc","8":"product_cat-libres-oc","9":"pa_auteur-paret-philippe-oc","10":"pa_editeur-pu-limoges-oc","11":"pa_langue-francais-oc","12":"entry","14":"first","15":"instock","16":"shipping-taxable","17":"purchasable","18":"product-type-simple"},"acf":[],"_links":{"self":[{"href":"https:\/\/www.libraria-occitana.org\/oc\/wp-json\/wp\/v2\/product\/30018","targetHints":{"allow":["GET"]}}],"collection":[{"href":"https:\/\/www.libraria-occitana.org\/oc\/wp-json\/wp\/v2\/product"}],"about":[{"href":"https:\/\/www.libraria-occitana.org\/oc\/wp-json\/wp\/v2\/types\/product"}],"wp:featuredmedia":[{"embeddable":true,"href":"https:\/\/www.libraria-occitana.org\/oc\/wp-json\/wp\/v2\/media\/30001"}],"wp:attachment":[{"href":"https:\/\/www.libraria-occitana.org\/oc\/wp-json\/wp\/v2\/media?parent=30018"}],"wp:term":[{"taxonomy":"product_brand","embeddable":true,"href":"https:\/\/www.libraria-occitana.org\/oc\/wp-json\/wp\/v2\/product_brand?post=30018"},{"taxonomy":"product_cat","embeddable":true,"href":"https:\/\/www.libraria-occitana.org\/oc\/wp-json\/wp\/v2\/product_cat?post=30018"},{"taxonomy":"product_tag","embeddable":true,"href":"https:\/\/www.libraria-occitana.org\/oc\/wp-json\/wp\/v2\/product_tag?post=30018"}],"curies":[{"name":"wp","href":"https:\/\/api.w.org\/{rel}","templated":true}]}}