{"id":30024,"date":"2014-03-25T18:05:55","date_gmt":"2014-03-25T17:05:55","guid":{"rendered":"http:\/\/www.libraria-occitana.org\/all-products\/la-xaintrie-identites-dun-pays-aux-marges-du-limousin-et-de-lauvergne?lang=oc"},"modified":"2026-04-25T22:36:13","modified_gmt":"2026-04-25T20:36:13","slug":"la-xaintrie-identites-dun-pays-aux-marges-du-limousin-et-de-lauvergne","status":"publish","type":"product","link":"https:\/\/www.libraria-occitana.org\/oc\/produch\/la-xaintrie-identites-dun-pays-aux-marges-du-limousin-et-de-lauvergne\/","title":{"rendered":"La Xaintrie : Identit\u00e9(s) d&#8217;un pays aux marges du Limousin et de l&#8217;Auvergne"},"content":{"rendered":"<p>\u00ab La Xaintrie, un pays (presque) imaginaire ! \u00bb. C\u2019est autour de cette manchette d\u00e9lib\u00e9r\u00e9ment provocatrice de Jean-Paul Kaufmann qu\u2019est n\u00e9 le projet d\u2019un colloque appel\u00e9 \u00e0 questionner l\u2019essence de cette entit\u00e9 de marge, fantaisie limousine d\u2019outre Dordogne en Auvergne, ou aventure auvergnate en Limousin. Plus qu\u2019un canton, moins qu\u2019une r\u00e9gion, Xaintrie, ou Saintrie, rime avec Transnistrie, cette r\u00e9publique moldave et slavophone du Dniestr, reconnue par personne et toute en longueur.<br \/>\nIssus d\u2019horizons pluridisciplinaires, les auteurs ont interrog\u00e9 cette identit\u00e9 locale \u00e0 la fois r\u00e9sistante et diffuse, qui s\u2019exerce en tension entre centralit\u00e9 villageoise et attractions p\u00e9riph\u00e9riques. G\u00e9ographes, historiens, historiens du droit, historiens de l\u2019art, ethnologues, gens de lettres et acteurs du territoire ont crois\u00e9 leurs grilles de lecture et confront\u00e9 leurs sensibilit\u00e9s pour cerner la territorialit\u00e9 des processus sociaux et culturels que le \u00ab royaume intime \u00bb cher \u00e0 Denis Tillinac est cens\u00e9 polariser.<br \/>\nFormant une entit\u00e9 g\u00e9ologique coh\u00e9rente, limousine du point de vue administratif, auvergnate par la spiritualit\u00e9 et son inscription dans la mouvance paysag\u00e8re des monts du Cantal, la Xaintrie ne se laisse pas enfermer dans une interpr\u00e9tation tr\u00e8s d\u00e9termin\u00e9e. Lieu de changement insensible, soci\u00e9t\u00e9 autor\u00e9gul\u00e9e \u00e0 l\u2019\u00e9poque moderne, cet \u00ab agr\u00e9gat de p\u00e9riph\u00e9ries \u00bb d\u00e9pourvu de capitale ressortit \u00e0 l\u2019Auvergne pour certains aspects, au Limousin pour d\u2019autres.<br \/>\nAu travers de cette identit\u00e9 polymorphe de la Xaintrie, faite d\u2019h\u00e9ritages partag\u00e9s ou m\u00e9tiss\u00e9s, ce sont en d\u00e9finitive les tropismes des r\u00e9gions de marges qui deviennent perceptibles, c\u2019est l\u2019essence m\u00eame du \u00ab pays \u00bb &#8211; en tant qu\u2019entit\u00e9 r\u00e9tive aux partitions g\u00e9ographiques lin\u00e9aires comme aux formalismes administratifs et juridiques &#8211; qui sourd dans toute sa complexit\u00e9 et ses nuances.<\/p>\n<p><strong>Sommaire :<\/strong><br \/>\n&#8211; Samuel Gibiat, Introduction<br \/>\n&#8211; Yves-Marie Berc\u00e9, Propos liminaire<\/p>\n<p><strong>Premi\u00e8re partie \u2013 Identit\u00e9 et territoire<\/strong><br \/>\n&#8211; Vincent Flauraud, L\u2019invention d\u2019un \u2018\u2018pays \u00e9largi\u2019\u2019. Xaintrie limousine et auvergnate : la construction contemporaine d\u2019une identit\u00e9 partag\u00e9e<br \/>\n&#8211; Nicole Vatin-P\u00e9rignon, G\u00e9ologie et identit\u00e9 de la Xaintrie<br \/>\n&#8211; Romain Rouaud, La for\u00eat comme marqueur de l\u2019identit\u00e9 territoriale des &#8221; pays coup\u00e9s &#8221;<br \/>\n&#8211; Jean-Loup Lema\u00eetre, La topographie religieuse de la Xaintrie limousine<br \/>\n&#8211; Ang\u00e9lique Marty, G\u00e9ographie f\u00e9odale et lignag\u00e8re entre Auvergne et Limousin : Merle, Carbonni\u00e8res et Alboy, XIIIe-XVe si\u00e8cle<br \/>\n&#8211; Pierre Flandin-Bl\u00e9ty, La Xaintrie f\u00e9odale dans le ressort de la vicomt\u00e9 de Turenne aux XIIIe-XVe si\u00e8cles<br \/>\n&#8211; Marguerite Gu\u00e9ly, La politique territoriale des Noailles du XVIe au XVIIIe si\u00e8cle<\/p>\n<p><strong>Deuxi\u00e8me partie \u2013 Identit\u00e9 et mentalit\u00e9s<\/strong><br \/>\n&#8211; Michel Cassan, La Xaintrie des Temps modernes : une soci\u00e9t\u00e9 autor\u00e9gul\u00e9e en marge de l\u2019\u00c9tat ?<br \/>\n&#8211; B\u00e9atrice Fourniel, La justice en Xaintrie sous l\u2019Ancien R\u00e9gime<br \/>\n&#8211; Samuel Gibiat, Le f\u00e9librige limousin et la Xaintrie<br \/>\n&#8211; Paul D&#8217;Hollander, La pratique du p\u00e8lerinage en Xaintrie au XIXe si\u00e8cle<br \/>\n&#8211; Marie-France Houdart, Mentalit\u00e9s et l\u00e9gendaire en Xaintrie, ou la Vierge et la Madeleine<\/p>\n<p><strong>Table ronde<\/strong><br \/>\nMise en r\u00e9seau et mise en valeur touristique de la Xaintrie<\/p>\n<p><strong>Troisi\u00e8me partie \u2013 Marges et circulation<\/strong><br \/>\n&#8211; Nicole Lema\u00eetre, Commerce des bois et circulation des id\u00e9es aux fil et entours de la rivi\u00e8re \u00ab Esp\u00e9rance \u00bb au XVIIIe si\u00e8cle<br \/>\n&#8211; Christian Durieu du Pradel, Les travaux de s\u00e9curisation de la Dordogne r\u00e9alis\u00e9s en 1819<br \/>\n&#8211; Jean-Pierre Serre, La Xaintrie cantalienne au XIXe si\u00e8cle : zone fronti\u00e8re et criminalit\u00e9<\/p>\n<p><strong>Quatri\u00e8me partie \u2013 \u00c9tude de cas : Pleaux<\/strong><br \/>\n&#8211; Albert Rigaudi\u00e8re, Le roi, l\u2019abb\u00e9 de Charroux, son prieur et les habitants de Pleaux \u00e0 la fin du XIIIe si\u00e8cle<br \/>\n&#8211; Ren\u00e9 Monboisse, Pleaux et ses coseigneurs<br \/>\n&#8211; Jean-Luc Bersagol, Pleaux et son territoire d&#8217;influence au XVIIIe si\u00e8cle<br \/>\n&#8211; Guilaine Pons, Mgr Pagis, un pleaudien paladin de Jeanne d\u2019Arc (1835-1908)<\/p>\n<p><strong>Cinqui\u00e8me partie \u2013 Identit\u00e9 et patrimoines<\/strong><br \/>\n&#8211; St\u00e9phane Valli\u00e8re, La physionomie de l&#8217;habitat en Xaintrie corr\u00e9zienne<br \/>\n&#8211; Michelle Valli\u00e8re, L&#8217;\u0153uvre sculpt\u00e9e d&#8217;\u00c9tienne Jean-Baptiste Peuch (1837-1913), de Jacques F\u00e9lix Ollier (1829-1915) et Antoine Ollier (1827-1890)<br \/>\n&#8211; Fr\u00e9d\u00e9ric Bianchi, \u00c9douard Bouy\u00e9, Une anthologie des archives sonores de la Xaintrie. R\u00e9cits de vie, contes et musique<br \/>\n&#8211; Denis Tillinac, En guise d\u2019exorde : \u00e0 chacun sa Xaintrie!<\/p>\n<p>&#8211; \u00c9douard Bouy\u00e9, Conclusions<\/p>\n","protected":false},"excerpt":{"rendered":"<p>\u00ab La Xaintrie, un pays (presque) imaginaire ! \u00bb. C\u2019est autour de cette manchette d\u00e9lib\u00e9r\u00e9ment provocatrice de Jean-Paul Kaufmann qu\u2019est n\u00e9 le projet d\u2019un colloque appel\u00e9 \u00e0 questionner l\u2019essence de cette entit\u00e9 de marge, fantaisie limousine d\u2019outre Dordogne en Auvergne, ou aventure auvergnate en Limousin. Plus qu\u2019un canton, moins qu\u2019une r\u00e9gion, Xaintrie, ou Saintrie, rime [&hellip;]<\/p>\n","protected":false},"featured_media":30022,"template":"","meta":{"_acf_changed":false,"_genesis_hide_title":false,"_genesis_hide_breadcrumbs":false,"_genesis_hide_singular_image":false,"_genesis_hide_footer_widgets":false,"_genesis_custom_body_class":"","_genesis_custom_post_class":"","_genesis_layout":""},"product_brand":[],"product_cat":[7153,7161,7159,7149,7133],"product_tag":[],"class_list":{"0":"post-30024","1":"product","2":"type-product","3":"status-publish","4":"has-post-thumbnail","6":"product_cat-geografia-oc","7":"product_cat-istoria-medievala-oc","8":"product_cat-istoria-moderna-e-contemporala-oc","9":"product_cat-istoria-geografia-oc","10":"product_cat-libres-oc","11":"pa_auteur-bouye-edouard-oc","12":"pa_auteur-collectiu-oc-2","13":"pa_auteur-gibiat-samuel-oc","14":"pa_editeur-pu-limoges-oc","15":"pa_langue-francais-oc","16":"entry","18":"first","19":"outofstock","20":"shipping-taxable","21":"purchasable","22":"product-type-simple"},"acf":[],"_links":{"self":[{"href":"https:\/\/www.libraria-occitana.org\/oc\/wp-json\/wp\/v2\/product\/30024","targetHints":{"allow":["GET"]}}],"collection":[{"href":"https:\/\/www.libraria-occitana.org\/oc\/wp-json\/wp\/v2\/product"}],"about":[{"href":"https:\/\/www.libraria-occitana.org\/oc\/wp-json\/wp\/v2\/types\/product"}],"wp:featuredmedia":[{"embeddable":true,"href":"https:\/\/www.libraria-occitana.org\/oc\/wp-json\/wp\/v2\/media\/30022"}],"wp:attachment":[{"href":"https:\/\/www.libraria-occitana.org\/oc\/wp-json\/wp\/v2\/media?parent=30024"}],"wp:term":[{"taxonomy":"product_brand","embeddable":true,"href":"https:\/\/www.libraria-occitana.org\/oc\/wp-json\/wp\/v2\/product_brand?post=30024"},{"taxonomy":"product_cat","embeddable":true,"href":"https:\/\/www.libraria-occitana.org\/oc\/wp-json\/wp\/v2\/product_cat?post=30024"},{"taxonomy":"product_tag","embeddable":true,"href":"https:\/\/www.libraria-occitana.org\/oc\/wp-json\/wp\/v2\/product_tag?post=30024"}],"curies":[{"name":"wp","href":"https:\/\/api.w.org\/{rel}","templated":true}]}}