{"id":30030,"date":"2014-09-25T19:23:26","date_gmt":"2014-09-25T17:23:26","guid":{"rendered":"http:\/\/www.libraria-occitana.org\/all-products\/les-chapitres-seculiers-et-leur-culture?lang=oc"},"modified":"2026-04-29T10:35:04","modified_gmt":"2026-04-29T08:35:04","slug":"les-chapitres-seculiers-et-leur-culture","status":"publish","type":"product","link":"https:\/\/www.libraria-occitana.org\/oc\/produch\/les-chapitres-seculiers-et-leur-culture\/","title":{"rendered":"Les chapitres s\u00e9culiers et leur culture"},"content":{"rendered":"<p>Cet ouvrage r\u00e9unit les Actes d\u2019un colloque qui s\u2019est tenu en trois sites diff\u00e9rents : Limoges, Saint-Yrieix-la-Perche et Poitiers. Comme pour la rencontre concernant l\u2019abbaye Saint-Martial de Limoges (PULIM, 2006), les m\u00e9di\u00e9vistes r\u00e9unis ont examin\u00e9 les diff\u00e9rentes facettes de l\u2019\u00e9tablissement install\u00e9 au c\u0153ur de la ville de Saint-Yrieix dans une perspective pluridisciplinaire : le contexte historique, l\u2019hagiographie, les clercs et leurs r\u00e9seaux, le potentiel arch\u00e9ologique, les vestiges monumentaux, les manuscrits, les enluminures, la musique\u2026<br \/>\nLes textes conserv\u00e9s offrent des aper\u00e7us exceptionnels sur le haut Moyen \u00c2ge, \u00e0 commencer par le c\u00e9l\u00e8bre testament du fondateur (ici \u00e9dit\u00e9 et traduit). Mais le statut canonial rend la communaut\u00e9 relativement difficile \u00e0 cerner, d\u2019autant que les sources m\u00e9di\u00e9vales consid\u00e8rent souvent de haut ces religieux du si\u00e8cle ou \u00ab s\u00e9culiers \u00bb. Cette question est aujourd\u2019hui en cours de renouvellement ; aussi l\u2019\u00e9tude monographique est-elle pr\u00e9c\u00e9d\u00e9e par des enqu\u00eates concernant plusieurs r\u00e9gions de l\u2019Occident m\u00e9di\u00e9val, de la Flandre \u00e0 l\u2019Espagne en passant par la Normandie et l\u2019Empire.<br \/>\n<em>In situ<\/em>, le caract\u00e8re monumental de la coll\u00e9giale et le renom de la <em>Bible de Saint-Yrieix<\/em>, riche de ses lettrines enlumin\u00e9es, ont suscit\u00e9 ou actualis\u00e9 les questionnements des historiens de l\u2019art. S\u2019ajoute \u00e0 ce kal\u00e9idoscope le manuscrit <em>Latin 903<\/em> (BnF) ou <em>Graduel de Saint-Yrieix<\/em>, bien connu des musicologues du monde entier, qui offre des compositions po\u00e9tiques, liturgiques et musicales d\u2019un grand int\u00e9r\u00eat pour la fin du XIe si\u00e8cle.<\/p>\n<p><strong>Sommaire :<\/strong><br \/>\n<strong>I &#8211; Le monde des chanoines<\/strong><br \/>\n&#8211; Les chanoines s\u00e9culiers : histoire et fonctions dans la soci\u00e9t\u00e9 (IXe-XIIe si\u00e8cle), Brigitte Meijins<br \/>\n&#8211; En terre b\u00e9n\u00e9dictine, les \u00e9tablissements de chanoines de la Normandie m\u00e9di\u00e9vale : gen\u00e8se et g\u00e9ographie des implantations, enjeux de pouvoir et lieux sacr\u00e9s, V\u00e9ronique Gazeau<br \/>\n&#8211; Vivre en communaut\u00e9 ? Les chanoines dans l\u2019Empire germanique (Xe-XIIe si\u00e8cle), Hubertus Seibert<br \/>\n&#8211; Les coll\u00e9giales dans l\u2019espace du dioc\u00e8se. Provinces eccl\u00e9siastiques d\u2019Aix, Arles et Embrun (XIIe-XIVe si\u00e8cle), Thierry P\u00e9cout<br \/>\n&#8211; Le chapitre de Saint-Sernin de Toulouse, Catherine Saint-Martin<br \/>\n&#8211; Modification de l\u2019architecture ou de sa fonction. Les b\u00e2timents des chanoines r\u00e9guliers dans les cath\u00e9drales espagnoles apr\u00e8s leur s\u00e9cularisation, Eduardo Carrero Santamaria<\/p>\n<p><strong>II &#8211; Le chapitre de Saint-Yrieix : de la fondation \u00e0 la ville<\/strong><br \/>\n&#8211; Le testament d\u2019Aredius, Philippe Depreux<br \/>\n&#8211; Aredius (Yrieix) et ses amis. R\u00e9flexions sur les r\u00e9seaux aristocratiques au VIe si\u00e8cle, Catherine Faure<br \/>\n&#8211; Les miracles de saint Yrieix, Edina Bozoky<br \/>\n&#8211; Le chapitre de Saint-Yrieix : une d\u00e9pendance martinienne en terre limousine, Anne Massoni<br \/>\n&#8211; \u00c0 propos du s\u00e9jour de Henri II en pleine reconstruction de la coll\u00e9giale de Saint-Yrieix, Jean-Pierre Thuillat<br \/>\n&#8211; Le testament de Bertrand Autier, chantre de Saint-Yrieix, oncle de Bernard Gui (1292), Jean-Loup Lemaitre<\/p>\n<p><strong>III &#8211; Entre histoire et arch\u00e9ologie<\/strong><br \/>\n&#8211; Des chanoines et des chevaliers : l\u2019enclos castral de Saint-Yrieix, Christian Remy<br \/>\n&#8211; Aux origines de Saint-Yrieix-la-Perche. Une approche arch\u00e9ologique du site, Romain Boisseau<br \/>\n&#8211; La ville antique et m\u00e9di\u00e9vale de Saint-Yrieix : apports r\u00e9cents de l\u2019arch\u00e9ologie et nouvelles pistes de recherches, Patrice Conte avec la collaboration de Julien Denis, Bernard Farago-Szeker\u00e8s, Christophe Maniquet, Henri Molet, Jacques Roger<br \/>\n&#8211; <em>Beate Aradie, virginis<\/em>, ou les origines de La Mothe-Saint-H\u00e9ray (Deux-S\u00e8vres), Luc Bourgeois<\/p>\n<p><strong>IV &#8211; La coll\u00e9giale de Saint-Yrieix<\/strong><br \/>\n&#8211; Les \u2018belles formes et la hardiesse de la structure\u2019 de la coll\u00e9giale : questions d\u2019arch\u00e9ologie monumentale, Claude Andrault-Schmitt<br \/>\n&#8211; L\u2019abside gothique de la coll\u00e9giale de Saint-Yrieix, Xavier Lhermite<br \/>\n&#8211; Savoir-faire technique et pratique de l&#8217;\u00e9crit : les signes lapidaires de Saint-Yrieix, Vincent Debiais<br \/>\n&#8211; La <em>Maiestas Domini<\/em> de la fa\u00e7ade m\u00e9ridionale, Marcello Angheben, Vincent Debiais<br \/>\n&#8211; Reliquaires et orf\u00e8vrerie au Moustier de Saint-Yrieix, Jean-Fran\u00e7ois Boyer<\/p>\n<p><strong>V &#8211; Les manuscrits : enluminure, musique et po\u00e9sie<\/strong><br \/>\n&#8211; La Bible de Saint-Yrieix et le Peintre du Sacramentaire de Saint-\u00c9tienne de Limoges, Marianne Besseyre, Eric Sparhubert<br \/>\n&#8211; La Bible de Saint-Yrieix et la sculpture romane en Limousin, \u00c9velyne Proust<br \/>\n&#8211; Le graduel de Saint-Yrieix (Biblioth\u00e8que nationale de France, ms. latin 903), Christelle Cazeaux-Kowalski<br \/>\n&#8211; Les prosules et les proses du graduel de Saint-Yrieix, XIe si\u00e8cle (Paris, BnF, latin 903), Marie-No\u00ebl Colette<br \/>\n&#8211; Le r\u00e9pertoire de tropes du graduel de Saint-Yrieix (xie si\u00e8cle), Gunilla Iverse<\/p>\n<p><strong>Conclusions<\/strong><br \/>\n&#8211; D\u2019<em>Attanum<\/em> \u00e0 Saint-Yrieix : petite histoire d\u2019une communaut\u00e9 religieuse (presque) ordinaire, C\u00e9cile Treffort<\/p>\n","protected":false},"excerpt":{"rendered":"<p>Cet ouvrage r\u00e9unit les Actes d\u2019un colloque qui s\u2019est tenu en trois sites diff\u00e9rents : Limoges, Saint-Yrieix-la-Perche et Poitiers. Comme pour la rencontre concernant l\u2019abbaye Saint-Martial de Limoges (PULIM, 2006), les m\u00e9di\u00e9vistes r\u00e9unis ont examin\u00e9 les diff\u00e9rentes facettes de l\u2019\u00e9tablissement install\u00e9 au c\u0153ur de la ville de Saint-Yrieix dans une perspective pluridisciplinaire : le contexte [&hellip;]<\/p>\n","protected":false},"featured_media":30028,"template":"","meta":{"_acf_changed":false,"_genesis_hide_title":false,"_genesis_hide_breadcrumbs":false,"_genesis_hide_singular_image":false,"_genesis_hide_footer_widgets":false,"_genesis_custom_body_class":"","_genesis_custom_post_class":"","_genesis_layout":""},"product_brand":[],"product_cat":[7161,7149,7133],"product_tag":[],"class_list":{"0":"post-30030","1":"product","2":"type-product","3":"status-publish","4":"has-post-thumbnail","6":"product_cat-istoria-medievala-oc","7":"product_cat-istoria-geografia-oc","8":"product_cat-libres-oc","9":"pa_auteur-collectiu-oc-2","10":"pa_auteur-depreux-claude-oc","11":"pa_editeur-pu-limoges-oc","12":"pa_langue-francais-oc","13":"entry","15":"first","16":"outofstock","17":"shipping-taxable","18":"purchasable","19":"product-type-simple"},"acf":[],"_links":{"self":[{"href":"https:\/\/www.libraria-occitana.org\/oc\/wp-json\/wp\/v2\/product\/30030","targetHints":{"allow":["GET"]}}],"collection":[{"href":"https:\/\/www.libraria-occitana.org\/oc\/wp-json\/wp\/v2\/product"}],"about":[{"href":"https:\/\/www.libraria-occitana.org\/oc\/wp-json\/wp\/v2\/types\/product"}],"wp:featuredmedia":[{"embeddable":true,"href":"https:\/\/www.libraria-occitana.org\/oc\/wp-json\/wp\/v2\/media\/30028"}],"wp:attachment":[{"href":"https:\/\/www.libraria-occitana.org\/oc\/wp-json\/wp\/v2\/media?parent=30030"}],"wp:term":[{"taxonomy":"product_brand","embeddable":true,"href":"https:\/\/www.libraria-occitana.org\/oc\/wp-json\/wp\/v2\/product_brand?post=30030"},{"taxonomy":"product_cat","embeddable":true,"href":"https:\/\/www.libraria-occitana.org\/oc\/wp-json\/wp\/v2\/product_cat?post=30030"},{"taxonomy":"product_tag","embeddable":true,"href":"https:\/\/www.libraria-occitana.org\/oc\/wp-json\/wp\/v2\/product_tag?post=30030"}],"curies":[{"name":"wp","href":"https:\/\/api.w.org\/{rel}","templated":true}]}}