{"id":30058,"date":"2016-03-26T17:46:11","date_gmt":"2016-03-26T16:46:11","guid":{"rendered":"http:\/\/www.libraria-occitana.org\/all-products\/cants-polifonics-a-dancar?lang=oc"},"modified":"2026-04-03T01:41:58","modified_gmt":"2026-04-02T23:41:58","slug":"cants-polifonics-a-dancar","status":"publish","type":"product","link":"https:\/\/www.libraria-occitana.org\/oc\/produch\/cants-polifonics-a-dancar\/","title":{"rendered":"Cants polifonics a dan\u00e7ar"},"content":{"rendered":"<p><strong>Lolita Delmonteil-Ayral, Lila Fraysse, Caroline Dufau :<\/strong> voix, percussions<\/p>\n<p>Trois voix, trois personnalit\u00e9s, des percussions, des chants populaires occitans, et zou ! Avec Toulouse comme point de rencontre et la langue occitane comme terrain de jeu vocal, <em>las filhas de Cocanha<\/em> font sonner en ch\u0153ur les r\u00e9pertoires pyr\u00e9n\u00e9ens, gascons, languedociens. Le son est brut, g\u00e9n\u00e9reux, sinc\u00e8re. Un girls band occitan pour un concert \u00e0 danser ou un bal qui s\u2019\u00e9coute tout en \u00e9l\u00e9gance, humour et caract\u00e8re.<\/p>\n<p><strong>Titres :<\/strong><br \/>\n1. Aval lo long de l&#8217;aiga 2&#8217;47<br \/>\n2. Passat deman 2&#8217;59<br \/>\n3. Anueit toqueram 3&#8217;11<br \/>\n4. Zinga Zanga 2&#8217;45<br \/>\n5. Al pont de Mirab\u00e8l 2&#8217;45<\/p>\n<p>&nbsp;<\/p>\n","protected":false},"excerpt":{"rendered":"<p>Lolita Delmonteil-Ayral, Lila Fraysse, Caroline Dufau : voix, percussions Trois voix, trois personnalit\u00e9s, des percussions, des chants populaires occitans, et zou ! Avec Toulouse comme point de rencontre et la langue occitane comme terrain de jeu vocal, las filhas de Cocanha font sonner en ch\u0153ur les r\u00e9pertoires pyr\u00e9n\u00e9ens, gascons, languedociens. Le son est brut, g\u00e9n\u00e9reux, [&hellip;]<\/p>\n","protected":false},"featured_media":30056,"template":"","meta":{"_acf_changed":false,"_genesis_hide_title":false,"_genesis_hide_breadcrumbs":false,"_genesis_hide_singular_image":false,"_genesis_hide_footer_widgets":false,"_genesis_custom_body_class":"","_genesis_custom_post_class":"","_genesis_layout":""},"product_brand":[],"product_cat":[16683,7231],"product_tag":[],"class_list":{"0":"post-30058","1":"product","2":"type-product","3":"status-publish","4":"has-post-thumbnail","6":"product_cat-musica-oc","7":"product_cat-polifonias-oc","8":"pa_auteur-cocanha-oc","9":"pa_langue-occitan-oc","10":"pa_langue-occitan-gascon-oc","11":"pa_langue-occitan-lengadocian-oc","12":"entry","14":"first","15":"outofstock","16":"shipping-taxable","17":"purchasable","18":"product-type-simple"},"acf":[],"_links":{"self":[{"href":"https:\/\/www.libraria-occitana.org\/oc\/wp-json\/wp\/v2\/product\/30058","targetHints":{"allow":["GET"]}}],"collection":[{"href":"https:\/\/www.libraria-occitana.org\/oc\/wp-json\/wp\/v2\/product"}],"about":[{"href":"https:\/\/www.libraria-occitana.org\/oc\/wp-json\/wp\/v2\/types\/product"}],"wp:featuredmedia":[{"embeddable":true,"href":"https:\/\/www.libraria-occitana.org\/oc\/wp-json\/wp\/v2\/media\/30056"}],"wp:attachment":[{"href":"https:\/\/www.libraria-occitana.org\/oc\/wp-json\/wp\/v2\/media?parent=30058"}],"wp:term":[{"taxonomy":"product_brand","embeddable":true,"href":"https:\/\/www.libraria-occitana.org\/oc\/wp-json\/wp\/v2\/product_brand?post=30058"},{"taxonomy":"product_cat","embeddable":true,"href":"https:\/\/www.libraria-occitana.org\/oc\/wp-json\/wp\/v2\/product_cat?post=30058"},{"taxonomy":"product_tag","embeddable":true,"href":"https:\/\/www.libraria-occitana.org\/oc\/wp-json\/wp\/v2\/product_tag?post=30058"}],"curies":[{"name":"wp","href":"https:\/\/api.w.org\/{rel}","templated":true}]}}