{"id":30116,"date":"2009-01-03T17:09:29","date_gmt":"2009-01-03T16:09:29","guid":{"rendered":"http:\/\/www.libraria-occitana.org\/all-products\/jouets-dautrefois-lo-pichon-esquirol?lang=oc"},"modified":"2026-04-29T11:04:37","modified_gmt":"2026-04-29T09:04:37","slug":"jouets-dautrefois-lo-pichon-esquirol","status":"publish","type":"product","link":"https:\/\/www.libraria-occitana.org\/oc\/produch\/jouets-dautrefois-lo-pichon-esquirol\/","title":{"rendered":"Jouets d&#8217;autrefois : Lo pichon esquir\u00f2l"},"content":{"rendered":"<p>Daniel Descomps est un passionn\u00e9 de cette culture populaire dans laquelle il a lui-m\u00eame tremp\u00e9, tout enfant, en Corr\u00e8ze. Il pr\u00e9sente ici 83 nouveaux jouets \u00e0 fabriquer \u00e0 partir des glanes du petit \u00e9cureuil &#8211; <em>lo pichon esquir\u00f2l<\/em> &#8211; inspir\u00e9s de la tradition occitane, mais aussi africaine, slave ou hispanique. Quel charme dans ces jouets faits avec ce que la nature nous offre au fil des saisons et quelques mat\u00e9riaux de r\u00e9cup\u00e9ration !<\/p>\n<p>Tout pour que, dans l&#8217;intimit\u00e9 de la nature, vos petits \u00e9cureuils apprennent \u00e0 partager les savoirs des anciens, \u00e0 d\u00e9velopper l&#8217;agilit\u00e9 de leurs doigts, \u00e0 d\u00e9couvrir des ph\u00e9nom\u00e8nes physiques mais aussi \u00e0 chanter la comptine magique dans la langue de leur pays ! Tout pour grandir&#8230;<\/p>\n<p>Texte bilingue fran\u00e7ais-occitan avec croquis explicatifs.<\/p>\n","protected":false},"excerpt":{"rendered":"<p>Daniel Descomps est un passionn\u00e9 de cette culture populaire dans laquelle il a lui-m\u00eame tremp\u00e9, tout enfant, en Corr\u00e8ze. Il pr\u00e9sente ici 83 nouveaux jouets \u00e0 fabriquer \u00e0 partir des glanes du petit \u00e9cureuil &#8211; lo pichon esquir\u00f2l &#8211; inspir\u00e9s de la tradition occitane, mais aussi africaine, slave ou hispanique. Quel charme dans ces jouets [&hellip;]<\/p>\n","protected":false},"featured_media":30108,"template":"","meta":{"_acf_changed":false,"_genesis_hide_title":false,"_genesis_hide_breadcrumbs":false,"_genesis_hide_singular_image":false,"_genesis_hide_footer_widgets":false,"_genesis_custom_body_class":"","_genesis_custom_post_class":"","_genesis_layout":""},"product_brand":[],"product_cat":[7171,7165,7133,7213,7207],"product_tag":[],"class_list":{"0":"post-30116","1":"product","2":"type-product","3":"status-publish","4":"has-post-thumbnail","6":"product_cat-drolles-oc","7":"product_cat-jounessa-bd-umor","8":"product_cat-libres-oc","9":"product_cat-metiers-saubre-far-oc","10":"product_cat-tradicions-patrimoni-oc","11":"pa_auteur-descomps-daniel-oc","12":"pa_editeur-lostal-del-libre-oc","13":"pa_illustrateur-giacomo-bernat-oc","14":"pa_langue-occitan-lengadocian-oc","15":"pa_langue-occitan-francais-oc","16":"entry","18":"first","19":"instock","20":"shipping-taxable","21":"purchasable","22":"product-type-simple"},"acf":[],"_links":{"self":[{"href":"https:\/\/www.libraria-occitana.org\/oc\/wp-json\/wp\/v2\/product\/30116","targetHints":{"allow":["GET"]}}],"collection":[{"href":"https:\/\/www.libraria-occitana.org\/oc\/wp-json\/wp\/v2\/product"}],"about":[{"href":"https:\/\/www.libraria-occitana.org\/oc\/wp-json\/wp\/v2\/types\/product"}],"wp:featuredmedia":[{"embeddable":true,"href":"https:\/\/www.libraria-occitana.org\/oc\/wp-json\/wp\/v2\/media\/30108"}],"wp:attachment":[{"href":"https:\/\/www.libraria-occitana.org\/oc\/wp-json\/wp\/v2\/media?parent=30116"}],"wp:term":[{"taxonomy":"product_brand","embeddable":true,"href":"https:\/\/www.libraria-occitana.org\/oc\/wp-json\/wp\/v2\/product_brand?post=30116"},{"taxonomy":"product_cat","embeddable":true,"href":"https:\/\/www.libraria-occitana.org\/oc\/wp-json\/wp\/v2\/product_cat?post=30116"},{"taxonomy":"product_tag","embeddable":true,"href":"https:\/\/www.libraria-occitana.org\/oc\/wp-json\/wp\/v2\/product_tag?post=30116"}],"curies":[{"name":"wp","href":"https:\/\/api.w.org\/{rel}","templated":true}]}}