{"id":30120,"date":"2010-05-03T17:27:08","date_gmt":"2010-05-03T16:27:08","guid":{"rendered":"http:\/\/www.libraria-occitana.org\/all-products\/jouets-de-toujours-per-far-lo-boissonier?lang=oc"},"modified":"2026-04-16T23:41:16","modified_gmt":"2026-04-16T21:41:16","slug":"jouets-de-toujours-per-far-lo-boissonier","status":"publish","type":"product","link":"https:\/\/www.libraria-occitana.org\/oc\/produch\/jouets-de-toujours-per-far-lo-boissonier\/","title":{"rendered":"Jouets de toujours : Per far lo boissonier"},"content":{"rendered":"<p>Le succ\u00e8s des livres de Daniel Descomps autour des jouets rustiques a montr\u00e9 l&#8217;int\u00e9r\u00eat des savoir-faire traditionnels et leur actualit\u00e9. Dans un monde utilitaire, en qu\u00eate de sens pour nous-m\u00eames et pour nos enfants, ces livres nous aident \u00e0 leur mani\u00e8re : ils nous d\u00e9voilent les traces d&#8217;une humanit\u00e9 tr\u00e8s ancienne, celle qui con\u00e7ut ces jouets de toujours&#8230; Des hommes qui, pour apprivoiser leurs peurs, \u00e0 l&#8217;aide de feuilles, de bouts de bois, de coquilles, de fruits et de graines, ont d\u00e9couvert que l&#8217;Homme, lui aussi, peut jouer avec le feu, l&#8217;eau, la terre et le vent, et se jouer des \u00e9l\u00e9ments.<\/p>\n<p>Passionn\u00e9 de cette culture populaire dans laquelle il a lui-m\u00eame tremp\u00e9, tout enfant, en Corr\u00e8ze, Daniel Descomps ach\u00e8ve avec cet ouvrage sa trilogie consacr\u00e9e aux jouets populaires. Quatre vint six nouveaux jouets \u00e0 fabriquer soi-m\u00eame et en famille, avec trois fois rien&#8230; Et de l&#8217;astuce !<\/p>\n<p>Texte bilingue fran\u00e7ais-occitan avec croquis explicatifs.<\/p>\n","protected":false},"excerpt":{"rendered":"<p>Le succ\u00e8s des livres de Daniel Descomps autour des jouets rustiques a montr\u00e9 l&#8217;int\u00e9r\u00eat des savoir-faire traditionnels et leur actualit\u00e9. Dans un monde utilitaire, en qu\u00eate de sens pour nous-m\u00eames et pour nos enfants, ces livres nous aident \u00e0 leur mani\u00e8re : ils nous d\u00e9voilent les traces d&#8217;une humanit\u00e9 tr\u00e8s ancienne, celle qui con\u00e7ut ces [&hellip;]<\/p>\n","protected":false},"featured_media":30114,"template":"","meta":{"_acf_changed":false,"_genesis_hide_title":false,"_genesis_hide_breadcrumbs":false,"_genesis_hide_singular_image":false,"_genesis_hide_footer_widgets":false,"_genesis_custom_body_class":"","_genesis_custom_post_class":"","_genesis_layout":""},"product_brand":[],"product_cat":[7171,7165,7133,7213,7207],"product_tag":[],"class_list":{"0":"post-30120","1":"product","2":"type-product","3":"status-publish","4":"has-post-thumbnail","6":"product_cat-drolles-oc","7":"product_cat-jounessa-bd-umor","8":"product_cat-libres-oc","9":"product_cat-metiers-saubre-far-oc","10":"product_cat-tradicions-patrimoni-oc","11":"pa_auteur-descomps-daniel-oc","12":"pa_editeur-lostal-del-libre-oc","13":"pa_illustrateur-giacomo-bernat-oc","14":"pa_langue-occitan-lengadocian-oc","15":"pa_langue-occitan-francais-oc","16":"entry","18":"first","19":"instock","20":"shipping-taxable","21":"purchasable","22":"product-type-simple"},"acf":[],"_links":{"self":[{"href":"https:\/\/www.libraria-occitana.org\/oc\/wp-json\/wp\/v2\/product\/30120","targetHints":{"allow":["GET"]}}],"collection":[{"href":"https:\/\/www.libraria-occitana.org\/oc\/wp-json\/wp\/v2\/product"}],"about":[{"href":"https:\/\/www.libraria-occitana.org\/oc\/wp-json\/wp\/v2\/types\/product"}],"wp:featuredmedia":[{"embeddable":true,"href":"https:\/\/www.libraria-occitana.org\/oc\/wp-json\/wp\/v2\/media\/30114"}],"wp:attachment":[{"href":"https:\/\/www.libraria-occitana.org\/oc\/wp-json\/wp\/v2\/media?parent=30120"}],"wp:term":[{"taxonomy":"product_brand","embeddable":true,"href":"https:\/\/www.libraria-occitana.org\/oc\/wp-json\/wp\/v2\/product_brand?post=30120"},{"taxonomy":"product_cat","embeddable":true,"href":"https:\/\/www.libraria-occitana.org\/oc\/wp-json\/wp\/v2\/product_cat?post=30120"},{"taxonomy":"product_tag","embeddable":true,"href":"https:\/\/www.libraria-occitana.org\/oc\/wp-json\/wp\/v2\/product_tag?post=30120"}],"curies":[{"name":"wp","href":"https:\/\/api.w.org\/{rel}","templated":true}]}}