{"id":30125,"date":"2014-07-03T17:38:19","date_gmt":"2014-07-03T16:38:19","guid":{"rendered":"http:\/\/www.libraria-occitana.org\/all-products\/rabia-e-poesia-en-concert?lang=oc"},"modified":"2026-04-29T05:11:19","modified_gmt":"2026-04-29T03:11:19","slug":"rabia-e-poesia-en-concert","status":"publish","type":"product","link":"https:\/\/www.libraria-occitana.org\/oc\/produch\/rabia-e-poesia-en-concert\/","title":{"rendered":"R\u00e0bia e Po\u00ebsia : En concert !"},"content":{"rendered":"<p>Enregistr\u00e9 en concert en avril 2014 : 17 titres dont 12 in\u00e9dits.<\/p>\n<p>Dans un esprit de f\u00eate et de revendications, Goulamas&#8217;k d\u00e9livre une musique \u00e0 l&#8217;\u00e9nergie d\u00e9vastatrice et contagieuse.<br \/>\nGoulamas&#8217;k reste proche de ses influences originelles : un ska punk cuivr\u00e9, des chants en fran\u00e7ais, occitan, des ch\u0153urs puissants &#8230; mais le groupe continue son exploration d&#8217;un punk rock sauvage se m\u00e9langeant aux musiques traditionnelles et ponctu\u00e9 de passages reggae, dub, ragga \u2026<br \/>\nGoulamas&#8217;k nous a habitu\u00e9, \u00e0 chaque nouvel album, \u00e0 la pr\u00e9sence de nouveaux instruments (grailhe catalane, accord\u00e9on, sac de gemecs, &#8230;).<br \/>\n<em>R\u00e0bia e Po\u00ebsia<\/em> ne d\u00e9roge pas \u00e0 la r\u00e8gle avec l&#8217;apparition du bouzouki et de la vielle \u00e0 manche.<br \/>\nLa rage et la po\u00e9sie sont omnipr\u00e9sentes avec des textes qui alternent cri de r\u00e9volte et l\u00e9g\u00e8ret\u00e9.<\/p>\n<p><strong>Titres :<\/strong><br \/>\n1. Entrada<br \/>\n2. Promesses<br \/>\n3. Lo Panais<br \/>\n4. Dans ma main<br \/>\n5. Am\u00e8ne ta bouteille<br \/>\n6. Accule<br \/>\n7. Miseria<br \/>\n8. Attila Dream<br \/>\n9. R\u00e0bia e Po\u00ebsia<br \/>\n10. Se Canta<br \/>\n11. Drap\u00e8u<br \/>\n12. Mon Pais<br \/>\n13. Pauvre de toi<br \/>\n14. Doblida-me<br \/>\n15. Bella Ciao<br \/>\n16. Lo Conscrit del Lengadoc<br \/>\n17. La Folie<br \/>\n18. Va Mal<br \/>\n19. Avem Ganhat<\/p>\n","protected":false},"excerpt":{"rendered":"<p>Enregistr\u00e9 en concert en avril 2014 : 17 titres dont 12 in\u00e9dits. Dans un esprit de f\u00eate et de revendications, Goulamas&#8217;k d\u00e9livre une musique \u00e0 l&#8217;\u00e9nergie d\u00e9vastatrice et contagieuse. Goulamas&#8217;k reste proche de ses influences originelles : un ska punk cuivr\u00e9, des chants en fran\u00e7ais, occitan, des ch\u0153urs puissants &#8230; mais le groupe continue son [&hellip;]<\/p>\n","protected":false},"featured_media":30123,"template":"","meta":{"_acf_changed":false,"_genesis_hide_title":false,"_genesis_hide_breadcrumbs":false,"_genesis_hide_singular_image":false,"_genesis_hide_footer_widgets":false,"_genesis_custom_body_class":"","_genesis_custom_post_class":"","_genesis_layout":""},"product_brand":[],"product_cat":[7235,16683],"product_tag":[],"class_list":{"0":"post-30125","1":"product","2":"type-product","3":"status-publish","4":"has-post-thumbnail","6":"product_cat-eska-reggae-dub-oc","7":"product_cat-musica-oc","8":"pa_auteur-goulamask-oc","9":"pa_editeur-brennus-music-oc","10":"pa_langue-francais-oc","11":"pa_langue-occitan-oc","12":"pa_langue-occitan-lengadocian-oc","13":"entry","15":"first","16":"instock","17":"shipping-taxable","18":"purchasable","19":"product-type-simple"},"acf":[],"_links":{"self":[{"href":"https:\/\/www.libraria-occitana.org\/oc\/wp-json\/wp\/v2\/product\/30125","targetHints":{"allow":["GET"]}}],"collection":[{"href":"https:\/\/www.libraria-occitana.org\/oc\/wp-json\/wp\/v2\/product"}],"about":[{"href":"https:\/\/www.libraria-occitana.org\/oc\/wp-json\/wp\/v2\/types\/product"}],"wp:featuredmedia":[{"embeddable":true,"href":"https:\/\/www.libraria-occitana.org\/oc\/wp-json\/wp\/v2\/media\/30123"}],"wp:attachment":[{"href":"https:\/\/www.libraria-occitana.org\/oc\/wp-json\/wp\/v2\/media?parent=30125"}],"wp:term":[{"taxonomy":"product_brand","embeddable":true,"href":"https:\/\/www.libraria-occitana.org\/oc\/wp-json\/wp\/v2\/product_brand?post=30125"},{"taxonomy":"product_cat","embeddable":true,"href":"https:\/\/www.libraria-occitana.org\/oc\/wp-json\/wp\/v2\/product_cat?post=30125"},{"taxonomy":"product_tag","embeddable":true,"href":"https:\/\/www.libraria-occitana.org\/oc\/wp-json\/wp\/v2\/product_tag?post=30125"}],"curies":[{"name":"wp","href":"https:\/\/api.w.org\/{rel}","templated":true}]}}