{"id":30131,"date":"2013-02-04T10:10:44","date_gmt":"2013-02-04T09:10:44","guid":{"rendered":"http:\/\/www.libraria-occitana.org\/all-products\/dangerosa?lang=oc"},"modified":"2026-04-29T05:11:22","modified_gmt":"2026-04-29T03:11:22","slug":"dangerosa","status":"publish","type":"product","link":"https:\/\/www.libraria-occitana.org\/oc\/produch\/dangerosa\/","title":{"rendered":"Dangerosa"},"content":{"rendered":"<p><em>Dangerosa<\/em> est le 3\u00e8me album de Sonoloco. Ce nouvel opus du combo aquitain distille un Rock surpuissant teint\u00e9 de Heavy Metal et de quelques relents Punk naus\u00e9abonds. Cet album contient \u00e9galement plus de 30 photos in\u00e9dites, des vid\u00e9os, le <em>making of<\/em> de l&#8217;enregistrement studio et des sites navigables en \u00ab R\u00e9alit\u00e9 Augment\u00e9e \u00bb consultables gr\u00e2ce \u00e0 l&#8217;application gratuite Layar&#x2122; sur votre smartphone ou tablette.<\/p>\n<p><strong>Titres :<\/strong><br \/>\n1. Intro 1&#8217;24<br \/>\n2. Mesfia Te 5&#8217;25<br \/>\n3. Les Montagnes Hallucin\u00e9es 3&#8217;56<br \/>\n4. La Rentela 3&#8217;04<br \/>\n5. Dieu 4&#8217;34<br \/>\n6. Dangerosa 4&#8217;04<br \/>\n7. Occitania 5&#8217;11<br \/>\n8. Lo Gascon 4&#8217;25<br \/>\n9. Les Bombes 3&#8217;25<br \/>\n10. Occitan Warriors 2&#8217;40<br \/>\n11. Outsiders 3&#8217;14<br \/>\n12. Lo Leberon 3&#8217;47<br \/>\n13. Outro 2&#8217;49<\/p>\n","protected":false},"excerpt":{"rendered":"<p>Dangerosa est le 3\u00e8me album de Sonoloco. Ce nouvel opus du combo aquitain distille un Rock surpuissant teint\u00e9 de Heavy Metal et de quelques relents Punk naus\u00e9abonds. Cet album contient \u00e9galement plus de 30 photos in\u00e9dites, des vid\u00e9os, le making of de l&#8217;enregistrement studio et des sites navigables en \u00ab R\u00e9alit\u00e9 Augment\u00e9e \u00bb consultables gr\u00e2ce [&hellip;]<\/p>\n","protected":false},"featured_media":30129,"template":"","meta":{"_acf_changed":false,"_genesis_hide_title":false,"_genesis_hide_breadcrumbs":false,"_genesis_hide_singular_image":false,"_genesis_hide_footer_widgets":false,"_genesis_custom_body_class":"","_genesis_custom_post_class":"","_genesis_layout":""},"product_brand":[],"product_cat":[16683,7233],"product_tag":[],"class_list":{"0":"post-30131","1":"product","2":"type-product","3":"status-publish","4":"has-post-thumbnail","6":"product_cat-musica-oc","7":"product_cat-roc-pop-oc","8":"pa_auteur-sonoloco-oc","9":"pa_editeur-doc-prod-oc","10":"pa_langue-autras-lingas-oc","11":"pa_langue-francais-oc","12":"pa_langue-occitan-oc","13":"pa_langue-occitan-lemosin-oc","14":"entry","16":"first","17":"instock","18":"shipping-taxable","19":"purchasable","20":"product-type-simple"},"acf":[],"_links":{"self":[{"href":"https:\/\/www.libraria-occitana.org\/oc\/wp-json\/wp\/v2\/product\/30131","targetHints":{"allow":["GET"]}}],"collection":[{"href":"https:\/\/www.libraria-occitana.org\/oc\/wp-json\/wp\/v2\/product"}],"about":[{"href":"https:\/\/www.libraria-occitana.org\/oc\/wp-json\/wp\/v2\/types\/product"}],"wp:featuredmedia":[{"embeddable":true,"href":"https:\/\/www.libraria-occitana.org\/oc\/wp-json\/wp\/v2\/media\/30129"}],"wp:attachment":[{"href":"https:\/\/www.libraria-occitana.org\/oc\/wp-json\/wp\/v2\/media?parent=30131"}],"wp:term":[{"taxonomy":"product_brand","embeddable":true,"href":"https:\/\/www.libraria-occitana.org\/oc\/wp-json\/wp\/v2\/product_brand?post=30131"},{"taxonomy":"product_cat","embeddable":true,"href":"https:\/\/www.libraria-occitana.org\/oc\/wp-json\/wp\/v2\/product_cat?post=30131"},{"taxonomy":"product_tag","embeddable":true,"href":"https:\/\/www.libraria-occitana.org\/oc\/wp-json\/wp\/v2\/product_tag?post=30131"}],"curies":[{"name":"wp","href":"https:\/\/api.w.org\/{rel}","templated":true}]}}