{"id":30151,"date":"2014-05-05T14:49:49","date_gmt":"2014-05-05T13:49:49","guid":{"rendered":"http:\/\/www.libraria-occitana.org\/all-products\/la-peira-negra?lang=oc"},"modified":"2026-04-29T05:41:24","modified_gmt":"2026-04-29T03:41:24","slug":"la-peira-negra","status":"publish","type":"product","link":"https:\/\/www.libraria-occitana.org\/oc\/produch\/la-peira-negra\/","title":{"rendered":"La P\u00e8ira negra"},"content":{"rendered":"<p><strong>Patrick Lafforgue :<\/strong> voix, vielle \u00e0 roue, instruments \u00e0 vent<br \/>\n<strong>Patrice Roques :<\/strong> instruments \u00e0 cordes, ch\u0153urs<br \/>\n<strong>Florant Mercadier dit \u00ab Sarg \u00bb :<\/strong> guitare, ch\u0153urs, cornemuses<br \/>\n<strong>Yan Arexis :<\/strong> percussions, pad sample<br \/>\n<strong>Samuel Meric :<\/strong> fl\u00fbtes, bouzouki<\/p>\n<p>Du \u00ab folk metal \u00bb m\u00ealant les influences m\u00e9di\u00e9vales, celtiques et occitanes \u00e0 des sons plus modernes, et les instruments tr\u00e8s divers. Originaire des Pyr\u00e9n\u00e9es, le groupe est tr\u00e8s influenc\u00e9 par le patrimoine l\u00e9gendaire et occulte de sa r\u00e9gion natale pour les paroles de ses chansons. La sorcellerie est notamment le th\u00e8me central de plusieurs de ses albums.<\/p>\n<p><strong>Titres :<\/strong><br \/>\n1. Dementis Maudi\u00e7on 5&#8217;18<br \/>\n2. Sous l&#8217;oeil de la lune 5&#8217;37<br \/>\n3. L&#8217;\u00e9veil du spectre 4&#8217;33<br \/>\n4. La P\u00e8ira Negra 5&#8217;07<br \/>\n5. La litanie du p\u00e9trifi\u00e9 5&#8217;19<br \/>\n6. La For\u00eat Gorgone 4&#8217;04<br \/>\n7. Heaume de lichen 5&#8217;41<br \/>\n8. En occulz 6&#8217;14<br \/>\n9. Come to the Sabbath 7&#8217;30<\/p>\n","protected":false},"excerpt":{"rendered":"<p>Patrick Lafforgue : voix, vielle \u00e0 roue, instruments \u00e0 vent Patrice Roques : instruments \u00e0 cordes, ch\u0153urs Florant Mercadier dit \u00ab Sarg \u00bb : guitare, ch\u0153urs, cornemuses Yan Arexis : percussions, pad sample Samuel Meric : fl\u00fbtes, bouzouki Du \u00ab folk metal \u00bb m\u00ealant les influences m\u00e9di\u00e9vales, celtiques et occitanes \u00e0 des sons plus modernes, [&hellip;]<\/p>\n","protected":false},"featured_media":30149,"template":"","meta":{"_acf_changed":false,"_genesis_hide_title":false,"_genesis_hide_breadcrumbs":false,"_genesis_hide_singular_image":false,"_genesis_hide_footer_widgets":false,"_genesis_custom_body_class":"","_genesis_custom_post_class":"","_genesis_layout":""},"product_brand":[],"product_cat":[16683,7233],"product_tag":[],"class_list":{"0":"post-30151","1":"product","2":"type-product","3":"status-publish","4":"has-post-thumbnail","6":"product_cat-musica-oc","7":"product_cat-roc-pop-oc","8":"pa_auteur-stille-volk-oc","9":"pa_langue-francais-oc","10":"pa_langue-occitan-oc","11":"pa_langue-occitan-gascon-oc","12":"entry","14":"first","15":"instock","16":"shipping-taxable","17":"purchasable","18":"product-type-simple"},"acf":[],"_links":{"self":[{"href":"https:\/\/www.libraria-occitana.org\/oc\/wp-json\/wp\/v2\/product\/30151","targetHints":{"allow":["GET"]}}],"collection":[{"href":"https:\/\/www.libraria-occitana.org\/oc\/wp-json\/wp\/v2\/product"}],"about":[{"href":"https:\/\/www.libraria-occitana.org\/oc\/wp-json\/wp\/v2\/types\/product"}],"wp:featuredmedia":[{"embeddable":true,"href":"https:\/\/www.libraria-occitana.org\/oc\/wp-json\/wp\/v2\/media\/30149"}],"wp:attachment":[{"href":"https:\/\/www.libraria-occitana.org\/oc\/wp-json\/wp\/v2\/media?parent=30151"}],"wp:term":[{"taxonomy":"product_brand","embeddable":true,"href":"https:\/\/www.libraria-occitana.org\/oc\/wp-json\/wp\/v2\/product_brand?post=30151"},{"taxonomy":"product_cat","embeddable":true,"href":"https:\/\/www.libraria-occitana.org\/oc\/wp-json\/wp\/v2\/product_cat?post=30151"},{"taxonomy":"product_tag","embeddable":true,"href":"https:\/\/www.libraria-occitana.org\/oc\/wp-json\/wp\/v2\/product_tag?post=30151"}],"curies":[{"name":"wp","href":"https:\/\/api.w.org\/{rel}","templated":true}]}}