{"id":30160,"date":"2009-03-05T18:18:49","date_gmt":"2009-03-05T17:18:49","guid":{"rendered":"http:\/\/www.libraria-occitana.org\/all-products\/nueit-de-sabbat?lang=oc"},"modified":"2026-04-10T05:01:14","modified_gmt":"2026-04-10T03:01:14","slug":"nueit-de-sabbat","status":"publish","type":"product","link":"https:\/\/www.libraria-occitana.org\/oc\/produch\/nueit-de-sabbat\/","title":{"rendered":"Nueit de Sabbat"},"content":{"rendered":"<p><strong>Patrick Lafforgue :<\/strong> voix, vielle \u00e0 roue, instruments \u00e0 vent<br \/>\n<strong>Patrice Roques :<\/strong> instruments \u00e0 cordes, ch\u0153urs<br \/>\n<strong>Florant Mercadier dit \u00ab Sarg \u00bb :<\/strong> guitare, ch\u0153urs, cornemuses<br \/>\n<strong>Yan Arexis :<\/strong> percussions, pad sample<br \/>\n<strong>Samuel Meric :<\/strong> fl\u00fbtes, bouzouki<\/p>\n<p>Du \u00ab folk metal \u00bb m\u00ealant les influences m\u00e9di\u00e9vales, celtiques et occitanes \u00e0 des sons plus modernes, et les instruments les plus divers. Originaire des Pyr\u00e9n\u00e9es, le groupe est tr\u00e8s influenc\u00e9 par le patrimoine l\u00e9gendaire et occulte de sa r\u00e9gion natale pour les paroles de ses chansons. La sorcellerie est notamment le th\u00e8me central de plusieurs de ses albums.<\/p>\n<p><strong>Titres :<\/strong><br \/>\n1. La Danse de la Corne<br \/>\n2. Joglar<br \/>\n3. Banquet<br \/>\n4. In Taberna<br \/>\n5. For\u00eat d\u2019Outre Tombe<br \/>\n6. \u00c9g\u00e9rie Nocturne<br \/>\n7. Mascari\u00e1<br \/>\n8. Ivresse des Dieux<br \/>\n9. Bestiari<br \/>\n10. Gaste Flamme<br \/>\n11. Nueit de Sabbat<\/p>\n<p>+ Amis Buvons (Bonus Video)<br \/>\n+ Kaeridwen (Bonus Video)<\/p>\n","protected":false},"excerpt":{"rendered":"<p>Patrick Lafforgue : voix, vielle \u00e0 roue, instruments \u00e0 vent Patrice Roques : instruments \u00e0 cordes, ch\u0153urs Florant Mercadier dit \u00ab Sarg \u00bb : guitare, ch\u0153urs, cornemuses Yan Arexis : percussions, pad sample Samuel Meric : fl\u00fbtes, bouzouki Du \u00ab folk metal \u00bb m\u00ealant les influences m\u00e9di\u00e9vales, celtiques et occitanes \u00e0 des sons plus modernes, [&hellip;]<\/p>\n","protected":false},"featured_media":30158,"template":"","meta":{"_acf_changed":false,"_genesis_hide_title":false,"_genesis_hide_breadcrumbs":false,"_genesis_hide_singular_image":false,"_genesis_hide_footer_widgets":false,"_genesis_custom_body_class":"","_genesis_custom_post_class":"","_genesis_layout":""},"product_brand":[],"product_cat":[16683,7233],"product_tag":[],"class_list":{"0":"post-30160","1":"product","2":"type-product","3":"status-publish","4":"has-post-thumbnail","6":"product_cat-musica-oc","7":"product_cat-roc-pop-oc","8":"pa_auteur-stille-volk-oc","9":"pa_langue-francais-oc","10":"pa_langue-occitan-oc","11":"pa_langue-occitan-gascon-oc","12":"entry","14":"first","15":"outofstock","16":"shipping-taxable","17":"purchasable","18":"product-type-simple"},"acf":[],"_links":{"self":[{"href":"https:\/\/www.libraria-occitana.org\/oc\/wp-json\/wp\/v2\/product\/30160","targetHints":{"allow":["GET"]}}],"collection":[{"href":"https:\/\/www.libraria-occitana.org\/oc\/wp-json\/wp\/v2\/product"}],"about":[{"href":"https:\/\/www.libraria-occitana.org\/oc\/wp-json\/wp\/v2\/types\/product"}],"wp:featuredmedia":[{"embeddable":true,"href":"https:\/\/www.libraria-occitana.org\/oc\/wp-json\/wp\/v2\/media\/30158"}],"wp:attachment":[{"href":"https:\/\/www.libraria-occitana.org\/oc\/wp-json\/wp\/v2\/media?parent=30160"}],"wp:term":[{"taxonomy":"product_brand","embeddable":true,"href":"https:\/\/www.libraria-occitana.org\/oc\/wp-json\/wp\/v2\/product_brand?post=30160"},{"taxonomy":"product_cat","embeddable":true,"href":"https:\/\/www.libraria-occitana.org\/oc\/wp-json\/wp\/v2\/product_cat?post=30160"},{"taxonomy":"product_tag","embeddable":true,"href":"https:\/\/www.libraria-occitana.org\/oc\/wp-json\/wp\/v2\/product_tag?post=30160"}],"curies":[{"name":"wp","href":"https:\/\/api.w.org\/{rel}","templated":true}]}}