{"id":30201,"date":"2015-08-15T15:54:15","date_gmt":"2015-08-15T14:54:15","guid":{"rendered":"http:\/\/www.libraria-occitana.org\/all-products\/1907-la-revolte-des-vignerons-libre-dvd?lang=oc"},"modified":"2026-04-03T06:06:49","modified_gmt":"2026-04-03T04:06:49","slug":"1907-la-revolte-des-vignerons-libre-dvd","status":"publish","type":"product","link":"https:\/\/www.libraria-occitana.org\/oc\/produch\/1907-la-revolte-des-vignerons-libre-dvd\/","title":{"rendered":"1907 La r\u00e9volte des vignerons (libre + DVD)"},"content":{"rendered":"<p>En 1903, le vin se vend 22 francs l&#8217;hectolitre. Trois ans plus tard, il ne vaut plus que 5 francs. La crise ne profite qu&#8217;aux fraudeurs qui fabriquent du vin avec du sucre et des produits chimiques. Le Midi viticole est au seuil de la ruine. Du haut d&#8217;un platane, un petit propri\u00e9taire d&#8217;Argeliers harangue ses concitoyens. Le 11 mars 1907, ils seront \u00ab 87 \u00bb d&#8217;entre eux \u00e0 le suivre \u00e0 Narbonne, dont le maire sourit en voyant le meneur. \u00ab M. Ferroul, nous reviendrons ici mille fois plus nombreux ! \u00bb lance Marcelin Albert.<\/p>\n<p>Le 5 mai, le \u00ab proph\u00e8te \u00bb est de retour \u00e0 Narbonne avec 100.000 vignerons. Le dimanche suivant, ils sont 120.000 \u00e0 B\u00e9ziers. Le 19 mai, on en compte 170.000 \u00e0 Perpignan ; Carcassonne, N\u00eemes en accueilleront davantage avant l&#8217;apoth\u00e9ose de Montpellier o\u00f9 600.000 \u00ab\u00a0gueux\u00a0\u00bb acclament Marcelin Albert, le 9 juin. Clemenceau et son gouvernement ne peuvent plus s&#8217;esquiver. En affrontant le politicien, l&#8217;ap\u00f4tre se br\u00fblera les ailes&#8230; mais, selon son exemple, les viticulteurs languedociens ne cesseront de prendre en mains leur destin.<\/p>\n<p><strong>Contenu du DVD :<br \/>\n<\/strong>&#8211; \u00ab\u00a01907, l&#8217;Histoire le Mythe\u00a0\u00bb documentaire r\u00e9alis\u00e9 par Christian Sal\u00e8s 9&#8217;52<br \/>\n&#8211; Entretien avec le dessinateur Paul Astruc 15&#8217;31<br \/>\n&#8211; Sept clips du Groupe OC sur le th\u00e8me de la vigne languedocienne :<\/p>\n<ul>\n<li>1907 3&#8217;38<\/li>\n<li>Le Grain de raisin 4&#8217;10<\/li>\n<li>Douze degr\u00e9s de mis\u00e8re 5&#8217;17<\/li>\n<li>Qui sommes-nous ? 4&#8217;11<\/li>\n<li>La Lauseta 3&#8217;45<\/li>\n<li>Coupo Santo 3&#8217;24<\/li>\n<li>Se Canta 3&#8217;11<\/li>\n<\/ul>\n","protected":false},"excerpt":{"rendered":"<p>En 1903, le vin se vend 22 francs l&#8217;hectolitre. Trois ans plus tard, il ne vaut plus que 5 francs. La crise ne profite qu&#8217;aux fraudeurs qui fabriquent du vin avec du sucre et des produits chimiques. Le Midi viticole est au seuil de la ruine. Du haut d&#8217;un platane, un petit propri\u00e9taire d&#8217;Argeliers harangue [&hellip;]<\/p>\n","protected":false},"featured_media":30199,"template":"","meta":{"_acf_changed":false,"_genesis_hide_title":false,"_genesis_hide_breadcrumbs":false,"_genesis_hide_singular_image":false,"_genesis_hide_footer_widgets":false,"_genesis_custom_body_class":"","_genesis_custom_post_class":"","_genesis_layout":""},"product_brand":[],"product_cat":[7133,7165,7169],"product_tag":[],"class_list":{"0":"post-30201","1":"product","2":"type-product","3":"status-publish","4":"has-post-thumbnail","6":"product_cat-libres-oc","7":"product_cat-jounessa-bd-umor","8":"product_cat-benda-dessenhada-oc","9":"pa_auteur-astruc-paul-oc","10":"pa_editeur-christian-sales-oc","11":"pa_langue-francais-oc","12":"entry","14":"first","15":"outofstock","16":"shipping-taxable","17":"purchasable","18":"product-type-simple"},"acf":[],"_links":{"self":[{"href":"https:\/\/www.libraria-occitana.org\/oc\/wp-json\/wp\/v2\/product\/30201","targetHints":{"allow":["GET"]}}],"collection":[{"href":"https:\/\/www.libraria-occitana.org\/oc\/wp-json\/wp\/v2\/product"}],"about":[{"href":"https:\/\/www.libraria-occitana.org\/oc\/wp-json\/wp\/v2\/types\/product"}],"wp:featuredmedia":[{"embeddable":true,"href":"https:\/\/www.libraria-occitana.org\/oc\/wp-json\/wp\/v2\/media\/30199"}],"wp:attachment":[{"href":"https:\/\/www.libraria-occitana.org\/oc\/wp-json\/wp\/v2\/media?parent=30201"}],"wp:term":[{"taxonomy":"product_brand","embeddable":true,"href":"https:\/\/www.libraria-occitana.org\/oc\/wp-json\/wp\/v2\/product_brand?post=30201"},{"taxonomy":"product_cat","embeddable":true,"href":"https:\/\/www.libraria-occitana.org\/oc\/wp-json\/wp\/v2\/product_cat?post=30201"},{"taxonomy":"product_tag","embeddable":true,"href":"https:\/\/www.libraria-occitana.org\/oc\/wp-json\/wp\/v2\/product_tag?post=30201"}],"curies":[{"name":"wp","href":"https:\/\/api.w.org\/{rel}","templated":true}]}}