{"id":30213,"date":"2016-12-15T16:45:44","date_gmt":"2016-12-15T15:45:44","guid":{"rendered":"http:\/\/www.libraria-occitana.org\/all-products\/arou-polyphonies-sacrees-de-bigorre-noels-occitans?lang=oc"},"modified":"2026-04-17T01:56:50","modified_gmt":"2026-04-16T23:56:50","slug":"arou-polyphonies-sacrees-de-bigorre-noels-occitans","status":"publish","type":"product","link":"https:\/\/www.libraria-occitana.org\/oc\/produch\/arou-polyphonies-sacrees-de-bigorre-noels-occitans\/","title":{"rendered":"Ar\u00f2u : Polyphonies sacr\u00e9es de Bigorre &amp; No\u00ebls occitans"},"content":{"rendered":"<p><strong>Lauren\u00e7a B\u00e9nac, Nad\u00e8ta Carita, Anna Enjalbert, Emilia Manescau, Teresa Pambrun, Valeria V\u00e9d\u00e8re :<\/strong> votz<\/p>\n<p>Le son f\u00e9minin de la polyphonie sud-europ\u00e9enne fascine les sp\u00e9cialistes et les amateurs de ces musiques transmises de bouche \u00e0 oreille, sans partition, en captant sur le moment le charme et l\u2019\u00e9nergie du son, l\u2019art des ornements. L\u2019approche des Daunas de C\u00f2r a pour objectifs de faire savourer ces sonorit\u00e9s et leurs vibrations expressives et de partager cet \u00e9l\u00e9ment musical f\u00e9minin dont les racines plongent profond\u00e9ment dans l\u2019histoire, se d\u00e9ployant dans une \u00e9coute porteuse d\u2019avenir et de rencontre humaine. Dirig\u00e9es par Pascal Caumont depuis la cr\u00e9ation du ch\u0153ur en 2005, ces six chanteuses ont une pratique av\u00e9r\u00e9e des polyphonies pyr\u00e9n\u00e9ennes et de la langue d\u2019oc.<\/p>\n<p><strong>Titres :<\/strong><br \/>\n1. Pastors sus p\u00e8 2&#8217;20&#8221;<br \/>\n2. Quin brut en l&#8217;aire 2&#8217;41&#8221;<br \/>\n3. Alexine (Catsau de Nadau) 1&#8217;12&#8221;<br \/>\n4. Sonatz campanetas 3&#8217;36&#8221;<br \/>\n5. Nad\u00e8ta &#8211; 1 1&#8217;52&#8221;<br \/>\n6. Lauda sion 3&#8217;36&#8221;<br \/>\n7. Adishatz pastorelas de Comel\u00ed 2&#8217;30&#8221;<br \/>\n8. Nadalet 3&#8217;09&#8221;<br \/>\n9. Enterin que la b\u00e8la auba 4&#8217;52&#8221;<br \/>\n10. Nad\u00e8ta &#8211; 2 1&#8217;25&#8221;<br \/>\n11. Stabat mater 2&#8217;11&#8221;<br \/>\n12. Tantum ergo 1&#8217;48&#8221;<br \/>\n13. Pregaria de Gasconha 0&#8217;54&#8221;<br \/>\n14. Sanctus 0&#8217;54&#8221;<br \/>\n15. Benedictus 2&#8217;55&#8221;<br \/>\n16. Cantem tots este avent 4&#8217;07&#8221;<br \/>\n17. Cantem en allegressa 2&#8217;56&#8221;<br \/>\n18. Aireteras 2&#8217;45&#8221;<br \/>\n19. Aneit qu&#8217;es vasut Nadau 2&#8217;02&#8221;<br \/>\n20. Nadal Tindaire 4&#8217;45&#8221;<br \/>\n21. La n\u00f2vis n&#8217;a la corona l&#8217;i tomba 3&#8217;24&#8221;<\/p>\n","protected":false},"excerpt":{"rendered":"<p>Lauren\u00e7a B\u00e9nac, Nad\u00e8ta Carita, Anna Enjalbert, Emilia Manescau, Teresa Pambrun, Valeria V\u00e9d\u00e8re : votz Le son f\u00e9minin de la polyphonie sud-europ\u00e9enne fascine les sp\u00e9cialistes et les amateurs de ces musiques transmises de bouche \u00e0 oreille, sans partition, en captant sur le moment le charme et l\u2019\u00e9nergie du son, l\u2019art des ornements. L\u2019approche des Daunas de [&hellip;]<\/p>\n","protected":false},"featured_media":30211,"template":"","meta":{"_acf_changed":false,"_genesis_hide_title":false,"_genesis_hide_breadcrumbs":false,"_genesis_hide_singular_image":false,"_genesis_hide_footer_widgets":false,"_genesis_custom_body_class":"","_genesis_custom_post_class":"","_genesis_layout":""},"product_brand":[],"product_cat":[16683,7231],"product_tag":[],"class_list":{"0":"post-30213","1":"product","2":"type-product","3":"status-publish","4":"has-post-thumbnail","6":"product_cat-musica-oc","7":"product_cat-polifonias-oc","8":"pa_auteur-daunas-de-cor-oc","9":"pa_editeur-pirena-immateria-oc","10":"pa_langue-occitan-gascon-oc","11":"pa_langue-occitan-francais-oc","12":"entry","14":"first","15":"outofstock","16":"shipping-taxable","17":"purchasable","18":"product-type-simple"},"acf":[],"_links":{"self":[{"href":"https:\/\/www.libraria-occitana.org\/oc\/wp-json\/wp\/v2\/product\/30213","targetHints":{"allow":["GET"]}}],"collection":[{"href":"https:\/\/www.libraria-occitana.org\/oc\/wp-json\/wp\/v2\/product"}],"about":[{"href":"https:\/\/www.libraria-occitana.org\/oc\/wp-json\/wp\/v2\/types\/product"}],"wp:featuredmedia":[{"embeddable":true,"href":"https:\/\/www.libraria-occitana.org\/oc\/wp-json\/wp\/v2\/media\/30211"}],"wp:attachment":[{"href":"https:\/\/www.libraria-occitana.org\/oc\/wp-json\/wp\/v2\/media?parent=30213"}],"wp:term":[{"taxonomy":"product_brand","embeddable":true,"href":"https:\/\/www.libraria-occitana.org\/oc\/wp-json\/wp\/v2\/product_brand?post=30213"},{"taxonomy":"product_cat","embeddable":true,"href":"https:\/\/www.libraria-occitana.org\/oc\/wp-json\/wp\/v2\/product_cat?post=30213"},{"taxonomy":"product_tag","embeddable":true,"href":"https:\/\/www.libraria-occitana.org\/oc\/wp-json\/wp\/v2\/product_tag?post=30213"}],"curies":[{"name":"wp","href":"https:\/\/api.w.org\/{rel}","templated":true}]}}