{"id":30271,"date":"2013-09-16T11:57:08","date_gmt":"2013-09-16T10:57:08","guid":{"rendered":"http:\/\/www.libraria-occitana.org\/all-products\/gestion-des-minorites-linguistiques-dans-leurope-du-xxie-siecle?lang=oc"},"modified":"2026-04-02T20:16:11","modified_gmt":"2026-04-02T18:16:11","slug":"gestion-des-minorites-linguistiques-dans-leurope-du-xxie-siecle","status":"publish","type":"product","link":"https:\/\/www.libraria-occitana.org\/oc\/produch\/gestion-des-minorites-linguistiques-dans-leurope-du-xxie-siecle\/","title":{"rendered":"Gestion des minorit\u00e9s linguistiques dans l&#8217;Europe du XXIe si\u00e8cle"},"content":{"rendered":"<p>Malgr\u00e9 les efforts uniformisateurs de la plupart des \u00c9tats, de nombreuses minorit\u00e9s linguistiques continuent d\u2019exister sur le vieux continent. Les langues sont de plus en plus consid\u00e9r\u00e9es comme des \u00e9l\u00e9ments du patrimoine. Des instruments de protection \u00e0 vis\u00e9e universaliste ont \u00e9t\u00e9 \u00e9labor\u00e9s au sein du Conseil de l\u2019Europe : la Charte europ\u00e9enne des langues r\u00e9gionales ou minoritaires et la Convention cadre pour la protection des minorit\u00e9s nationales. Mais tous les \u00c9tats n\u2019ont pas sign\u00e9 et ratifi\u00e9 ces trait\u00e9s et la question des minorit\u00e9s continue \u00e0 \u00eatre source de conflit.<br \/>\nAbordant notamment la situation glottopolitique en Ukraine, Lettonie, Estonie, Moldavie et Albanie, en Aragon, Catalogne et Andorre, au Pays Basque, en Bretagne, en Corse et en Nouvelle Cal\u00e9donie, ainsi que celle des Rroms et celle des locuteurs italiens du francoproven\u00e7al, l\u2019ouvrage s\u2019articule en trois parties qui pr\u00e9sentent de nombreuses transversalit\u00e9s th\u00e9matiques :<br \/>\n&#8211; La premi\u00e8re partie est consacr\u00e9e aux particularit\u00e9s de diverses minorit\u00e9s ;<br \/>\n&#8211; La deuxi\u00e8me \u00e9tudie plus g\u00e9n\u00e9ralement les rapports entre langue, identit\u00e9, nation et \u00c9tat ;<br \/>\n&#8211; La troisi\u00e8me propose divers \u00e9clairages &#8211; juridiques, politiques, sociaux et culturels &#8211; sur la situation des minorit\u00e9s linguistiques.<br \/>\nL\u2019index terminal fait ressortir les liens th\u00e9matiques et conceptuels existant entre les diff\u00e9rents textes qui composent le recueil.<\/p>\n<p>Contributeurs : Al\u00e9n Garabato Carmen, Bernat Francesc, Bichurina Natalia, Bochmann Klaus, Boix-Fuster Emili, Branchadell Albert, Burban Chrystelle, Colonna Romain, Courthiade Marcel, Djordjevic Ksenija, Ehrhart Sabine, Gonzalez Marc, Hupel Erwan, Jim\u00e9nez-Salcedo Juan, Karamagkiola Stella, Lagarde Christian, L\u00e9onard Jean L\u00e9o, L\u00f3pez Sus\u00edn Jos\u00e9 Ignacio, Mart\u00ednez Tomey Miguel, Ottavi Pascal, Pierre Thomas, Puolato Daniela, Stoumen Denis, Tairraz Coralie, Woehrling Jean-Marie.<\/p>\n","protected":false},"excerpt":{"rendered":"<p>Malgr\u00e9 les efforts uniformisateurs de la plupart des \u00c9tats, de nombreuses minorit\u00e9s linguistiques continuent d\u2019exister sur le vieux continent. Les langues sont de plus en plus consid\u00e9r\u00e9es comme des \u00e9l\u00e9ments du patrimoine. Des instruments de protection \u00e0 vis\u00e9e universaliste ont \u00e9t\u00e9 \u00e9labor\u00e9s au sein du Conseil de l\u2019Europe : la Charte europ\u00e9enne des langues r\u00e9gionales [&hellip;]<\/p>\n","protected":false},"featured_media":30269,"template":"","meta":{"_acf_changed":false,"_genesis_hide_title":false,"_genesis_hide_breadcrumbs":false,"_genesis_hide_singular_image":false,"_genesis_hide_footer_widgets":false,"_genesis_custom_body_class":"","_genesis_custom_post_class":"","_genesis_layout":""},"product_brand":[],"product_cat":[7133,7203],"product_tag":[],"class_list":{"0":"post-30271","1":"product","2":"type-product","3":"status-publish","4":"has-post-thumbnail","6":"product_cat-libres-oc","7":"product_cat-politica-sociologia-actualitat-oc","8":"pa_auteur-alen-garabato-carmen-oc","9":"pa_auteur-collectiu-oc-2","10":"pa_editeur-lambert-lucas-oc","11":"pa_langue-francais-oc","12":"entry","14":"first","15":"instock","16":"shipping-taxable","17":"purchasable","18":"product-type-simple"},"acf":[],"_links":{"self":[{"href":"https:\/\/www.libraria-occitana.org\/oc\/wp-json\/wp\/v2\/product\/30271","targetHints":{"allow":["GET"]}}],"collection":[{"href":"https:\/\/www.libraria-occitana.org\/oc\/wp-json\/wp\/v2\/product"}],"about":[{"href":"https:\/\/www.libraria-occitana.org\/oc\/wp-json\/wp\/v2\/types\/product"}],"wp:featuredmedia":[{"embeddable":true,"href":"https:\/\/www.libraria-occitana.org\/oc\/wp-json\/wp\/v2\/media\/30269"}],"wp:attachment":[{"href":"https:\/\/www.libraria-occitana.org\/oc\/wp-json\/wp\/v2\/media?parent=30271"}],"wp:term":[{"taxonomy":"product_brand","embeddable":true,"href":"https:\/\/www.libraria-occitana.org\/oc\/wp-json\/wp\/v2\/product_brand?post=30271"},{"taxonomy":"product_cat","embeddable":true,"href":"https:\/\/www.libraria-occitana.org\/oc\/wp-json\/wp\/v2\/product_cat?post=30271"},{"taxonomy":"product_tag","embeddable":true,"href":"https:\/\/www.libraria-occitana.org\/oc\/wp-json\/wp\/v2\/product_tag?post=30271"}],"curies":[{"name":"wp","href":"https:\/\/api.w.org\/{rel}","templated":true}]}}