{"id":30315,"date":"2016-08-20T18:03:28","date_gmt":"2016-08-20T17:03:28","guid":{"rendered":"http:\/\/www.libraria-occitana.org\/all-products\/une-enfance?lang=oc"},"modified":"2026-04-27T07:21:22","modified_gmt":"2026-04-27T05:21:22","slug":"une-enfance","status":"publish","type":"product","link":"https:\/\/www.libraria-occitana.org\/oc\/produch\/une-enfance\/","title":{"rendered":"Une enfance"},"content":{"rendered":"<p>\u00ab Je n&#8217;ai pas plus que d&#8217;autres gard\u00e9 de mon enfance une image totale. L&#8217;essentiel souvent est effac\u00e9 ; des d\u00e9tails demeurent : parfois ils se pr\u00e9sentent avec leur couleur, leur relief, et la sensation m\u00eame qui les accompagna ; le plus souvent, la m\u00e9moire n&#8217;aper\u00e7oit d&#8217;abord dans l&#8217;obscur pass\u00e9 qu&#8217;une lueur, une forme indistincte ; puis, \u00e0 mesure qu&#8217;on s&#8217;y attache, les contours apparaissent et se pr\u00e9cisent, ainsi que dans la nuit tombante, si l&#8217;on fixe une \u00e9toile d&#8217;abord d\u00e9couverte, on en fait na\u00eetre d&#8217;autres \u00e0 l&#8217;entour, jusqu&#8217;\u00e0 peupler bient\u00f4t tout un coin du ciel. \u00bb<\/p>\n<p>En choisissant le th\u00e8me de l&#8217;homme m\u00fbr qui se penche sur son pass\u00e9, Jules Marouzeau prenait le risque du \u00ab d\u00e9j\u00e0 vu \u00bb. Il nous livre pourtant un texte original et de grande valeur. Y contribuent l&#8217;\u00e9vocation po\u00e9tique et humoristique de souvenirs qui \u00e9clairent la p\u00e9riode charni\u00e8re des d\u00e9buts de la IIIe R\u00e9publique, l&#8217;\u00e9motion sensible et retenue, la ma\u00eetrise exceptionnelle de la langue. Linguiste \u00e9m\u00e9rite, Marouzeau m\u00eale spontan\u00e9ment \u00e0 son \u00e9criture le parler creusois, accentuant ainsi le rendu quotidien de ses souvenirs. Il le fait avec un souci d&#8217;exactitude qui n&#8217;exclut pas le pittoresque, et sugg\u00e8re des correspondances entre le v\u00e9cu d&#8217;une population et son mode d&#8217;expression. L&#8217;accompagnement de cette r\u00e9\u00e9dition par Daniel Dayen permettra de mieux conna\u00eetre un homme au destin inattendu.<\/p>\n<p>Apr\u00e8s une enfance \u00e0 Fleurat (Creuse), Jules Marouzeau (1878-1964) est devenu un latiniste r\u00e9put\u00e9 dans le monde entier. <em>Une Enfance<\/em> est sa seule \u0153uvre de litt\u00e9rature g\u00e9n\u00e9rale.<\/p>\n<p>R\u00e9\u00e9dition pr\u00e9sent\u00e9e par Daniel Dayen.<\/p>\n","protected":false},"excerpt":{"rendered":"<p>\u00ab Je n&#8217;ai pas plus que d&#8217;autres gard\u00e9 de mon enfance une image totale. L&#8217;essentiel souvent est effac\u00e9 ; des d\u00e9tails demeurent : parfois ils se pr\u00e9sentent avec leur couleur, leur relief, et la sensation m\u00eame qui les accompagna ; le plus souvent, la m\u00e9moire n&#8217;aper\u00e7oit d&#8217;abord dans l&#8217;obscur pass\u00e9 qu&#8217;une lueur, une forme indistincte [&hellip;]<\/p>\n","protected":false},"featured_media":30313,"template":"","meta":{"_acf_changed":false,"_genesis_hide_title":false,"_genesis_hide_breadcrumbs":false,"_genesis_hide_singular_image":false,"_genesis_hide_footer_widgets":false,"_genesis_custom_body_class":"","_genesis_custom_post_class":"","_genesis_layout":""},"product_brand":[],"product_cat":[7133,7175,7187],"product_tag":[],"class_list":{"0":"post-30315","1":"product","2":"type-product","3":"status-publish","4":"has-post-thumbnail","6":"product_cat-libres-oc","7":"product_cat-literatura-oc","8":"product_cat-temonhatges-memoris-oc","9":"pa_auteur-marouzeau-jules-oc","10":"pa_editeur-fondencre-oc","11":"pa_langue-francais-oc","12":"entry","14":"first","15":"outofstock","16":"shipping-taxable","17":"purchasable","18":"product-type-simple"},"acf":[],"_links":{"self":[{"href":"https:\/\/www.libraria-occitana.org\/oc\/wp-json\/wp\/v2\/product\/30315","targetHints":{"allow":["GET"]}}],"collection":[{"href":"https:\/\/www.libraria-occitana.org\/oc\/wp-json\/wp\/v2\/product"}],"about":[{"href":"https:\/\/www.libraria-occitana.org\/oc\/wp-json\/wp\/v2\/types\/product"}],"wp:featuredmedia":[{"embeddable":true,"href":"https:\/\/www.libraria-occitana.org\/oc\/wp-json\/wp\/v2\/media\/30313"}],"wp:attachment":[{"href":"https:\/\/www.libraria-occitana.org\/oc\/wp-json\/wp\/v2\/media?parent=30315"}],"wp:term":[{"taxonomy":"product_brand","embeddable":true,"href":"https:\/\/www.libraria-occitana.org\/oc\/wp-json\/wp\/v2\/product_brand?post=30315"},{"taxonomy":"product_cat","embeddable":true,"href":"https:\/\/www.libraria-occitana.org\/oc\/wp-json\/wp\/v2\/product_cat?post=30315"},{"taxonomy":"product_tag","embeddable":true,"href":"https:\/\/www.libraria-occitana.org\/oc\/wp-json\/wp\/v2\/product_tag?post=30315"}],"curies":[{"name":"wp","href":"https:\/\/api.w.org\/{rel}","templated":true}]}}