{"id":30325,"date":"2016-10-21T11:30:38","date_gmt":"2016-10-21T10:30:38","guid":{"rendered":"http:\/\/www.libraria-occitana.org\/all-products\/la-haute-correze-une-belle-inconnue-de-paysages-en-patrimoine?lang=oc"},"modified":"2026-04-26T01:16:33","modified_gmt":"2026-04-25T23:16:33","slug":"la-haute-correze-une-belle-inconnue-de-paysages-en-patrimoine","status":"publish","type":"product","link":"https:\/\/www.libraria-occitana.org\/oc\/produch\/la-haute-correze-une-belle-inconnue-de-paysages-en-patrimoine\/","title":{"rendered":"La Haute-Corr\u00e8ze, une belle inconnue : De paysages en patrimoine"},"content":{"rendered":"<p>La Haute-Corr\u00e8ze est l&#8217;un des territoires ruraux les plus m\u00e9connus entre Aquitaine et Auvergne. Elle rec\u00e8le pourtant de nombreux sites et paysages remarquables : des tourbi\u00e8res du Longeyroux aux gorges de la Dordogne, inscrites au r\u00e9seau mondial des r\u00e9serves de biosph\u00e8re par l&#8217;UNESCO ; du massif des Mon\u00e9di\u00e8res aux orgues de Bort. Des villes et villages \u00e0 la belle architecture de granit aux multiples ch\u00e2teaux et \u00e9glises de caract\u00e8re, la Haute-Corr\u00e8ze, \u00e0 la fois belle et pr\u00e9serv\u00e9e, poss\u00e8de un patrimoine naturel et architectural insoup\u00e7onn\u00e9.<br \/>\nLe photographe Josselin Mathiaud invite \u00e0 d\u00e9couvrir les multiples facettes de cette contr\u00e9e, domin\u00e9e par le plateau de Millevaches, et situ\u00e9e entre le Pays d&#8217;Ussel et Bort-les-Orgues. Jean-Claude Sango\u00ef, professeur d&#8217;universit\u00e9, contribue \u00e0 la d\u00e9couverte de cet espace historique, g\u00e9ographique et naturel exceptionnel fa\u00e7onn\u00e9 par l&#8217;homme.<\/p>\n","protected":false},"excerpt":{"rendered":"<p>La Haute-Corr\u00e8ze est l&#8217;un des territoires ruraux les plus m\u00e9connus entre Aquitaine et Auvergne. Elle rec\u00e8le pourtant de nombreux sites et paysages remarquables : des tourbi\u00e8res du Longeyroux aux gorges de la Dordogne, inscrites au r\u00e9seau mondial des r\u00e9serves de biosph\u00e8re par l&#8217;UNESCO ; du massif des Mon\u00e9di\u00e8res aux orgues de Bort. Des villes et [&hellip;]<\/p>\n","protected":false},"featured_media":30323,"template":"","meta":{"_acf_changed":false,"_genesis_hide_title":false,"_genesis_hide_breadcrumbs":false,"_genesis_hide_singular_image":false,"_genesis_hide_footer_widgets":false,"_genesis_custom_body_class":"","_genesis_custom_post_class":"","_genesis_layout":""},"product_brand":[],"product_cat":[7199,7133,7197],"product_tag":[],"class_list":{"0":"post-30325","1":"product","2":"type-product","3":"status-publish","4":"has-post-thumbnail","6":"product_cat-guides-torisme-viatge-oc","7":"product_cat-libres-oc","8":"product_cat-natura-torisme-oc","9":"pa_auteur-mathiaud-josselin-oc","10":"pa_editeur-les-ardents-editeurs-oc","11":"pa_langue-francais-oc","12":"entry","14":"first","15":"outofstock","16":"shipping-taxable","17":"purchasable","18":"product-type-simple"},"acf":[],"_links":{"self":[{"href":"https:\/\/www.libraria-occitana.org\/oc\/wp-json\/wp\/v2\/product\/30325","targetHints":{"allow":["GET"]}}],"collection":[{"href":"https:\/\/www.libraria-occitana.org\/oc\/wp-json\/wp\/v2\/product"}],"about":[{"href":"https:\/\/www.libraria-occitana.org\/oc\/wp-json\/wp\/v2\/types\/product"}],"wp:featuredmedia":[{"embeddable":true,"href":"https:\/\/www.libraria-occitana.org\/oc\/wp-json\/wp\/v2\/media\/30323"}],"wp:attachment":[{"href":"https:\/\/www.libraria-occitana.org\/oc\/wp-json\/wp\/v2\/media?parent=30325"}],"wp:term":[{"taxonomy":"product_brand","embeddable":true,"href":"https:\/\/www.libraria-occitana.org\/oc\/wp-json\/wp\/v2\/product_brand?post=30325"},{"taxonomy":"product_cat","embeddable":true,"href":"https:\/\/www.libraria-occitana.org\/oc\/wp-json\/wp\/v2\/product_cat?post=30325"},{"taxonomy":"product_tag","embeddable":true,"href":"https:\/\/www.libraria-occitana.org\/oc\/wp-json\/wp\/v2\/product_tag?post=30325"}],"curies":[{"name":"wp","href":"https:\/\/api.w.org\/{rel}","templated":true}]}}