{"id":30360,"date":"2016-12-21T17:38:43","date_gmt":"2016-12-21T16:38:43","guid":{"rendered":"http:\/\/www.libraria-occitana.org\/all-products\/las-mila-e-una-proesas-de-pepin-trespomas-vol-3?lang=oc"},"modified":"2026-04-13T03:21:56","modified_gmt":"2026-04-13T01:21:56","slug":"las-mila-e-una-proesas-de-pepin-trespomas-vol-3","status":"publish","type":"product","link":"https:\/\/www.libraria-occitana.org\/oc\/produch\/las-mila-e-una-proesas-de-pepin-trespomas-vol-3\/","title":{"rendered":"Las mila e una proesas de Pepin Trespomas vol 3"},"content":{"rendered":"<p>Un c\u00f2p \u00e8ra, un chivali\u00e8r pichon, pichon\u00e8l, que corr\u00eds lo vast mond, en companhi\u00e1 de Magret, son cosini\u00e8r de fisan\u00e7a, e Picanhi\u00e8r, lo fat del rei. Valent, plen de bontat e curi\u00f3s, Pepin Trespomas trobar\u00e0 totjorn la solucion dels probl\u00e8mas que los tres amics encontrar\u00e0n.<\/p>\n<p>Dab las votz de Ives Durand, Lauren\u00e7 Labadia, P\u00e8ir Arnaut Grosclaude\u2013Lapl\u00e9ch\u00e8re, Caroline Dufau, Cecila Chapduelh, Olivier Pijasson, Monica Burg, Guilhem Surpas, Emilie Esquerr\u00e9, Violette Labadie, Philippe Neyrat, Eliane Tourtet, Marie-H\u00e9l\u00e8ne Peyresaubes, J\u00f2rdi Besombes.<\/p>\n<p><a title=\"Las mila e una proesas de Pepin Trespomas vol 1\" href=\"http:\/\/www.libraria-occitana.org\/all-products\/las-mila-e-una-proesas-de-pepin-trespomas-vol-1\"><em>Las mila e una proesas de Pepin Trespomas<\/em>\u00a0vol\u00a01<\/a><br \/>\n<a href=\"http:\/\/www.libraria-occitana.org\/produit\/las-mila-e-una-proesas-de-pepin-trespomas-vol-2\/\"><em>Las mila e una proesas de Pepin Trespomas<\/em> vol\u00a02<\/a><br \/>\n<em>Las mila e una proesas de Pepin Trespomas<\/em> vol 4<br \/>\n<em>Las mila e una proesas de Pepin Trespomas<\/em> vol 5<\/p>\n","protected":false},"excerpt":{"rendered":"<p>Un c\u00f2p \u00e8ra, un chivali\u00e8r pichon, pichon\u00e8l, que corr\u00eds lo vast mond, en companhi\u00e1 de Magret, son cosini\u00e8r de fisan\u00e7a, e Picanhi\u00e8r, lo fat del rei. Valent, plen de bontat e curi\u00f3s, Pepin Trespomas trobar\u00e0 totjorn la solucion dels probl\u00e8mas que los tres amics encontrar\u00e0n. Dab las votz de Ives Durand, Lauren\u00e7 Labadia, P\u00e8ir Arnaut [&hellip;]<\/p>\n","protected":false},"featured_media":30346,"template":"","meta":{"_acf_changed":false,"_genesis_hide_title":false,"_genesis_hide_breadcrumbs":false,"_genesis_hide_singular_image":false,"_genesis_hide_footer_widgets":false,"_genesis_custom_body_class":"","_genesis_custom_post_class":"","_genesis_layout":""},"product_brand":[],"product_cat":[7246,7240],"product_tag":[],"class_list":{"0":"post-30360","1":"product","2":"type-product","3":"status-publish","4":"has-post-thumbnail","6":"product_cat-jounessa-videos-2-oc","7":"product_cat-video-oc","8":"pa_auteur-bretaudeau-jacky-oc","9":"pa_auteur-vinciguerra-luc-oc","10":"pa_editeur-contam-oc","11":"pa_editeur-les-cartooneurs-associes-oc","12":"pa_langue-occitan-oc","13":"entry","15":"first","16":"instock","17":"shipping-taxable","18":"purchasable","19":"product-type-simple"},"acf":[],"_links":{"self":[{"href":"https:\/\/www.libraria-occitana.org\/oc\/wp-json\/wp\/v2\/product\/30360","targetHints":{"allow":["GET"]}}],"collection":[{"href":"https:\/\/www.libraria-occitana.org\/oc\/wp-json\/wp\/v2\/product"}],"about":[{"href":"https:\/\/www.libraria-occitana.org\/oc\/wp-json\/wp\/v2\/types\/product"}],"wp:featuredmedia":[{"embeddable":true,"href":"https:\/\/www.libraria-occitana.org\/oc\/wp-json\/wp\/v2\/media\/30346"}],"wp:attachment":[{"href":"https:\/\/www.libraria-occitana.org\/oc\/wp-json\/wp\/v2\/media?parent=30360"}],"wp:term":[{"taxonomy":"product_brand","embeddable":true,"href":"https:\/\/www.libraria-occitana.org\/oc\/wp-json\/wp\/v2\/product_brand?post=30360"},{"taxonomy":"product_cat","embeddable":true,"href":"https:\/\/www.libraria-occitana.org\/oc\/wp-json\/wp\/v2\/product_cat?post=30360"},{"taxonomy":"product_tag","embeddable":true,"href":"https:\/\/www.libraria-occitana.org\/oc\/wp-json\/wp\/v2\/product_tag?post=30360"}],"curies":[{"name":"wp","href":"https:\/\/api.w.org\/{rel}","templated":true}]}}