{"id":30382,"date":"2017-06-30T14:54:38","date_gmt":"2017-06-30T13:54:38","guid":{"rendered":"http:\/\/www.libraria-occitana.org\/all-products\/las-aventuras-de-rainard-e-isengrin?lang=oc"},"modified":"2026-04-29T00:51:07","modified_gmt":"2026-04-28T22:51:07","slug":"las-aventuras-de-rainard-e-isengrin","status":"publish","type":"product","link":"https:\/\/www.libraria-occitana.org\/oc\/produch\/las-aventuras-de-rainard-e-isengrin\/","title":{"rendered":"Las Aventuras de Rainard e Isengrin"},"content":{"rendered":"<p><strong>[oc]<\/strong><br \/>\nLas aventuras de Rainard e Isengrin : aic\u00ed l&#8217;adaptacion per Andrieu Lagarda dels racontes mai coneguts del fam\u00f3s <em>Roman de Renart<\/em>. Dins una lenga blosa e aisida, descobriretz totas las rusas de la mandra e los torns que j\u00f2ga a son compaire, lo lop Isengrin. I tornaretz trobar tanben lo corb\u00e0s Tiecelin e son formatge sabor\u00f3s, lo poton de patz de Rainard e de la sesenga, las ca\u00e7as del rei N\u00f2ble, lo leon, Cantaclar lo pol tant fi\u00e8r coma fin\u00f2t o lo panat\u00f2ri de las anguialas e dels cambajons. Las illustracions originalas de Sophie Vissi\u00e8re acompanhan cada raconte pel plaser dels u\u00e8lhs e de l&#8217;esperit.<\/p>\n<p><strong>[fr]<\/strong><br \/>\nRenart fait le mort pour un panier d\u2019anguilles ; Renart utilise la cr\u00e9dulit\u00e9 confondante du comp\u00e8re Ysengrin le loup ; Renart offre \u00e0 la m\u00e9sange le baiser de la paix, ou d\u00e9robe son fromage au corbeau Tiecelin d\u00e9pit\u00e9&#8230; Retrouvez le plus rus\u00e9 des goupils dans ce recueil de neuf histoires embl\u00e9matiques tir\u00e9es du <em>Roman de Renart<\/em>, adapt\u00e9es en occitan par Andr\u00e9 Lagarde et illustr\u00e9es par Sophie Vissi\u00e8re.<\/p>\n","protected":false},"excerpt":{"rendered":"<p>[oc] Las aventuras de Rainard e Isengrin : aic\u00ed l&#8217;adaptacion per Andrieu Lagarda dels racontes mai coneguts del fam\u00f3s Roman de Renart. Dins una lenga blosa e aisida, descobriretz totas las rusas de la mandra e los torns que j\u00f2ga a son compaire, lo lop Isengrin. I tornaretz trobar tanben lo corb\u00e0s Tiecelin e son [&hellip;]<\/p>\n","protected":false},"featured_media":36122,"template":"","meta":{"_acf_changed":false,"_genesis_hide_title":false,"_genesis_hide_breadcrumbs":false,"_genesis_hide_singular_image":false,"_genesis_hide_footer_widgets":false,"_genesis_custom_body_class":"","_genesis_custom_post_class":"","_genesis_layout":""},"product_brand":[],"product_cat":[7177,7133,7175],"product_tag":[],"class_list":{"0":"post-30382","1":"product","2":"type-product","3":"status-publish","4":"has-post-thumbnail","6":"product_cat-contes-fablas-oc","7":"product_cat-libres-oc","8":"product_cat-literatura-oc","9":"pa_illustrateur-vissiere-sofia-oc","10":"entry","12":"first","13":"instock","14":"shipping-taxable","15":"purchasable","16":"product-type-simple"},"acf":[],"_links":{"self":[{"href":"https:\/\/www.libraria-occitana.org\/oc\/wp-json\/wp\/v2\/product\/30382","targetHints":{"allow":["GET"]}}],"collection":[{"href":"https:\/\/www.libraria-occitana.org\/oc\/wp-json\/wp\/v2\/product"}],"about":[{"href":"https:\/\/www.libraria-occitana.org\/oc\/wp-json\/wp\/v2\/types\/product"}],"wp:featuredmedia":[{"embeddable":true,"href":"https:\/\/www.libraria-occitana.org\/oc\/wp-json\/wp\/v2\/media\/36122"}],"wp:attachment":[{"href":"https:\/\/www.libraria-occitana.org\/oc\/wp-json\/wp\/v2\/media?parent=30382"}],"wp:term":[{"taxonomy":"product_brand","embeddable":true,"href":"https:\/\/www.libraria-occitana.org\/oc\/wp-json\/wp\/v2\/product_brand?post=30382"},{"taxonomy":"product_cat","embeddable":true,"href":"https:\/\/www.libraria-occitana.org\/oc\/wp-json\/wp\/v2\/product_cat?post=30382"},{"taxonomy":"product_tag","embeddable":true,"href":"https:\/\/www.libraria-occitana.org\/oc\/wp-json\/wp\/v2\/product_tag?post=30382"}],"curies":[{"name":"wp","href":"https:\/\/api.w.org\/{rel}","templated":true}]}}