{"id":30388,"date":"2017-06-20T15:12:21","date_gmt":"2017-06-20T14:12:21","guid":{"rendered":"http:\/\/www.libraria-occitana.org\/all-products\/escura-la-nueit?lang=oc"},"modified":"2026-04-29T00:51:10","modified_gmt":"2026-04-28T22:51:10","slug":"escura-la-nueit","status":"publish","type":"product","link":"https:\/\/www.libraria-occitana.org\/oc\/produch\/escura-la-nueit\/","title":{"rendered":"Escura, la nueit"},"content":{"rendered":"<p>En temps de l&#8217;Emp\u00e8ri roman, dens un vilatge de la montanha pirenenca, un gojat qu&#8217;ei iniciat aus secrets deus Dius antics. Un c\u00f2p enviat en pa\u00eds romanizat, dens l&#8217;arrib\u00e8ra, ua ataca de barbares que capvira la soa exist\u00e9ncia. Dab quauques companhs, que van perseguir dinc au Rin los barbares tad arrecaptar lo tesaur panat. La quista que ser\u00e0 longa, mauaisida, dab un haish de suspresas, mes que s&#8217;i van esc\u00e0der.<br \/>\nTotun, quan lo gojat torna t\u00e0 casa, tot qu&#8217;a cambiat en vilatge : los dius antics, la lenga vielha e van poder suberv\u00edver aus mudaments deus temps ?<br \/>\nUn gran roman istoric qui ei de bon l\u00e9ger dinc au cap.<\/p>\n","protected":false},"excerpt":{"rendered":"<p>En temps de l&#8217;Emp\u00e8ri roman, dens un vilatge de la montanha pirenenca, un gojat qu&#8217;ei iniciat aus secrets deus Dius antics. Un c\u00f2p enviat en pa\u00eds romanizat, dens l&#8217;arrib\u00e8ra, ua ataca de barbares que capvira la soa exist\u00e9ncia. Dab quauques companhs, que van perseguir dinc au Rin los barbares tad arrecaptar lo tesaur panat. La [&hellip;]<\/p>\n","protected":false},"featured_media":30386,"template":"","meta":{"_acf_changed":false,"_genesis_hide_title":false,"_genesis_hide_breadcrumbs":false,"_genesis_hide_singular_image":false,"_genesis_hide_footer_widgets":false,"_genesis_custom_body_class":"","_genesis_custom_post_class":"","_genesis_layout":""},"product_brand":[],"product_cat":[7133,7175,7183],"product_tag":[],"class_list":{"0":"post-30388","1":"product","2":"type-product","3":"status-publish","4":"has-post-thumbnail","6":"product_cat-libres-oc","7":"product_cat-literatura-oc","8":"product_cat-romans-novelas-oc","9":"pa_auteur-lavit-joan-lois-oc","10":"pa_editeur-letras-doc-oc","11":"pa_langue-occitan-oc","12":"pa_langue-occitan-gascon-oc","13":"entry","15":"first","16":"instock","17":"shipping-taxable","18":"purchasable","19":"product-type-simple"},"acf":[],"_links":{"self":[{"href":"https:\/\/www.libraria-occitana.org\/oc\/wp-json\/wp\/v2\/product\/30388","targetHints":{"allow":["GET"]}}],"collection":[{"href":"https:\/\/www.libraria-occitana.org\/oc\/wp-json\/wp\/v2\/product"}],"about":[{"href":"https:\/\/www.libraria-occitana.org\/oc\/wp-json\/wp\/v2\/types\/product"}],"wp:featuredmedia":[{"embeddable":true,"href":"https:\/\/www.libraria-occitana.org\/oc\/wp-json\/wp\/v2\/media\/30386"}],"wp:attachment":[{"href":"https:\/\/www.libraria-occitana.org\/oc\/wp-json\/wp\/v2\/media?parent=30388"}],"wp:term":[{"taxonomy":"product_brand","embeddable":true,"href":"https:\/\/www.libraria-occitana.org\/oc\/wp-json\/wp\/v2\/product_brand?post=30388"},{"taxonomy":"product_cat","embeddable":true,"href":"https:\/\/www.libraria-occitana.org\/oc\/wp-json\/wp\/v2\/product_cat?post=30388"},{"taxonomy":"product_tag","embeddable":true,"href":"https:\/\/www.libraria-occitana.org\/oc\/wp-json\/wp\/v2\/product_tag?post=30388"}],"curies":[{"name":"wp","href":"https:\/\/api.w.org\/{rel}","templated":true}]}}