{"id":30394,"date":"2017-05-30T16:55:15","date_gmt":"2017-05-30T14:55:15","guid":{"rendered":"http:\/\/www.libraria-occitana.org\/all-products\/en-quete-dun-visage?lang=oc"},"modified":"2026-04-25T21:16:22","modified_gmt":"2026-04-25T19:16:22","slug":"en-quete-dun-visage","status":"publish","type":"product","link":"https:\/\/www.libraria-occitana.org\/oc\/produch\/en-quete-dun-visage\/","title":{"rendered":"En qu\u00eate d&#8217;un visage"},"content":{"rendered":"<p>Une femme attend un homme depuis longtemps&#8230; Et cet homme, parti au loin, esp\u00e8re que la femme ne l\u2019oubliera pas&#8230; Histoire banale et universelle des amants s\u00e9par\u00e9s par le destin ? Oui et non, car l\u2019histoire de cet homme est chant\u00e9e depuis la nuit des temps, puisqu\u2019il s\u2019appelle Ulysse. Et voil\u00e0 qu\u2019Aur\u00e9lia Lassaque nous entra\u00eene derri\u00e8re son Ulysse, l\u2019homme qui dialogue avec \u00ab Elle \u00bb, amoureuse qui n\u2019a pas de nom. Dans ces longs chants po\u00e9tiques entrelac\u00e9s, compos\u00e9s en deux langues, l\u2019occitan et le fran\u00e7ais, l\u2019auteure donne vie \u00e0 deux personnages qui peuplent son imaginaire depuis toujours. Et surgit l\u2019\u00e9vidence premi\u00e8re de la po\u00e9sie : l\u2019amour tire sa force de la mort qui suspend le dialogue des amants ; le temps enlise nos saisons mais nos joies sont tenaces et tiennent t\u00eate au n\u00e9ant. Pour nous qui aimons la Gr\u00e8ce, ce livre est un cadeau de la vie. (Le mot de l&#8217;\u00e9diteur)<\/p>\n","protected":false},"excerpt":{"rendered":"<p>Une femme attend un homme depuis longtemps&#8230; Et cet homme, parti au loin, esp\u00e8re que la femme ne l\u2019oubliera pas&#8230; Histoire banale et universelle des amants s\u00e9par\u00e9s par le destin ? Oui et non, car l\u2019histoire de cet homme est chant\u00e9e depuis la nuit des temps, puisqu\u2019il s\u2019appelle Ulysse. Et voil\u00e0 qu\u2019Aur\u00e9lia Lassaque nous entra\u00eene [&hellip;]<\/p>\n","protected":false},"featured_media":30392,"template":"","meta":{"_acf_changed":false,"_genesis_hide_title":false,"_genesis_hide_breadcrumbs":false,"_genesis_hide_singular_image":false,"_genesis_hide_footer_widgets":false,"_genesis_custom_body_class":"","_genesis_custom_post_class":"","_genesis_layout":""},"product_brand":[],"product_cat":[7133,7175,7181],"product_tag":[],"class_list":{"0":"post-30394","1":"product","2":"type-product","3":"status-publish","4":"has-post-thumbnail","6":"product_cat-libres-oc","7":"product_cat-literatura-oc","8":"product_cat-poesia-oc","9":"pa_auteur-lassaque-aurelia-oc","10":"pa_editeur-editions-bruno-doucey-oc","11":"pa_langue-occitan-lengadocian-oc","12":"pa_langue-occitan-francais-oc","13":"entry","15":"first","16":"instock","17":"shipping-taxable","18":"purchasable","19":"product-type-simple"},"acf":[],"_links":{"self":[{"href":"https:\/\/www.libraria-occitana.org\/oc\/wp-json\/wp\/v2\/product\/30394","targetHints":{"allow":["GET"]}}],"collection":[{"href":"https:\/\/www.libraria-occitana.org\/oc\/wp-json\/wp\/v2\/product"}],"about":[{"href":"https:\/\/www.libraria-occitana.org\/oc\/wp-json\/wp\/v2\/types\/product"}],"wp:featuredmedia":[{"embeddable":true,"href":"https:\/\/www.libraria-occitana.org\/oc\/wp-json\/wp\/v2\/media\/30392"}],"wp:attachment":[{"href":"https:\/\/www.libraria-occitana.org\/oc\/wp-json\/wp\/v2\/media?parent=30394"}],"wp:term":[{"taxonomy":"product_brand","embeddable":true,"href":"https:\/\/www.libraria-occitana.org\/oc\/wp-json\/wp\/v2\/product_brand?post=30394"},{"taxonomy":"product_cat","embeddable":true,"href":"https:\/\/www.libraria-occitana.org\/oc\/wp-json\/wp\/v2\/product_cat?post=30394"},{"taxonomy":"product_tag","embeddable":true,"href":"https:\/\/www.libraria-occitana.org\/oc\/wp-json\/wp\/v2\/product_tag?post=30394"}],"curies":[{"name":"wp","href":"https:\/\/api.w.org\/{rel}","templated":true}]}}