{"id":30464,"date":"2015-02-18T14:40:14","date_gmt":"2015-02-18T13:40:14","guid":{"rendered":"http:\/\/www.libraria-occitana.org\/all-products\/larzac-de-la-lutte-paysanne-a-laltermondialisme?lang=oc"},"modified":"2026-04-29T10:26:28","modified_gmt":"2026-04-29T08:26:28","slug":"larzac-de-la-lutte-paysanne-a-laltermondialisme","status":"publish","type":"product","link":"https:\/\/www.libraria-occitana.org\/oc\/produch\/larzac-de-la-lutte-paysanne-a-laltermondialisme\/","title":{"rendered":"Larzac : De la lutte paysanne \u00e0 l&#8217;altermondialisme"},"content":{"rendered":"<p>En 1971, le plateau du Larzac, jusque-l\u00e0 inconnu, acc\u00e8de \u00e0 une notori\u00e9t\u00e9 inattendue lorsque est annonc\u00e9e l&#8217;extension du camp militaire situ\u00e9 en son c\u0153ur. Les agriculteurs locaux s&#8217;engagent dans une protestation, qui durant une d\u00e9cennie (1971-1981), mobilise autour d&#8217;eux un large et h\u00e9t\u00e9roclite mouvement, dynamis\u00e9 par les comit\u00e9s Larzac ayant essaim\u00e9 dans toute la France.<br \/>\nLa victoire de 1981 ne signifie pas la fin de l&#8217;activisme de cette population renouvel\u00e9e. Au contraire, durant les trois d\u00e9cennies qui suivent, le Larzac militant s&#8217;engage dans l&#8217;am\u00e9nagement foncier de son territoire, mais aussi dans le syndicalisme agricole et dans des r\u00e9seaux de solidarit\u00e9 internationale qui m\u00e8nent \u00e0 l&#8217;altermondialisme.<br \/>\nAvec l&#8217;\u00e9mergence de Jos\u00e9 Bov\u00e9, trait d&#8217;union entre les deux p\u00e9riodes, le Larzac revient au-devant de la sc\u00e8ne. Ses actions spectaculaires se situent dans une certaine continuit\u00e9 de la lutte initiale, dont les acteurs perp\u00e9tuent la m\u00e9moire. Le souvenir de ce pass\u00e9 poursuit son cheminement l\u00e9gendaire, bien au-del\u00e0 des limites du plateau. La course aux gaz de schistes, promesse d&#8217;une ind\u00e9pendance \u00e9nerg\u00e9tique mais aussi d&#8217;un cuisant d\u00e9sastre environnemental, t\u00e9moigne de cette parole toujours en acte.<\/p>\n","protected":false},"excerpt":{"rendered":"<p>En 1971, le plateau du Larzac, jusque-l\u00e0 inconnu, acc\u00e8de \u00e0 une notori\u00e9t\u00e9 inattendue lorsque est annonc\u00e9e l&#8217;extension du camp militaire situ\u00e9 en son c\u0153ur. Les agriculteurs locaux s&#8217;engagent dans une protestation, qui durant une d\u00e9cennie (1971-1981), mobilise autour d&#8217;eux un large et h\u00e9t\u00e9roclite mouvement, dynamis\u00e9 par les comit\u00e9s Larzac ayant essaim\u00e9 dans toute la France. [&hellip;]<\/p>\n","protected":false},"featured_media":30462,"template":"","meta":{"_acf_changed":false,"_genesis_hide_title":false,"_genesis_hide_breadcrumbs":false,"_genesis_hide_singular_image":false,"_genesis_hide_footer_widgets":false,"_genesis_custom_body_class":"","_genesis_custom_post_class":"","_genesis_layout":""},"product_brand":[],"product_cat":[7159,7149,7133,7203],"product_tag":[],"class_list":{"0":"post-30464","1":"product","2":"type-product","3":"status-publish","4":"has-post-thumbnail","6":"product_cat-istoria-moderna-e-contemporala-oc","7":"product_cat-istoria-geografia-oc","8":"product_cat-libres-oc","9":"product_cat-politica-sociologia-actualitat-oc","10":"pa_auteur-terral-pierre-marie-oc","11":"pa_editeur-privat-oc","12":"pa_langue-francais-oc","13":"entry","15":"first","16":"outofstock","17":"shipping-taxable","18":"purchasable","19":"product-type-simple"},"acf":[],"_links":{"self":[{"href":"https:\/\/www.libraria-occitana.org\/oc\/wp-json\/wp\/v2\/product\/30464","targetHints":{"allow":["GET"]}}],"collection":[{"href":"https:\/\/www.libraria-occitana.org\/oc\/wp-json\/wp\/v2\/product"}],"about":[{"href":"https:\/\/www.libraria-occitana.org\/oc\/wp-json\/wp\/v2\/types\/product"}],"wp:featuredmedia":[{"embeddable":true,"href":"https:\/\/www.libraria-occitana.org\/oc\/wp-json\/wp\/v2\/media\/30462"}],"wp:attachment":[{"href":"https:\/\/www.libraria-occitana.org\/oc\/wp-json\/wp\/v2\/media?parent=30464"}],"wp:term":[{"taxonomy":"product_brand","embeddable":true,"href":"https:\/\/www.libraria-occitana.org\/oc\/wp-json\/wp\/v2\/product_brand?post=30464"},{"taxonomy":"product_cat","embeddable":true,"href":"https:\/\/www.libraria-occitana.org\/oc\/wp-json\/wp\/v2\/product_cat?post=30464"},{"taxonomy":"product_tag","embeddable":true,"href":"https:\/\/www.libraria-occitana.org\/oc\/wp-json\/wp\/v2\/product_tag?post=30464"}],"curies":[{"name":"wp","href":"https:\/\/api.w.org\/{rel}","templated":true}]}}