{"id":30485,"date":"2014-08-23T06:57:00","date_gmt":"2014-08-23T05:57:00","guid":{"rendered":"http:\/\/www.libraria-occitana.org\/all-products\/bagatoni?lang=oc"},"modified":"2026-04-29T10:31:59","modified_gmt":"2026-04-29T08:31:59","slug":"bagatoni","status":"publish","type":"product","link":"https:\/\/www.libraria-occitana.org\/oc\/produch\/bagatoni\/","title":{"rendered":"Bagatoni"},"content":{"rendered":"<p>Lo vi\u00e8lh quarti\u00e8r marselh\u00e9s de \u00ab Bagatoni \u00bb ont s\u2019i mesclan las ra\u00e7as mediterran\u00e8as \u2013 mai que mai d\u2019Italians \u2013 es tanben lo refugi de la cacibralha e de las bagassas. Aqu\u00ed, un revolucionari pacific, ap\u00f2stol de Tolsto\u00ef capita a crear un lan\u00e7 de frairetat, mas lo mitan torna prene lo dess\u00fas e totas las f\u00f2r\u00e7as marridas se ligan contra el.<br \/>\nAquel roman, tintat de fanga e d\u2019ombra, ric de descripcions coloradas, soslinha la degeneresc\u00e9ncia fisica e morala entra\u00efnada per la mis\u00e8ria. Nos porg\u00eds de sc\u00e8nas d\u2019una languina e d\u2019un desesp\u00e8r sens fons, mentre que d\u2019autras, emprenchas d\u2019un realisme a son paroxisme, s\u2019esclairan d\u2019un gaug sinistre, quand contan de \u00ab tampons \u00bb de guses e d\u2019embriacs \u2013 sc\u00e8nas escrichas ambe un natural e un gaubi rares. L\u2019autor sap balhar una vision precisa e matissada de la realitat mai fastigosa ambe una sensibilitat e una dolor que p\u00f2don pas que nos pertocar prigondament.<br \/>\nLo roman es portat per una escritura nerviosa, poderosa e una lenga populara, rica e acolorida que recuolan pas jamai davant las viraduras rapidas e los mots basses, injurioses, mas expressius e imatjats.<\/p>\n","protected":false},"excerpt":{"rendered":"<p>Lo vi\u00e8lh quarti\u00e8r marselh\u00e9s de \u00ab Bagatoni \u00bb ont s\u2019i mesclan las ra\u00e7as mediterran\u00e8as \u2013 mai que mai d\u2019Italians \u2013 es tanben lo refugi de la cacibralha e de las bagassas. Aqu\u00ed, un revolucionari pacific, ap\u00f2stol de Tolsto\u00ef capita a crear un lan\u00e7 de frairetat, mas lo mitan torna prene lo dess\u00fas e totas las [&hellip;]<\/p>\n","protected":false},"featured_media":30483,"template":"","meta":{"_acf_changed":false,"_genesis_hide_title":false,"_genesis_hide_breadcrumbs":false,"_genesis_hide_singular_image":false,"_genesis_hide_footer_widgets":false,"_genesis_custom_body_class":"","_genesis_custom_post_class":"","_genesis_layout":""},"product_brand":[],"product_cat":[7133,7175,7183],"product_tag":[],"class_list":{"0":"post-30485","1":"product","2":"type-product","3":"status-publish","4":"has-post-thumbnail","6":"product_cat-libres-oc","7":"product_cat-literatura-oc","8":"product_cat-romans-novelas-oc","9":"pa_auteur-bernard-valeri-oc","10":"pa_editeur-editions-des-regionalismes-oc","11":"pa_langue-occitan-oc","12":"pa_langue-occitan-provencau-oc","13":"entry","15":"first","16":"instock","17":"shipping-taxable","18":"purchasable","19":"product-type-simple"},"acf":[],"_links":{"self":[{"href":"https:\/\/www.libraria-occitana.org\/oc\/wp-json\/wp\/v2\/product\/30485","targetHints":{"allow":["GET"]}}],"collection":[{"href":"https:\/\/www.libraria-occitana.org\/oc\/wp-json\/wp\/v2\/product"}],"about":[{"href":"https:\/\/www.libraria-occitana.org\/oc\/wp-json\/wp\/v2\/types\/product"}],"wp:featuredmedia":[{"embeddable":true,"href":"https:\/\/www.libraria-occitana.org\/oc\/wp-json\/wp\/v2\/media\/30483"}],"wp:attachment":[{"href":"https:\/\/www.libraria-occitana.org\/oc\/wp-json\/wp\/v2\/media?parent=30485"}],"wp:term":[{"taxonomy":"product_brand","embeddable":true,"href":"https:\/\/www.libraria-occitana.org\/oc\/wp-json\/wp\/v2\/product_brand?post=30485"},{"taxonomy":"product_cat","embeddable":true,"href":"https:\/\/www.libraria-occitana.org\/oc\/wp-json\/wp\/v2\/product_cat?post=30485"},{"taxonomy":"product_tag","embeddable":true,"href":"https:\/\/www.libraria-occitana.org\/oc\/wp-json\/wp\/v2\/product_tag?post=30485"}],"curies":[{"name":"wp","href":"https:\/\/api.w.org\/{rel}","templated":true}]}}