{"id":30491,"date":"2016-08-25T17:29:02","date_gmt":"2016-08-25T16:29:02","guid":{"rendered":"http:\/\/www.libraria-occitana.org\/all-products\/lei-boumians?lang=oc"},"modified":"2026-04-12T21:31:28","modified_gmt":"2026-04-12T19:31:28","slug":"lei-boumians","status":"publish","type":"product","link":"https:\/\/www.libraria-occitana.org\/oc\/produch\/lei-boumians\/","title":{"rendered":"Lei boumians"},"content":{"rendered":"<p>Malan, un anarquista e son amic Est\u00e8ve, pintre sensible e amor\u00f3s de la vida e de la natura, mas totes dos en rompedura ambe la societat, van c\u00f3rrer lo pa\u00eds a l&#8217;exemple dels boumians qu&#8217;encontrar\u00e0n e que seguir\u00e0n. Aquela escorreguda se transformar\u00e0 per Malan en un viatge al cap de se meteis. Sas relacions ambe los boumians se degalhar\u00e0n pauc a pauc, que sas id\u00e8as anarquistas se maridan mal ambe l&#8217;esperit identitari d&#8217;aquel monde, que per eles, Malan ser\u00e0 lo que p\u00f2rta lo mala\u00fcr (Malan, en proven\u00e7al es sinonime de <em>mala\u00fcr<\/em>). Mas prendr\u00e0 consci\u00e9n\u00e7ia que sa cresen\u00e7a dins las doctrinas libert\u00e0rias es pas qu&#8217;illusion, aqu\u00f2 lo butar\u00e0 a una mena de foli\u00e1 e tot s&#8217;acabar\u00e0 per el dins un endrech emblematic \u00ab Lei Santas-de-la-Mar \u00bb, lu\u00f2c sacrat pels boumians que, qualques annadas apr\u00e8p, i convergir\u00e0n cada an, venguts de pertot. Es tanben lo lu\u00f2c ont se morigu\u00e8t la \u00ab Mir\u00e8io \u00bb de Mistral.<br \/>\nVal\u00e8ri Bernard, que en mai d&#8217;aquel roman, lor consacr\u00e8t mantun po\u00e8ma, pintra aqu\u00ed la comunitat dels Boumians, p\u00f2ble paure mas ufan\u00f3s, maldich e f\u00f2ragetat per la societat, que presenta un dangi\u00e8r per l&#8217;\u00f2rdre social. Coneis, per los aver costejats, lor biais de subreviure, lors supersticions e costumas, lor mesfisan\u00e7a a l&#8217;esgard de los qu&#8217;apertenon pas a lor comunitat, lor rusa e lor perversion, mas tanben sap que son capables del pi\u00e8ger coma del melhor. Ambe sa sensibilitat de pintre, sap descriure ambe realisme las seradas a l&#8217;entorn del fu\u00f2c, ont musica, cants e dan\u00e7as abrandan los c\u00f2rses, las actituds e los agaches dels boumians coma la beutat de las joventas fi\u00e8ras, mas somesas a las r\u00e8glas de la comunitat. Coma dins <em>Bagatoni<\/em>, aquel roman es una mena de constat de l&#8217;insucc\u00e8s d&#8217;una utopia generosa e atiranta, e aqu\u00ed, l&#8217;art e l&#8217;accion politica capitar\u00e0n pas a abonir la societat.<\/p>\n","protected":false},"excerpt":{"rendered":"<p>Malan, un anarquista e son amic Est\u00e8ve, pintre sensible e amor\u00f3s de la vida e de la natura, mas totes dos en rompedura ambe la societat, van c\u00f3rrer lo pa\u00eds a l&#8217;exemple dels boumians qu&#8217;encontrar\u00e0n e que seguir\u00e0n. Aquela escorreguda se transformar\u00e0 per Malan en un viatge al cap de se meteis. Sas relacions ambe [&hellip;]<\/p>\n","protected":false},"featured_media":30489,"template":"","meta":{"_acf_changed":false,"_genesis_hide_title":false,"_genesis_hide_breadcrumbs":false,"_genesis_hide_singular_image":false,"_genesis_hide_footer_widgets":false,"_genesis_custom_body_class":"","_genesis_custom_post_class":"","_genesis_layout":""},"product_brand":[],"product_cat":[7133,7175,7183],"product_tag":[],"class_list":{"0":"post-30491","1":"product","2":"type-product","3":"status-publish","4":"has-post-thumbnail","6":"product_cat-libres-oc","7":"product_cat-literatura-oc","8":"product_cat-romans-novelas-oc","9":"pa_auteur-bernard-valeri-oc","10":"pa_editeur-editions-des-regionalismes-oc","11":"pa_langue-occitan-oc","12":"pa_langue-occitan-provencau-oc","13":"entry","15":"first","16":"instock","17":"shipping-taxable","18":"purchasable","19":"product-type-simple"},"acf":[],"_links":{"self":[{"href":"https:\/\/www.libraria-occitana.org\/oc\/wp-json\/wp\/v2\/product\/30491","targetHints":{"allow":["GET"]}}],"collection":[{"href":"https:\/\/www.libraria-occitana.org\/oc\/wp-json\/wp\/v2\/product"}],"about":[{"href":"https:\/\/www.libraria-occitana.org\/oc\/wp-json\/wp\/v2\/types\/product"}],"wp:featuredmedia":[{"embeddable":true,"href":"https:\/\/www.libraria-occitana.org\/oc\/wp-json\/wp\/v2\/media\/30489"}],"wp:attachment":[{"href":"https:\/\/www.libraria-occitana.org\/oc\/wp-json\/wp\/v2\/media?parent=30491"}],"wp:term":[{"taxonomy":"product_brand","embeddable":true,"href":"https:\/\/www.libraria-occitana.org\/oc\/wp-json\/wp\/v2\/product_brand?post=30491"},{"taxonomy":"product_cat","embeddable":true,"href":"https:\/\/www.libraria-occitana.org\/oc\/wp-json\/wp\/v2\/product_cat?post=30491"},{"taxonomy":"product_tag","embeddable":true,"href":"https:\/\/www.libraria-occitana.org\/oc\/wp-json\/wp\/v2\/product_tag?post=30491"}],"curies":[{"name":"wp","href":"https:\/\/api.w.org\/{rel}","templated":true}]}}