{"id":30496,"date":"2017-04-25T17:54:22","date_gmt":"2017-04-25T16:54:22","guid":{"rendered":"http:\/\/www.libraria-occitana.org\/all-products\/dictionnaire-francais-occitan-languedocien-central?lang=oc"},"modified":"2026-04-29T10:42:39","modified_gmt":"2026-04-29T08:42:39","slug":"dictionnaire-francais-occitan-languedocien-central","status":"publish","type":"product","link":"https:\/\/www.libraria-occitana.org\/oc\/produch\/dictionnaire-francais-occitan-languedocien-central\/","title":{"rendered":"Dictionnaire fran\u00e7ais-occitan : Languedocien central"},"content":{"rendered":"<p>Ce dictionnaire fran\u00e7ais-occitan comporte environ 32000 entr\u00e9es, soit plus de 70000 \u00e9quivalences. Il se propose de donner, pour chaque acception courante du fran\u00e7ais, un ou plusieurs \u00e9quivalents dans la langue occitane en usage dans les parties languedociennes des deux r\u00e9gions Languedoc-Roussillon et Midi-Pyr\u00e9n\u00e9es. Cette langue de communication est aussi celle de la presse \u00e9crite, des \u00e9missions radiophoniques et t\u00e9l\u00e9vis\u00e9es, de l&#8217;internet, et de l&#8217;Universit\u00e9. Elle est pratiqu\u00e9e dans les \u00e9coles Calandretas et dans les sections bilingues de l&#8217;Enseignement public.<br \/>\nL&#8217;ouvrage comprend aussi un certain nombre de pr\u00e9noms occitans usuels, un abr\u00e9g\u00e9 de grammaire, les tableaux de conjugaison des verbes r\u00e9guliers et une liste des principaux verbes irr\u00e9guliers avec leur conjugaison. Il fournit le vocabulaire scientifique et moderne qui est commun \u00e0 tous les dialectes occitans. D&#8217;une consultation facile, il rendra service \u00e0 tout utilisateur francophone qui y trouvera des r\u00e9ponses-propositions pour tous les travaux d&#8217;expression en langue occitane.<br \/>\n\u00c0 la demande de la famille de l&#8217;auteur, cette nouvelle \u00e9dition actualis\u00e9e pr\u00e9sente une liste de corrections \u2013 bas\u00e9es sur l&#8217;\u00e9volution de la norme pour l&#8217;\u00e9criture de la langue occitane \u2013 et de compl\u00e9ments, ainsi qu&#8217;une liste de noms de lieux \u2013 int\u00e9gr\u00e9e avec les pr\u00e9noms dans la liste des noms propres \u2013 que l&#8217;on doit au travail rigoureux de Serge Granier.<\/p>\n<p>Christian Laux est n\u00e9 en 1934 \u00e0 Lugn\u00e9 (H\u00e9rault) et mort \u00e0 Albi (Tarn) en 2002. Sa formation scientifique l&#8217;avait men\u00e9 \u00e0 l&#8217;\u00c9cole Normale Sup\u00e9rieure de l&#8217;Enseignement Technique de Cachan. Professeur de sciences physiques et d&#8217;occitan \u00e0 Albi, sa passion pour \u00ab la lenga n\u00f2stra \u00bb le poussera \u00e0 l&#8217;\u00e9criture et \u00e0 la linguistique. S&#8217;il fut un romancier sensible et attachant avec <em>La coa de la cabra<\/em> (1978), <em>Garriguenc<\/em> (1997), <em>Los u\u00e8lhs de l&#8217;anh\u00e8l<\/em> (1999), <em>Joan Delcaire<\/em> (parution posthume en 2003), il mena un travail de linguiste unanimement reconnu avec la publication de son <em>Dictionnaire fran\u00e7ais-occitan<\/em> (1997) et son <em>Dictionnaire occitan-fran\u00e7ais<\/em> (2001).<\/p>\n","protected":false},"excerpt":{"rendered":"<p>Ce dictionnaire fran\u00e7ais-occitan comporte environ 32000 entr\u00e9es, soit plus de 70000 \u00e9quivalences. Il se propose de donner, pour chaque acception courante du fran\u00e7ais, un ou plusieurs \u00e9quivalents dans la langue occitane en usage dans les parties languedociennes des deux r\u00e9gions Languedoc-Roussillon et Midi-Pyr\u00e9n\u00e9es. Cette langue de communication est aussi celle de la presse \u00e9crite, des [&hellip;]<\/p>\n","protected":false},"featured_media":30494,"template":"","meta":{"_acf_changed":false,"_genesis_hide_title":false,"_genesis_hide_breadcrumbs":false,"_genesis_hide_singular_image":false,"_genesis_hide_footer_widgets":false,"_genesis_custom_body_class":"","_genesis_custom_post_class":"","_genesis_layout":""},"product_brand":[],"product_cat":[7139,7137,7133],"product_tag":[],"class_list":{"0":"post-30496","1":"product","2":"type-product","3":"status-publish","4":"has-post-thumbnail","6":"product_cat-diccionaris-gramaticas-oc","7":"product_cat-diccionaris-lenga-escolar-oc","8":"product_cat-libres-oc","9":"pa_auteur-laux-christian-oc","10":"pa_editeur-ieo-fr-oc","11":"pa_langue-occitan-lengadocian-oc","12":"pa_langue-occitan-francais-oc","13":"entry","15":"first","16":"instock","17":"shipping-taxable","18":"purchasable","19":"product-type-simple"},"acf":[],"_links":{"self":[{"href":"https:\/\/www.libraria-occitana.org\/oc\/wp-json\/wp\/v2\/product\/30496","targetHints":{"allow":["GET"]}}],"collection":[{"href":"https:\/\/www.libraria-occitana.org\/oc\/wp-json\/wp\/v2\/product"}],"about":[{"href":"https:\/\/www.libraria-occitana.org\/oc\/wp-json\/wp\/v2\/types\/product"}],"wp:featuredmedia":[{"embeddable":true,"href":"https:\/\/www.libraria-occitana.org\/oc\/wp-json\/wp\/v2\/media\/30494"}],"wp:attachment":[{"href":"https:\/\/www.libraria-occitana.org\/oc\/wp-json\/wp\/v2\/media?parent=30496"}],"wp:term":[{"taxonomy":"product_brand","embeddable":true,"href":"https:\/\/www.libraria-occitana.org\/oc\/wp-json\/wp\/v2\/product_brand?post=30496"},{"taxonomy":"product_cat","embeddable":true,"href":"https:\/\/www.libraria-occitana.org\/oc\/wp-json\/wp\/v2\/product_cat?post=30496"},{"taxonomy":"product_tag","embeddable":true,"href":"https:\/\/www.libraria-occitana.org\/oc\/wp-json\/wp\/v2\/product_tag?post=30496"}],"curies":[{"name":"wp","href":"https:\/\/api.w.org\/{rel}","templated":true}]}}