{"id":32917,"date":"2007-08-14T08:18:22","date_gmt":"2007-08-14T06:18:22","guid":{"rendered":"http:\/\/www.libraria-occitana.org\/?post_type=product&#038;p=32917\/"},"modified":"2026-04-16T05:46:21","modified_gmt":"2026-04-16T03:46:21","slug":"vocabulari-occitan-japones","status":"publish","type":"product","link":"https:\/\/www.libraria-occitana.org\/oc\/produch\/vocabulari-occitan-japones\/","title":{"rendered":"Vocabulari occitan-japon\u00e9s"},"content":{"rendered":"<p>6500 mots occitans traduits en japonais pour apprendre le vocabulaire de la vie quotidienne en 41 th\u00e8mes : <strong>lo temps que passa, la vestidura, l\u2019ostal, las lengas<\/strong>\u2026 avec index alphab\u00e9tique en occitan et en japonais et bibliographie. Un outil p\u00e9dagogique \u00e0 destination des Japonais qui souhaitent apprendre l\u2019occitan&#8230; et des Occitans qui veulent d\u00e9couvrir le japonais.<\/p>\n","protected":false},"excerpt":{"rendered":"<p>6500 mots occitans traduits en japonais pour apprendre le vocabulaire de la vie quotidienne en 41 th\u00e8mes : lo temps que passa, la vestidura, l\u2019ostal, las lengas\u2026 avec index alphab\u00e9tique en occitan et en japonais et bibliographie. Un outil p\u00e9dagogique \u00e0 destination des Japonais qui souhaitent apprendre l\u2019occitan&#8230; et des Occitans qui veulent d\u00e9couvrir le [&hellip;]<\/p>\n","protected":false},"featured_media":60366,"template":"","meta":{"_acf_changed":false,"_genesis_hide_title":false,"_genesis_hide_breadcrumbs":false,"_genesis_hide_singular_image":false,"_genesis_hide_footer_widgets":false,"_genesis_custom_body_class":"","_genesis_custom_post_class":"","_genesis_layout":""},"product_brand":[],"product_cat":[7137,7133,7147],"product_tag":[],"class_list":{"0":"post-32917","1":"product","2":"type-product","3":"status-publish","4":"has-post-thumbnail","6":"product_cat-diccionaris-lenga-escolar-oc","7":"product_cat-libres-oc","8":"product_cat-vocabulari-biais-de-dire-oc","9":"pa_auteur-sano-naoko-oc","10":"pa_editeur-daigaku-shorin-oc","11":"pa_langue-autras-lingas-oc","12":"pa_langue-occitan-oc","13":"pa_langue-occitan-lengadocian-oc","14":"entry","16":"first","17":"instock","18":"sold-individually","19":"shipping-taxable","20":"purchasable","21":"product-type-simple"},"acf":[],"_links":{"self":[{"href":"https:\/\/www.libraria-occitana.org\/oc\/wp-json\/wp\/v2\/product\/32917","targetHints":{"allow":["GET"]}}],"collection":[{"href":"https:\/\/www.libraria-occitana.org\/oc\/wp-json\/wp\/v2\/product"}],"about":[{"href":"https:\/\/www.libraria-occitana.org\/oc\/wp-json\/wp\/v2\/types\/product"}],"wp:featuredmedia":[{"embeddable":true,"href":"https:\/\/www.libraria-occitana.org\/oc\/wp-json\/wp\/v2\/media\/60366"}],"wp:attachment":[{"href":"https:\/\/www.libraria-occitana.org\/oc\/wp-json\/wp\/v2\/media?parent=32917"}],"wp:term":[{"taxonomy":"product_brand","embeddable":true,"href":"https:\/\/www.libraria-occitana.org\/oc\/wp-json\/wp\/v2\/product_brand?post=32917"},{"taxonomy":"product_cat","embeddable":true,"href":"https:\/\/www.libraria-occitana.org\/oc\/wp-json\/wp\/v2\/product_cat?post=32917"},{"taxonomy":"product_tag","embeddable":true,"href":"https:\/\/www.libraria-occitana.org\/oc\/wp-json\/wp\/v2\/product_tag?post=32917"}],"curies":[{"name":"wp","href":"https:\/\/api.w.org\/{rel}","templated":true}]}}