{"id":32924,"date":"1999-01-01T11:49:33","date_gmt":"1999-01-01T10:49:33","guid":{"rendered":"http:\/\/www.libraria-occitana.org\/?post_type=product&#038;p=32924\/"},"modified":"2026-04-17T04:06:28","modified_gmt":"2026-04-17T02:06:28","slug":"violons-limousins-abaqui-paubres-drolles","status":"publish","type":"product","link":"https:\/\/www.libraria-occitana.org\/oc\/produch\/violons-limousins-abaqui-paubres-drolles\/","title":{"rendered":"Violons limousins : Ab&#8217;aqui paubres dr\u00f2lles"},"content":{"rendered":"<p>Des m\u00e9lodies anciennes, sauv\u00e9es de l&#8217;oubli par les collectes des ann\u00e9es 70 et 80 sont pr\u00e9sent\u00e9es ici avec des arrangements polyphoniques vari\u00e9s, qui leur offrent des sonorit\u00e9s jusque l\u00e0 in\u00e9dites. Elles sont interpr\u00e9t\u00e9es par une vingtaine de musiciens appartenant au d\u00e9partement de musique traditionnelle du CNR de Limoges.<\/p>\n<p>Livret avec texte des chansons (occitan avec traduction fran\u00e7aise).<\/p>\n<p><strong>Titres :<\/strong><br \/>\n1. Ab&#8217;aqui paubres dr\u00f2lles &#8211; Los Chaumelhos 3&#8217;35<br \/>\n2. Marches de noces 3&#8217;07<br \/>\n3. La mau maridada 3&#8217;16<br \/>\n4. Ma maire se sabiatz 2&#8217;28<br \/>\n5. Tu lo li tendras 1&#8217;52<br \/>\n6. R\u00e9veillez-vous les hommes 2&#8217;02<br \/>\n7. Lo cocut e l&#8217;irondela et Lo darrier jorn de l&#8217;an 4&#8217;54<br \/>\n8. Chanson de Saint-Salvadour 2&#8217;26<br \/>\n9. Fai anar ton violon &#8211; Paubra maire &#8211; Bourr\u00e9e 3&#8217;02<br \/>\n10. Le nid de fauvettes 2&#8217;06<br \/>\n11. Marches de noces 2&#8217;18<br \/>\n12. Le soldat de 28 ans 4&#8217;28<br \/>\n13. Bourr\u00e9e de l&#8217;Arabe &#8211; Carnaval Passe 2&#8217;12<br \/>\n14. R\u00e9veillez-vous les gens 3&#8217;15<br \/>\n15. Bela Franchon 4&#8217;43<br \/>\n16. Marche de noces 3&#8217;46<\/p>\n","protected":false},"excerpt":{"rendered":"<p>Des m\u00e9lodies anciennes, sauv\u00e9es de l&#8217;oubli par les collectes des ann\u00e9es 70 et 80 sont pr\u00e9sent\u00e9es ici avec des arrangements polyphoniques vari\u00e9s, qui leur offrent des sonorit\u00e9s jusque l\u00e0 in\u00e9dites. Elles sont interpr\u00e9t\u00e9es par une vingtaine de musiciens appartenant au d\u00e9partement de musique traditionnelle du CNR de Limoges. Livret avec texte des chansons (occitan avec [&hellip;]<\/p>\n","protected":false},"featured_media":44318,"template":"","meta":{"_acf_changed":false,"_genesis_hide_title":false,"_genesis_hide_breadcrumbs":false,"_genesis_hide_singular_image":false,"_genesis_hide_footer_widgets":false,"_genesis_custom_body_class":"","_genesis_custom_post_class":"","_genesis_layout":""},"product_brand":[],"product_cat":[16683,7229],"product_tag":[],"class_list":{"0":"post-32924","1":"product","2":"type-product","3":"status-publish","4":"has-post-thumbnail","6":"product_cat-musica-oc","7":"product_cat-novela-tradicion-oc","8":"pa_auteur-dpt-musique-traditionnelle-du-crr-de-limoges-oc","9":"pa_editeur-la-trad-bande-oc","10":"pa_langue-francais-oc","11":"pa_langue-occitan-oc","12":"pa_langue-occitan-lemosin-oc","13":"entry","15":"first","16":"instock","17":"shipping-taxable","18":"purchasable","19":"product-type-simple"},"acf":[],"_links":{"self":[{"href":"https:\/\/www.libraria-occitana.org\/oc\/wp-json\/wp\/v2\/product\/32924","targetHints":{"allow":["GET"]}}],"collection":[{"href":"https:\/\/www.libraria-occitana.org\/oc\/wp-json\/wp\/v2\/product"}],"about":[{"href":"https:\/\/www.libraria-occitana.org\/oc\/wp-json\/wp\/v2\/types\/product"}],"wp:featuredmedia":[{"embeddable":true,"href":"https:\/\/www.libraria-occitana.org\/oc\/wp-json\/wp\/v2\/media\/44318"}],"wp:attachment":[{"href":"https:\/\/www.libraria-occitana.org\/oc\/wp-json\/wp\/v2\/media?parent=32924"}],"wp:term":[{"taxonomy":"product_brand","embeddable":true,"href":"https:\/\/www.libraria-occitana.org\/oc\/wp-json\/wp\/v2\/product_brand?post=32924"},{"taxonomy":"product_cat","embeddable":true,"href":"https:\/\/www.libraria-occitana.org\/oc\/wp-json\/wp\/v2\/product_cat?post=32924"},{"taxonomy":"product_tag","embeddable":true,"href":"https:\/\/www.libraria-occitana.org\/oc\/wp-json\/wp\/v2\/product_tag?post=32924"}],"curies":[{"name":"wp","href":"https:\/\/api.w.org\/{rel}","templated":true}]}}