{"id":32925,"date":"2001-02-23T18:24:07","date_gmt":"2001-02-23T17:24:07","guid":{"rendered":"http:\/\/www.libraria-occitana.org\/?post_type=product&#038;p=32925\/"},"modified":"2026-04-29T02:16:21","modified_gmt":"2026-04-29T00:16:21","slug":"vint-ans-aprep","status":"publish","type":"product","link":"https:\/\/www.libraria-occitana.org\/oc\/produch\/vint-ans-aprep\/","title":{"rendered":"Vint ans apr\u00e8p"},"content":{"rendered":"<p>R\u00e9\u00e9dition de l&#8217;album <em>Vint ans apr\u00e8p<\/em> sorti en 1993, avec en bonus la <em>Ballade d&#8217;Adrien<\/em>.<br \/>\nCe CD enti\u00e8rement en occitan, aux sonorit\u00e9s jazz, blues et rock, m\u00eale des reprises d&#8217;anciennes chansons des ann\u00e9es 70 r\u00e9actualis\u00e9es (7) et des compositions.<br \/>\nLe livret, illustr\u00e9 par Jos\u00e9 Corr\u00e9a, contient les textes des chansons.<\/p>\n<p><strong>Titres :<\/strong><br \/>\n1. Vint ans apr\u00e8p 3&#8217;47<br \/>\n2. La bona chan\u00e7on 3&#8217;06<br \/>\n3. L&#8217;eissarpa de fu\u00f2c 3&#8217;56<br \/>\n4. Pres\u00e9ncias 3&#8217;07<br \/>\n5. Cal pas te&#8217;n far 2&#8217;56<br \/>\n6. La vielha 3&#8217;34<br \/>\n7. Legenda 2&#8217;24<br \/>\n8. Pichona 3&#8217;33<br \/>\n9. Lo vilatge nejat 2&#8217;25<br \/>\n10. L&#8217;eternitat 4&#8217;01<br \/>\n11. Bel\u00e8u 3&#8217;37<br \/>\n12. T&#8217;aimarai 2&#8217;56<br \/>\n13. Petrocorus blu 3&#8217;29<br \/>\n14. Ni diu, ni m\u00e8stre 4&#8217;17<br \/>\n15. (Bonus) Ballade d&#8217;Adrien 3&#8217;22<\/p>\n","protected":false},"excerpt":{"rendered":"<p>R\u00e9\u00e9dition de l&#8217;album Vint ans apr\u00e8p sorti en 1993, avec en bonus la Ballade d&#8217;Adrien. Ce CD enti\u00e8rement en occitan, aux sonorit\u00e9s jazz, blues et rock, m\u00eale des reprises d&#8217;anciennes chansons des ann\u00e9es 70 r\u00e9actualis\u00e9es (7) et des compositions. Le livret, illustr\u00e9 par Jos\u00e9 Corr\u00e9a, contient les textes des chansons. Titres : 1. Vint ans [&hellip;]<\/p>\n","protected":false},"featured_media":52078,"template":"","meta":{"_acf_changed":false,"_genesis_hide_title":false,"_genesis_hide_breadcrumbs":false,"_genesis_hide_singular_image":false,"_genesis_hide_footer_widgets":false,"_genesis_custom_body_class":"","_genesis_custom_post_class":"","_genesis_layout":""},"product_brand":[],"product_cat":[7219,16683],"product_tag":[],"class_list":{"0":"post-32925","1":"product","2":"type-product","3":"status-publish","4":"has-post-thumbnail","6":"product_cat-chancon-oc","7":"product_cat-musica-oc","8":"pa_auteur-verdier-joan-pau-oc","9":"pa_editeur-ieo-perigord-novelum-oc","10":"pa_langue-occitan-lemosin-oc","11":"pa_langue-occitan-lengadocian-oc","12":"pa_langue-occitan-francais-oc","13":"entry","15":"first","16":"outofstock","17":"shipping-taxable","18":"purchasable","19":"product-type-simple"},"acf":[],"_links":{"self":[{"href":"https:\/\/www.libraria-occitana.org\/oc\/wp-json\/wp\/v2\/product\/32925","targetHints":{"allow":["GET"]}}],"collection":[{"href":"https:\/\/www.libraria-occitana.org\/oc\/wp-json\/wp\/v2\/product"}],"about":[{"href":"https:\/\/www.libraria-occitana.org\/oc\/wp-json\/wp\/v2\/types\/product"}],"wp:featuredmedia":[{"embeddable":true,"href":"https:\/\/www.libraria-occitana.org\/oc\/wp-json\/wp\/v2\/media\/52078"}],"wp:attachment":[{"href":"https:\/\/www.libraria-occitana.org\/oc\/wp-json\/wp\/v2\/media?parent=32925"}],"wp:term":[{"taxonomy":"product_brand","embeddable":true,"href":"https:\/\/www.libraria-occitana.org\/oc\/wp-json\/wp\/v2\/product_brand?post=32925"},{"taxonomy":"product_cat","embeddable":true,"href":"https:\/\/www.libraria-occitana.org\/oc\/wp-json\/wp\/v2\/product_cat?post=32925"},{"taxonomy":"product_tag","embeddable":true,"href":"https:\/\/www.libraria-occitana.org\/oc\/wp-json\/wp\/v2\/product_tag?post=32925"}],"curies":[{"name":"wp","href":"https:\/\/api.w.org\/{rel}","templated":true}]}}