{"id":32932,"date":"2013-07-12T20:00:55","date_gmt":"2013-07-12T18:00:55","guid":{"rendered":"http:\/\/www.libraria-occitana.org\/?post_type=product&#038;p=32932\/"},"modified":"2026-04-29T10:40:48","modified_gmt":"2026-04-29T08:40:48","slug":"viaur-lombre-douce-de-la-nuit-larbaletrier-de-miramont","status":"publish","type":"product","link":"https:\/\/www.libraria-occitana.org\/oc\/produch\/viaur-lombre-douce-de-la-nuit-larbaletrier-de-miramont\/","title":{"rendered":"Viaur : L&#8217;ombre douce de la nuit \/ L&#8217;arbal\u00e9trier de Miramont"},"content":{"rendered":"<p>Recueil de deux ouvrages de Robert Marty, \u00e9crits et publi\u00e9s initialement en occitan chez IEO Edicions :<\/p>\n<ul>\n<li><em>L\u2019ombre douce de la nuit<\/em> (<em>L\u2019ombra do\u00e7a de la nu\u00e8ch<\/em>) : Dans ce train qui m\u00e8ne l\u2019auteur \u00e0 Naucelle, les choses peu \u00e0 peu se d\u00e9r\u00e8glent et ce convoi lanc\u00e9 dans l\u2019ombre douce de la nuit semble ne jamais arriver\u2026<\/li>\n<\/ul>\n<ul>\n<li><em>L\u2019arbal\u00e9trier de Miramont<\/em> (<a href=\"http:\/\/www.libraria-occitana.org\/produit\/lo-balestrier-de-miramont\/\"><em>Lo balestri\u00e8r de Miramont<\/em><\/a>) : O\u00f9 s\u2019arr\u00eatera la mal\u00e9diction de l\u2019arbal\u00e9trier de Miramont qui n\u2019en finit pas de peser \u00e0 travers les si\u00e8cles sur la vie des habitants des rives du Viaur ?<\/li>\n<\/ul>\n<p>\u00ab Ce qui compte, au bout du conte, c\u2019est cette parole du narrateur qui nous tient en haleine jusqu\u2019\u00e0 la fin en nous racontant deux histoires extraordinaires, \u00e9mouvantes, profondes et, j\u2019ose le mot, belles. \u00bb<\/p>\n<p style=\"text-align: right;\">\u00c9ric Fraj<\/p>\n","protected":false},"excerpt":{"rendered":"<p>Recueil de deux ouvrages de Robert Marty, \u00e9crits et publi\u00e9s initialement en occitan chez IEO Edicions : L\u2019ombre douce de la nuit (L\u2019ombra do\u00e7a de la nu\u00e8ch) : Dans ce train qui m\u00e8ne l\u2019auteur \u00e0 Naucelle, les choses peu \u00e0 peu se d\u00e9r\u00e8glent et ce convoi lanc\u00e9 dans l\u2019ombre douce de la nuit semble ne [&hellip;]<\/p>\n","protected":false},"featured_media":54206,"template":"","meta":{"_acf_changed":false,"_genesis_hide_title":false,"_genesis_hide_breadcrumbs":false,"_genesis_hide_singular_image":false,"_genesis_hide_footer_widgets":false,"_genesis_custom_body_class":"","_genesis_custom_post_class":"","_genesis_layout":""},"product_brand":[],"product_cat":[7133,7175,7179],"product_tag":[],"class_list":{"0":"post-32932","1":"product","2":"type-product","3":"status-publish","4":"has-post-thumbnail","6":"product_cat-libres-oc","7":"product_cat-literatura-oc","8":"product_cat-literatura-occitana-en-frances-oc","9":"pa_auteur-marti-robert-oc","10":"pa_editeur-ieo-fr-oc","11":"pa_illustrateur-fraj-eric-1-oc","12":"pa_langue-francais-oc","13":"entry","15":"first","16":"instock","17":"shipping-taxable","18":"purchasable","19":"product-type-simple"},"acf":[],"_links":{"self":[{"href":"https:\/\/www.libraria-occitana.org\/oc\/wp-json\/wp\/v2\/product\/32932","targetHints":{"allow":["GET"]}}],"collection":[{"href":"https:\/\/www.libraria-occitana.org\/oc\/wp-json\/wp\/v2\/product"}],"about":[{"href":"https:\/\/www.libraria-occitana.org\/oc\/wp-json\/wp\/v2\/types\/product"}],"wp:featuredmedia":[{"embeddable":true,"href":"https:\/\/www.libraria-occitana.org\/oc\/wp-json\/wp\/v2\/media\/54206"}],"wp:attachment":[{"href":"https:\/\/www.libraria-occitana.org\/oc\/wp-json\/wp\/v2\/media?parent=32932"}],"wp:term":[{"taxonomy":"product_brand","embeddable":true,"href":"https:\/\/www.libraria-occitana.org\/oc\/wp-json\/wp\/v2\/product_brand?post=32932"},{"taxonomy":"product_cat","embeddable":true,"href":"https:\/\/www.libraria-occitana.org\/oc\/wp-json\/wp\/v2\/product_cat?post=32932"},{"taxonomy":"product_tag","embeddable":true,"href":"https:\/\/www.libraria-occitana.org\/oc\/wp-json\/wp\/v2\/product_tag?post=32932"}],"curies":[{"name":"wp","href":"https:\/\/api.w.org\/{rel}","templated":true}]}}