{"id":32940,"date":"2007-01-26T18:15:13","date_gmt":"2007-01-26T17:15:13","guid":{"rendered":"http:\/\/www.libraria-occitana.org\/?post_type=product&#038;p=32940\/"},"modified":"2026-04-22T07:56:28","modified_gmt":"2026-04-22T05:56:28","slug":"ventadour-passe-present-avenir","status":"publish","type":"product","link":"https:\/\/www.libraria-occitana.org\/oc\/produch\/ventadour-passe-present-avenir\/","title":{"rendered":"Ventadour : Pass\u00e9, pr\u00e9sent, avenir"},"content":{"rendered":"<p>Une Table ronde r\u00e9unissant des responsables locaux et des sp\u00e9cialistes de disciplines scientifiques et artistiques, avait amorc\u00e9 en l\u2019an 2000 la r\u00e9flexion que compl\u00e8tent ici de nouveaux intervenants : le patrimoine, les travaux de sauvetage, la mise en valeur culturelle et touristique.<\/p>\n<p>Quelle signification et quelle utilit\u00e9 peut prendre Ventadour \u2013 site, ch\u00e2teau, patrimoine po\u00e9tique, vicomt\u00e9 \u2013 dans les temps pr\u00e9sents ?<\/p>\n<p><strong>Somari :<\/strong><br \/>\n&#8211; M\u00e9thodologie d&#8217;une campagne de travaux par Stefan Manciulescu<br \/>\n&#8211; Ventadour, un site sublime par Fran\u00e7oise Maison<br \/>\n&#8211; La for\u00eat dans le paysage de Ventadour par Jean-Paul Coquebert<br \/>\n&#8211; Pourquoi Ventadour ? par Dominique Audrerie<br \/>\n&#8211; Strat\u00e9gies actuelles de relation avec le Moyen \u00c2ge : une diplomatie symbolique par G\u00e9rard Chand\u00e8s<br \/>\n&#8211; Pour un catalogue des actes des vicomtes, puis comtes de Ventadour par Jean-Loup Lemaitre<br \/>\n&#8211; L&#8217;organisation du site castral de Ventadour, Pistes de r\u00e9flexion \u00e0 l&#8217;occasion des travaux de consolidation par Christian R\u00e9my<br \/>\n&#8211; Identit\u00e9 de Ventadour par Luc de Goustine<br \/>\n&#8211; Bernart de Ventadorn et le drame de la <em>fin&#8217; amor<\/em> par Peter Ricketts<br \/>\n&#8211; Notices retrouv\u00e9es, ou <em>gab<\/em> troubadouresque autour de Bernart de Ventadorn par Jan dau Melhau<\/p>\n","protected":false},"excerpt":{"rendered":"<p>Une Table ronde r\u00e9unissant des responsables locaux et des sp\u00e9cialistes de disciplines scientifiques et artistiques, avait amorc\u00e9 en l\u2019an 2000 la r\u00e9flexion que compl\u00e8tent ici de nouveaux intervenants : le patrimoine, les travaux de sauvetage, la mise en valeur culturelle et touristique. Quelle signification et quelle utilit\u00e9 peut prendre Ventadour \u2013 site, ch\u00e2teau, patrimoine po\u00e9tique, [&hellip;]<\/p>\n","protected":false},"featured_media":37319,"template":"","meta":{"_acf_changed":false,"_genesis_hide_title":false,"_genesis_hide_breadcrumbs":false,"_genesis_hide_singular_image":false,"_genesis_hide_footer_widgets":false,"_genesis_custom_body_class":"","_genesis_custom_post_class":"","_genesis_layout":""},"product_brand":[],"product_cat":[7133,7215,7207],"product_tag":[],"class_list":{"0":"post-32940","1":"product","2":"type-product","3":"status-publish","4":"has-post-thumbnail","6":"product_cat-libres-oc","7":"product_cat-patrimoni-bastit-oc","8":"product_cat-tradicions-patrimoni-oc","9":"pa_auteur-collectiu-oc-2","10":"pa_editeur-carrefour-ventadour-fr-oc","11":"pa_langue-francais-oc","12":"entry","14":"first","15":"outofstock","16":"shipping-taxable","17":"purchasable","18":"product-type-simple"},"acf":[],"_links":{"self":[{"href":"https:\/\/www.libraria-occitana.org\/oc\/wp-json\/wp\/v2\/product\/32940","targetHints":{"allow":["GET"]}}],"collection":[{"href":"https:\/\/www.libraria-occitana.org\/oc\/wp-json\/wp\/v2\/product"}],"about":[{"href":"https:\/\/www.libraria-occitana.org\/oc\/wp-json\/wp\/v2\/types\/product"}],"wp:featuredmedia":[{"embeddable":true,"href":"https:\/\/www.libraria-occitana.org\/oc\/wp-json\/wp\/v2\/media\/37319"}],"wp:attachment":[{"href":"https:\/\/www.libraria-occitana.org\/oc\/wp-json\/wp\/v2\/media?parent=32940"}],"wp:term":[{"taxonomy":"product_brand","embeddable":true,"href":"https:\/\/www.libraria-occitana.org\/oc\/wp-json\/wp\/v2\/product_brand?post=32940"},{"taxonomy":"product_cat","embeddable":true,"href":"https:\/\/www.libraria-occitana.org\/oc\/wp-json\/wp\/v2\/product_cat?post=32940"},{"taxonomy":"product_tag","embeddable":true,"href":"https:\/\/www.libraria-occitana.org\/oc\/wp-json\/wp\/v2\/product_tag?post=32940"}],"curies":[{"name":"wp","href":"https:\/\/api.w.org\/{rel}","templated":true}]}}