{"id":32954,"date":"2011-06-13T12:15:57","date_gmt":"2011-06-13T10:15:57","guid":{"rendered":"http:\/\/www.libraria-occitana.org\/?post_type=product&#038;p=32954\/"},"modified":"2026-04-16T00:01:27","modified_gmt":"2026-04-15T22:01:27","slug":"une-histoire-de-la-photographie-a-limoges-1839-1914","status":"publish","type":"product","link":"https:\/\/www.libraria-occitana.org\/oc\/produch\/une-histoire-de-la-photographie-a-limoges-1839-1914\/","title":{"rendered":"Une histoire de la photographie \u00e0 Limoges 1839-1914"},"content":{"rendered":"<div>\n<p><strong class=\"caractencadre-spip spip\">Plus de 150 illustrations\u2026 un r\u00e9pertoire des photographes, premi\u00e8re recension utile pour l\u2019amateur, le sp\u00e9cialiste comme le collectionneur.<\/strong><\/p>\n<p>L\u2019int\u00e9r\u00eat du grand public pour la photographie s\u2019est r\u00e9v\u00e9l\u00e9 lors des premi\u00e8res expositions organis\u00e9es par les mus\u00e9es nationaux et la Biblioth\u00e8que nationale de France depuis les ann\u00e9es 1980. Leur succ\u00e8s ne s\u2019est pas d\u00e9menti et peu \u00e0 peu s\u2019est \u00e9crite l\u2019histoire de la photographie \u00e0 Paris comme en province.<\/p>\n<p>Jean-Marc Ferrer et \u00c9tienne Rouzi\u00e8s ont souhait\u00e9 inscrire la capitale limousine dans cette histoire nationale en proposant un parcours th\u00e9matique et visuel in\u00e9dit. Leur \u00e9tude est bas\u00e9e sur une premi\u00e8re \u00e9valuation des fonds photographiques conserv\u00e9s en collections publiques et priv\u00e9es. L\u2019int\u00e9r\u00eat est double\u00a0: les habitants de la ville d\u00e9couvriront la sensibilit\u00e9 des regards port\u00e9s sur la cit\u00e9 porcelaini\u00e8re au XIX<sup class=\"typo_exposants\">e<\/sup> si\u00e8cle, et les amateurs comme les sp\u00e9cialistes y trouveront un choix d\u2019images et de textes embrassant l\u2019histoire de la photographie et de ses implications esth\u00e9tiques.<\/p>\n<p>Cet ouvrage, r\u00e9alis\u00e9 \u00e0 l\u2019occasion de l\u2019exposition \u00ab Limoges r\u00e9v\u00e9l\u00e9e. Une ville et l\u2019art photographique (1839-1914) \u00bb, est une invitation \u00e0 se laisser porter par les d\u00e9licates images des pionniers de la photographie jusqu\u2019aux \u00e9preuves pictorialistes de Paul Burty Haviland, sans oublier les paysages urbains de Jean-Baptiste Audiguet ou d\u2019Hippolyte Blancard et les rares autochromes de Jean Jov\u00e9.<\/p>\n<p>Les plus belles photographies sur Limoges avec des raret\u00e9s absolues gr\u00e2ce aux pr\u00eats de nombreux collectionneurs\u00a0: paysages , sc\u00e8nes de vie, photographies plasticiennes\u2026<\/p>\n<\/div>\n","protected":false},"excerpt":{"rendered":"<p>Plus de 150 illustrations\u2026 un r\u00e9pertoire des photographes, premi\u00e8re recension utile pour l\u2019amateur, le sp\u00e9cialiste comme le collectionneur. L\u2019int\u00e9r\u00eat du grand public pour la photographie s\u2019est r\u00e9v\u00e9l\u00e9 lors des premi\u00e8res expositions organis\u00e9es par les mus\u00e9es nationaux et la Biblioth\u00e8que nationale de France depuis les ann\u00e9es 1980. Leur succ\u00e8s ne s\u2019est pas d\u00e9menti et peu \u00e0 [&hellip;]<\/p>\n","protected":false},"featured_media":37927,"template":"","meta":{"_acf_changed":false,"_genesis_hide_title":false,"_genesis_hide_breadcrumbs":false,"_genesis_hide_singular_image":false,"_genesis_hide_footer_widgets":false,"_genesis_custom_body_class":"","_genesis_custom_post_class":"","_genesis_layout":""},"product_brand":[],"product_cat":[7135,7133],"product_tag":[],"class_list":{"0":"post-32954","1":"product","2":"type-product","3":"status-publish","4":"has-post-thumbnail","6":"product_cat-arts-oc","7":"product_cat-libres-oc","8":"pa_auteur-ferrer-jean-marc-oc","9":"pa_auteur-rouzies-etienne-oc","10":"pa_editeur-les-ardents-editeurs-oc","11":"pa_langue-francais-oc","12":"entry","14":"first","15":"instock","16":"shipping-taxable","17":"purchasable","18":"product-type-simple"},"acf":[],"_links":{"self":[{"href":"https:\/\/www.libraria-occitana.org\/oc\/wp-json\/wp\/v2\/product\/32954","targetHints":{"allow":["GET"]}}],"collection":[{"href":"https:\/\/www.libraria-occitana.org\/oc\/wp-json\/wp\/v2\/product"}],"about":[{"href":"https:\/\/www.libraria-occitana.org\/oc\/wp-json\/wp\/v2\/types\/product"}],"wp:featuredmedia":[{"embeddable":true,"href":"https:\/\/www.libraria-occitana.org\/oc\/wp-json\/wp\/v2\/media\/37927"}],"wp:attachment":[{"href":"https:\/\/www.libraria-occitana.org\/oc\/wp-json\/wp\/v2\/media?parent=32954"}],"wp:term":[{"taxonomy":"product_brand","embeddable":true,"href":"https:\/\/www.libraria-occitana.org\/oc\/wp-json\/wp\/v2\/product_brand?post=32954"},{"taxonomy":"product_cat","embeddable":true,"href":"https:\/\/www.libraria-occitana.org\/oc\/wp-json\/wp\/v2\/product_cat?post=32954"},{"taxonomy":"product_tag","embeddable":true,"href":"https:\/\/www.libraria-occitana.org\/oc\/wp-json\/wp\/v2\/product_tag?post=32954"}],"curies":[{"name":"wp","href":"https:\/\/api.w.org\/{rel}","templated":true}]}}