{"id":32972,"date":"2010-05-03T16:46:15","date_gmt":"2010-05-03T14:46:15","guid":{"rendered":"http:\/\/www.libraria-occitana.org\/?post_type=product&#038;p=32972\/"},"modified":"2026-04-15T20:31:59","modified_gmt":"2026-04-15T18:31:59","slug":"un-hiver-un-ivern","status":"publish","type":"product","link":"https:\/\/www.libraria-occitana.org\/oc\/produch\/un-hiver-un-ivern\/","title":{"rendered":"Un hiver &#8211; Un iv\u00e8rn"},"content":{"rendered":"<p>Deux personnages \u00e0 l&#8217;or\u00e9e du monde des hommes. Des marginaux, des braconniers, des d\u00e9serteurs ? Ils font corps avec la nature sauvage o\u00f9 remuent les b\u00eates&#8230; Ils finiront traqu\u00e9s par des dangers innomm\u00e9s. Tu\u00e9s peut-\u00eatre. Un r\u00e9cit implacable o\u00f9 flamboie l&#8217;\u00e9criture superbe de Manciet !<\/p>\n<p>C&#8217;est un des grands textes de Manciet. En voici la version d\u00e9finitive. La graphie occitane en a \u00e9t\u00e9 enti\u00e8rement revue par Guy Latry.<\/p>\n<p>Rappelons que Bernard Manciet est n\u00e9 dans les Landes en 1923 o\u00f9 il est mort en 2005. Toute son \u0153uvre, ancr\u00e9e dans ce territoire sauvage, tend \u00e0 l&#8217;universel et le place au rang des grands \u00e9crivains de notre temps.<\/p>\n<p>Bilingue. Traduit de l&#8217;occitan par l&#8217;auteur.<\/p>\n","protected":false},"excerpt":{"rendered":"<p>Deux personnages \u00e0 l&#8217;or\u00e9e du monde des hommes. Des marginaux, des braconniers, des d\u00e9serteurs ? Ils font corps avec la nature sauvage o\u00f9 remuent les b\u00eates&#8230; Ils finiront traqu\u00e9s par des dangers innomm\u00e9s. Tu\u00e9s peut-\u00eatre. Un r\u00e9cit implacable o\u00f9 flamboie l&#8217;\u00e9criture superbe de Manciet ! C&#8217;est un des grands textes de Manciet. En voici la [&hellip;]<\/p>\n","protected":false},"featured_media":51637,"template":"","meta":{"_acf_changed":false,"_genesis_hide_title":false,"_genesis_hide_breadcrumbs":false,"_genesis_hide_singular_image":false,"_genesis_hide_footer_widgets":false,"_genesis_custom_body_class":"","_genesis_custom_post_class":"","_genesis_layout":""},"product_brand":[],"product_cat":[7133,7175,7183],"product_tag":[],"class_list":{"0":"post-32972","1":"product","2":"type-product","3":"status-publish","4":"has-post-thumbnail","6":"product_cat-libres-oc","7":"product_cat-literatura-oc","8":"product_cat-romans-novelas-oc","9":"pa_auteur-manciet-bernat-oc","10":"pa_editeur-lescampette-oc","11":"pa_langue-occitan-gascon-oc","12":"pa_langue-occitan-francais-oc","13":"entry","15":"first","16":"instock","17":"shipping-taxable","18":"purchasable","19":"product-type-simple"},"acf":[],"_links":{"self":[{"href":"https:\/\/www.libraria-occitana.org\/oc\/wp-json\/wp\/v2\/product\/32972","targetHints":{"allow":["GET"]}}],"collection":[{"href":"https:\/\/www.libraria-occitana.org\/oc\/wp-json\/wp\/v2\/product"}],"about":[{"href":"https:\/\/www.libraria-occitana.org\/oc\/wp-json\/wp\/v2\/types\/product"}],"wp:featuredmedia":[{"embeddable":true,"href":"https:\/\/www.libraria-occitana.org\/oc\/wp-json\/wp\/v2\/media\/51637"}],"wp:attachment":[{"href":"https:\/\/www.libraria-occitana.org\/oc\/wp-json\/wp\/v2\/media?parent=32972"}],"wp:term":[{"taxonomy":"product_brand","embeddable":true,"href":"https:\/\/www.libraria-occitana.org\/oc\/wp-json\/wp\/v2\/product_brand?post=32972"},{"taxonomy":"product_cat","embeddable":true,"href":"https:\/\/www.libraria-occitana.org\/oc\/wp-json\/wp\/v2\/product_cat?post=32972"},{"taxonomy":"product_tag","embeddable":true,"href":"https:\/\/www.libraria-occitana.org\/oc\/wp-json\/wp\/v2\/product_tag?post=32972"}],"curies":[{"name":"wp","href":"https:\/\/api.w.org\/{rel}","templated":true}]}}