{"id":32984,"date":"2015-02-07T18:54:08","date_gmt":"2015-02-07T17:54:08","guid":{"rendered":"http:\/\/www.libraria-occitana.org\/?post_type=product&#038;p=32984\/"},"modified":"2026-04-25T07:37:05","modified_gmt":"2026-04-25T05:37:05","slug":"turlututu-cants-e-dancas-doccitania-libre-2-cd","status":"publish","type":"product","link":"https:\/\/www.libraria-occitana.org\/oc\/produch\/turlututu-cants-e-dancas-doccitania-libre-2-cd\/","title":{"rendered":"Turlutut\u00fa : Cants e dan\u00e7as d&#8217;Occitania&#8230; (libre + 2 CD)"},"content":{"rendered":"<p>Une somme de chansons enfantines et de comptines tir\u00e9es du patrimoine occitan jointes \u00e0 des cr\u00e9ations contemporaines.<\/p>\n<p>Un tout qui ravira parents et \u00e9ducateurs soucieux de plonger leurs enfants dans un bain de po\u00e9sie ou de go\u00fbter au bonheur de retrouver une ambiance inscrite dans le tr\u00e9fonds de leur m\u00e9moire.<\/p>\n<p>Un pr\u00e9cieux document pour quiconque est curieux de mieux appr\u00e9hender l&#8217;expression culturelle occitane.<\/p>\n<p>Deux CD encart\u00e9s pour pr\u00e8s d&#8217;une centaine de morceaux traditionnels et de cr\u00e9ation, chansons, danses, formules, mimologismes&#8230;, tous en occitan, dont beaucoup restaient encore in\u00e9dits. Outres les transcriptions et les traductions des textes, le livre contient des commentaires p\u00e9dagogiques, quelques partitions ainsi que des illustrations en couleur.<\/p>\n<p><a href=\"http:\/\/www.libraria-occitana.org\/produit\/turlututu-2-cants-e-dancas-doccitania-libre-2-cd\/\"><em>Turlutut\u00fa 2 : Cants e dan\u00e7as d&#8217;Occitania&#8230;<\/em><\/a> (libre + 2 CD)<\/p>\n","protected":false},"excerpt":{"rendered":"<p>Une somme de chansons enfantines et de comptines tir\u00e9es du patrimoine occitan jointes \u00e0 des cr\u00e9ations contemporaines. Un tout qui ravira parents et \u00e9ducateurs soucieux de plonger leurs enfants dans un bain de po\u00e9sie ou de go\u00fbter au bonheur de retrouver une ambiance inscrite dans le tr\u00e9fonds de leur m\u00e9moire. Un pr\u00e9cieux document pour quiconque [&hellip;]<\/p>\n","protected":false},"featured_media":37565,"template":"","meta":{"_acf_changed":false,"_genesis_hide_title":false,"_genesis_hide_breadcrumbs":false,"_genesis_hide_singular_image":false,"_genesis_hide_footer_widgets":false,"_genesis_custom_body_class":"","_genesis_custom_post_class":"","_genesis_layout":""},"product_brand":[],"product_cat":[7137,7145,7133],"product_tag":[],"class_list":{"0":"post-32984","1":"product","2":"type-product","3":"status-publish","4":"has-post-thumbnail","6":"product_cat-diccionaris-lenga-escolar-oc","7":"product_cat-escolar-pedagogia-oc","8":"product_cat-libres-oc","9":"pa_auteur-la-talvera-oc","10":"pa_editeur-cordae-la-talvera-oc","11":"pa_langue-occitan-lengadocian-oc","12":"pa_langue-occitan-francais-oc","13":"entry","15":"first","16":"instock","17":"shipping-taxable","18":"purchasable","19":"product-type-simple"},"acf":[],"_links":{"self":[{"href":"https:\/\/www.libraria-occitana.org\/oc\/wp-json\/wp\/v2\/product\/32984","targetHints":{"allow":["GET"]}}],"collection":[{"href":"https:\/\/www.libraria-occitana.org\/oc\/wp-json\/wp\/v2\/product"}],"about":[{"href":"https:\/\/www.libraria-occitana.org\/oc\/wp-json\/wp\/v2\/types\/product"}],"wp:featuredmedia":[{"embeddable":true,"href":"https:\/\/www.libraria-occitana.org\/oc\/wp-json\/wp\/v2\/media\/37565"}],"wp:attachment":[{"href":"https:\/\/www.libraria-occitana.org\/oc\/wp-json\/wp\/v2\/media?parent=32984"}],"wp:term":[{"taxonomy":"product_brand","embeddable":true,"href":"https:\/\/www.libraria-occitana.org\/oc\/wp-json\/wp\/v2\/product_brand?post=32984"},{"taxonomy":"product_cat","embeddable":true,"href":"https:\/\/www.libraria-occitana.org\/oc\/wp-json\/wp\/v2\/product_cat?post=32984"},{"taxonomy":"product_tag","embeddable":true,"href":"https:\/\/www.libraria-occitana.org\/oc\/wp-json\/wp\/v2\/product_tag?post=32984"}],"curies":[{"name":"wp","href":"https:\/\/api.w.org\/{rel}","templated":true}]}}