{"id":32994,"date":"2012-08-16T17:46:30","date_gmt":"2012-08-16T15:46:30","guid":{"rendered":"http:\/\/www.libraria-occitana.org\/?post_type=product&#038;p=32994\/"},"modified":"2026-04-17T05:21:19","modified_gmt":"2026-04-17T03:21:19","slug":"tu-tanben-manuel-doccitan-college-palier-1-libre-2-cd-2","status":"publish","type":"product","link":"https:\/\/www.libraria-occitana.org\/oc\/produch\/tu-tanben-manuel-doccitan-college-palier-1-libre-2-cd-2\/","title":{"rendered":"Tu tanben ! : Manuel d&#8217;occitan, Coll\u00e8ge palier 1 (libre + 2 CD)"},"content":{"rendered":"<p>Cet ouvrage fait r\u00e9f\u00e9rence \u00e0 l&#8217;ensemble du domaine linguistique occitan, aussi bien par le choix des textes et documents authentiques utilis\u00e9s pour l&#8217;apprentissage de la langue que par la diversit\u00e9 des locuteurs qui ont aimablement pr\u00eat\u00e9 leur voix.<\/p>\n<p>Toutes les activit\u00e9s langagi\u00e8res pr\u00e9conis\u00e9es dans les programmes sont travaill\u00e9es dans ce manuel au moyen de nombreux supports : compr\u00e9hension de l&#8217;oral et de l&#8217;\u00e9crit, expression orale, en continu, expression dialogu\u00e9e et \u00e9crite.<\/p>\n<p>Les auteurs ont accord\u00e9 une place importante \u00e0 l&#8217;approche raisonn\u00e9e de la culture occitane sous tous ses aspects. Ils ont eu le souci d&#8217;apporter des \u00e9clairages p\u00e9dagogiques sur la cr\u00e9ation artistique et litt\u00e9raire et aussi sur des usages qui, pour beaucoup d&#8217;apprenants, ne rel\u00e8vent pas d&#8217;un domaine \u00e9tranger mais d&#8217;un patrimoine proche.<\/p>\n<p>Cet ouvrage comprend deux CD audio. Il est compl\u00e9t\u00e9 par deux cahiers d&#8217;exercices avec CD audio : <a href=\"http:\/\/www.libraria-occitana.org\/produit\/tu-tanben-quasern-dexercicis-1-libre-cd-2\/\"><em>Quas\u00e8rn d&#8217;exercicis 1<\/em><\/a> et <a href=\"http:\/\/www.libraria-occitana.org\/produit\/tu-tanben-quasern-dexercicis-2-libre-cd-2\/\"><em>Quas\u00e8rn d&#8217;exercicis 2<\/em><\/a>.<\/p>\n","protected":false},"excerpt":{"rendered":"<p>Cet ouvrage fait r\u00e9f\u00e9rence \u00e0 l&#8217;ensemble du domaine linguistique occitan, aussi bien par le choix des textes et documents authentiques utilis\u00e9s pour l&#8217;apprentissage de la langue que par la diversit\u00e9 des locuteurs qui ont aimablement pr\u00eat\u00e9 leur voix. Toutes les activit\u00e9s langagi\u00e8res pr\u00e9conis\u00e9es dans les programmes sont travaill\u00e9es dans ce manuel au moyen de nombreux [&hellip;]<\/p>\n","protected":false},"featured_media":54330,"template":"","meta":{"_acf_changed":false,"_genesis_hide_title":false,"_genesis_hide_breadcrumbs":false,"_genesis_hide_singular_image":false,"_genesis_hide_footer_widgets":false,"_genesis_custom_body_class":"","_genesis_custom_post_class":"","_genesis_layout":""},"product_brand":[],"product_cat":[7137,7145,7133],"product_tag":[],"class_list":{"0":"post-32994","1":"product","2":"type-product","3":"status-publish","4":"has-post-thumbnail","6":"product_cat-diccionaris-lenga-escolar-oc","7":"product_cat-escolar-pedagogia-oc","8":"product_cat-libres-oc","9":"pa_auteur-salles-loustau-joan-oc","10":"pa_auteur-torreilles-claire-oc","11":"pa_auteur-villeneuve-marie-jose-oc","12":"pa_editeur-crdp-montpellier-fr-oc","13":"pa_langue-occitan-oc","14":"pa_langue-occitan-lengadocian-oc","15":"entry","17":"first","18":"outofstock","19":"shipping-taxable","20":"purchasable","21":"product-type-simple"},"acf":[],"_links":{"self":[{"href":"https:\/\/www.libraria-occitana.org\/oc\/wp-json\/wp\/v2\/product\/32994","targetHints":{"allow":["GET"]}}],"collection":[{"href":"https:\/\/www.libraria-occitana.org\/oc\/wp-json\/wp\/v2\/product"}],"about":[{"href":"https:\/\/www.libraria-occitana.org\/oc\/wp-json\/wp\/v2\/types\/product"}],"wp:featuredmedia":[{"embeddable":true,"href":"https:\/\/www.libraria-occitana.org\/oc\/wp-json\/wp\/v2\/media\/54330"}],"wp:attachment":[{"href":"https:\/\/www.libraria-occitana.org\/oc\/wp-json\/wp\/v2\/media?parent=32994"}],"wp:term":[{"taxonomy":"product_brand","embeddable":true,"href":"https:\/\/www.libraria-occitana.org\/oc\/wp-json\/wp\/v2\/product_brand?post=32994"},{"taxonomy":"product_cat","embeddable":true,"href":"https:\/\/www.libraria-occitana.org\/oc\/wp-json\/wp\/v2\/product_cat?post=32994"},{"taxonomy":"product_tag","embeddable":true,"href":"https:\/\/www.libraria-occitana.org\/oc\/wp-json\/wp\/v2\/product_tag?post=32994"}],"curies":[{"name":"wp","href":"https:\/\/api.w.org\/{rel}","templated":true}]}}