{"id":33025,"date":"2004-01-18T13:06:03","date_gmt":"2004-01-18T12:06:03","guid":{"rendered":"http:\/\/www.libraria-occitana.org\/?post_type=product&#038;p=33025\/"},"modified":"2026-04-25T06:16:09","modified_gmt":"2026-04-25T04:16:09","slug":"tresors-doccitanie-jean-boudou-contes-del-drac","status":"publish","type":"product","link":"https:\/\/www.libraria-occitana.org\/oc\/produch\/tresors-doccitanie-jean-boudou-contes-del-drac\/","title":{"rendered":"Tr\u00e9sors d&#8217;Occitanie : Jean Boudou, Contes del Drac"},"content":{"rendered":"<p>Jean Boudou (en occitan Joan Bodon), n\u00e9 le 11 d\u00e9cembre 1920 \u00e0 Crespin (Aveyron), est d\u00e9c\u00e9d\u00e9 le 24 f\u00e9vrier 1975 en Alg\u00e9rie. C&#8217;est en septembre 1964, \u00e0 Decazeville, qu&#8217;il dit les <em>Contes del Drac<\/em> lors d&#8217;un stage p\u00e9dagogique de l&#8217;Institut d&#8217;Estudis Occitans. Cet enregistrement, aujourd&#8217;hui remasteris\u00e9, est un document exceptionnel. La voix de l&#8217;\u00e9crivain restitue, avec autant d&#8217;humour que de suspense, l&#8217;authenticit\u00e9 des contes populaires du Rouergue transmis par sa m\u00e8re et int\u00e9gr\u00e9s plus tard dans l&#8217;\u0153uvre universelle du romancier.<\/p>\n<p><em><a href=\"http:\/\/www.libraria-occitana.org\/produit\/contes\/\"><strong>Contes del Drac<\/strong><\/a><\/em><strong> :<\/strong><br \/>\n&#8211; Prol\u00f2g 7&#8217;30<br \/>\n&#8211; L&#8217;enfant polit 8&#8217;23<br \/>\n&#8211; La pel 5&#8217;51<br \/>\n&#8211; Lo sang del Drac 4&#8217;23<br \/>\n&#8211; La b\u00e8la Esteleta 16&#8217;17<br \/>\n&#8211; La Montanha Negra 16&#8217;05<\/p>\n","protected":false},"excerpt":{"rendered":"<p>Jean Boudou (en occitan Joan Bodon), n\u00e9 le 11 d\u00e9cembre 1920 \u00e0 Crespin (Aveyron), est d\u00e9c\u00e9d\u00e9 le 24 f\u00e9vrier 1975 en Alg\u00e9rie. C&#8217;est en septembre 1964, \u00e0 Decazeville, qu&#8217;il dit les Contes del Drac lors d&#8217;un stage p\u00e9dagogique de l&#8217;Institut d&#8217;Estudis Occitans. Cet enregistrement, aujourd&#8217;hui remasteris\u00e9, est un document exceptionnel. La voix de l&#8217;\u00e9crivain restitue, [&hellip;]<\/p>\n","protected":false},"featured_media":53012,"template":"","meta":{"_acf_changed":false,"_genesis_hide_title":false,"_genesis_hide_breadcrumbs":false,"_genesis_hide_singular_image":false,"_genesis_hide_footer_widgets":false,"_genesis_custom_body_class":"","_genesis_custom_post_class":"","_genesis_layout":""},"product_brand":[],"product_cat":[7225,16683],"product_tag":[],"class_list":{"0":"post-33025","1":"product","2":"type-product","3":"status-publish","4":"has-post-thumbnail","6":"product_cat-litterature-musique-oc","7":"product_cat-musica-oc","8":"pa_auteur-bodon-joan-oc","9":"pa_editeur-occitania-produccions-oc","10":"pa_langue-occitan-oc","11":"pa_langue-occitan-lengadocian-oc","12":"entry","14":"first","15":"outofstock","16":"shipping-taxable","17":"purchasable","18":"product-type-simple"},"acf":[],"_links":{"self":[{"href":"https:\/\/www.libraria-occitana.org\/oc\/wp-json\/wp\/v2\/product\/33025","targetHints":{"allow":["GET"]}}],"collection":[{"href":"https:\/\/www.libraria-occitana.org\/oc\/wp-json\/wp\/v2\/product"}],"about":[{"href":"https:\/\/www.libraria-occitana.org\/oc\/wp-json\/wp\/v2\/types\/product"}],"wp:featuredmedia":[{"embeddable":true,"href":"https:\/\/www.libraria-occitana.org\/oc\/wp-json\/wp\/v2\/media\/53012"}],"wp:attachment":[{"href":"https:\/\/www.libraria-occitana.org\/oc\/wp-json\/wp\/v2\/media?parent=33025"}],"wp:term":[{"taxonomy":"product_brand","embeddable":true,"href":"https:\/\/www.libraria-occitana.org\/oc\/wp-json\/wp\/v2\/product_brand?post=33025"},{"taxonomy":"product_cat","embeddable":true,"href":"https:\/\/www.libraria-occitana.org\/oc\/wp-json\/wp\/v2\/product_cat?post=33025"},{"taxonomy":"product_tag","embeddable":true,"href":"https:\/\/www.libraria-occitana.org\/oc\/wp-json\/wp\/v2\/product_tag?post=33025"}],"curies":[{"name":"wp","href":"https:\/\/api.w.org\/{rel}","templated":true}]}}