{"id":33214,"date":"2013-08-19T12:06:45","date_gmt":"2013-08-19T10:06:45","guid":{"rendered":"http:\/\/www.libraria-occitana.org\/?post_type=product&#038;p=33214\/"},"modified":"2026-04-29T10:15:33","modified_gmt":"2026-04-29T08:15:33","slug":"se-souvenir-daubusson","status":"publish","type":"product","link":"https:\/\/www.libraria-occitana.org\/oc\/produch\/se-souvenir-daubusson\/","title":{"rendered":"Se souvenir d&#8217;Aubusson"},"content":{"rendered":"<p>Ce livre vous pr\u00e9sente la ville d&#8217;Aubusson au d\u00e9but du XXe si\u00e8cle au travers d&#8217;une visite de ses rues et de ses quartiers.<\/p>\n<p>De nouvelles constructions apparaissent, la caisse d&#8217;\u00c9pargne, la mairie. Des b\u00e2timents disparaissent, le tribunal, la halle. Des quartiers se transforment et se modernisent.<\/p>\n<p>Les restes anciens perdurent, les vestiges moyen\u00e2geux de la rue vieille et du Chapitre ou Renaissance avec le pont de la Terrade sont toujours pr\u00e9sents et les fiers symboles de la cit\u00e9 tapissi\u00e8re.<\/p>\n<p>La ville est le centre \u00e9conomique du sud-est du d\u00e9partement. La tapisserie est une industrie grande utilisatrice de main d&#8217;\u0153uvre et l&#8217;on voit les nombreux ouvriers sortir des fabriques. La Grand&#8217;rue fait le plein de commerces et chaque pas de porte est occup\u00e9 ici par un tailleur, l\u00e0 par un d\u00e9bit de boisson et l\u00e0 par un quincailler etc&#8230; La gare draine son lot quotidien de voyageurs et marchandises. Les jours de foire et march\u00e9, les villages alentours se rendent en ville pour \u00e9changer des marchandises. D\u00e9couvrez la ville et son ambiance entre 1900 et 1930 au travers d&#8217;une riche iconographie.<\/p>\n","protected":false},"excerpt":{"rendered":"<p>Ce livre vous pr\u00e9sente la ville d&#8217;Aubusson au d\u00e9but du XXe si\u00e8cle au travers d&#8217;une visite de ses rues et de ses quartiers. De nouvelles constructions apparaissent, la caisse d&#8217;\u00c9pargne, la mairie. Des b\u00e2timents disparaissent, le tribunal, la halle. Des quartiers se transforment et se modernisent. Les restes anciens perdurent, les vestiges moyen\u00e2geux de la [&hellip;]<\/p>\n","protected":false},"featured_media":38033,"template":"","meta":{"_acf_changed":false,"_genesis_hide_title":false,"_genesis_hide_breadcrumbs":false,"_genesis_hide_singular_image":false,"_genesis_hide_footer_widgets":false,"_genesis_custom_body_class":"","_genesis_custom_post_class":"","_genesis_layout":""},"product_brand":[],"product_cat":[7159,7149,7133,7239],"product_tag":[],"class_list":{"0":"post-33214","1":"product","2":"type-product","3":"status-publish","4":"has-post-thumbnail","6":"product_cat-istoria-moderna-e-contemporala-oc","7":"product_cat-istoria-geografia-oc","8":"product_cat-libres-oc","9":"product_cat-promos-oc","10":"pa_auteur-gravier-frederic-oc","11":"pa_editeur-geste-oc","12":"pa_langue-francais-oc","13":"entry","15":"first","16":"outofstock","17":"shipping-taxable","18":"purchasable","19":"product-type-simple"},"acf":[],"_links":{"self":[{"href":"https:\/\/www.libraria-occitana.org\/oc\/wp-json\/wp\/v2\/product\/33214","targetHints":{"allow":["GET"]}}],"collection":[{"href":"https:\/\/www.libraria-occitana.org\/oc\/wp-json\/wp\/v2\/product"}],"about":[{"href":"https:\/\/www.libraria-occitana.org\/oc\/wp-json\/wp\/v2\/types\/product"}],"wp:featuredmedia":[{"embeddable":true,"href":"https:\/\/www.libraria-occitana.org\/oc\/wp-json\/wp\/v2\/media\/38033"}],"wp:attachment":[{"href":"https:\/\/www.libraria-occitana.org\/oc\/wp-json\/wp\/v2\/media?parent=33214"}],"wp:term":[{"taxonomy":"product_brand","embeddable":true,"href":"https:\/\/www.libraria-occitana.org\/oc\/wp-json\/wp\/v2\/product_brand?post=33214"},{"taxonomy":"product_cat","embeddable":true,"href":"https:\/\/www.libraria-occitana.org\/oc\/wp-json\/wp\/v2\/product_cat?post=33214"},{"taxonomy":"product_tag","embeddable":true,"href":"https:\/\/www.libraria-occitana.org\/oc\/wp-json\/wp\/v2\/product_tag?post=33214"}],"curies":[{"name":"wp","href":"https:\/\/api.w.org\/{rel}","templated":true}]}}