{"id":33235,"date":"2000-01-09T17:42:30","date_gmt":"2000-01-09T16:42:30","guid":{"rendered":"http:\/\/www.libraria-occitana.org\/?post_type=product&#038;p=33235\/"},"modified":"2026-04-16T01:07:02","modified_gmt":"2026-04-15T23:07:02","slug":"sen-sont-trois-bons-macons-de-leur-pays-s%c2%92en-vont","status":"publish","type":"product","link":"https:\/\/www.libraria-occitana.org\/oc\/produch\/sen-sont-trois-bons-macons-de-leur-pays-s%c2%92en-vont\/","title":{"rendered":"S&#8217;en sont trois bons ma\u00e7ons&#8230; de leur pays s\u0092en vont"},"content":{"rendered":"<p>Jusque dans le premier tiers du XX\u00e8me si\u00e8cle, sur les hautes terres du Massif Central, la migration des ma\u00e7ons creusois est un ph\u00e9nom\u00e8ne \u00e9conomique et culturel vital pour les hommes de ces contr\u00e9es. Toute la vie des villages est marqu\u00e9e par l\u2019alternance des d\u00e9parts au printemps et des retours en hiver o\u00f9 le pays r\u00e9sonne des f\u00eates et des mariages.<\/p>\n<p>C\u2019est cet imaginaire color\u00e9, aventureux et chaleureux autour du \u00ab voyage \u00bb et de l\u2019appartenance, entre m\u00e9moire du pass\u00e9 et ouverture \u00e0 d\u2019autres migrants, d\u2019autres migrations et d\u2019autres cultures d\u2019aujourd\u2019hui que ce disque souhaite faire partager \u00e0 ceux qui l\u2019\u00e9couteront\u2026<\/p>\n<p>Tous les titres sont traditionnels et tous les arrangements sont de Fr\u00e9d\u00e9ric Pouget sauf n\u00b07 Anne et Pauline Rivaud et n\u00b011 Alamont et Faham.<\/p>\n<p><strong>Titres :<\/strong><br \/>\n1. Les cinq ma\u00e7ons 2&#8217;45<br \/>\n2. S\u2019en sont trois bons ma\u00e7ons 3&#8217;57<br \/>\n3. Tres enfants de&#8217;n Bretanhat 2&#8217;43<br \/>\n4. Partons, partons chers compagnons 1&#8217;55<br \/>\n5. La chanson du roulier 2&#8217;33<br \/>\n6. La chanson des ma\u00e7ons de la Creuse 7&#8217;01<br \/>\n7. Polka piqu\u00e9e de Lucien Chaput 2&#8217;49<br \/>\n8. La chanson des compagnons 4&#8217;30<br \/>\n9. Les deux ma\u00e7ons 1&#8217;47<br \/>\n10. Lo chamin de Sent Jaume 4&#8217;46<br \/>\n11. Los ma\u00e7ons e los braiauds 7&#8217;03<br \/>\n12. Les trois ma\u00e7ons 5&#8217;54<br \/>\n13. A la poncha d\u2019un suqueton 5&#8217;54<br \/>\n14. Les quatre ma\u00e7ons 1&#8217;56<br \/>\n15. Sus lo pont d\u2019a Lion 3&#8217;40<br \/>\n16. Les cinq ma\u00e7ons 2&#8217;41<\/p>\n<p><strong>Interpr\u00e8tes :<\/strong><\/p>\n<p><strong>Faham<\/strong><br \/>\nMarion Bertin, Triangle, Chant (11)<br \/>\nChristian Bonvicini, Rouler, Chant (11)<br \/>\nJean-Pierre Moutoulatchimy, Kayamb, Chant (11)<br \/>\nJean-Maurice Prudent, Djemb\u00e9, Chant (11)<\/p>\n<p><strong>Cap 23<\/strong><br \/>\nClaire M\u00e9doc, Musette du Centre (5, 7)<br \/>\nAnne Rivaud, Accord\u00e9on diatonique (1, 5, 7, 16)<br \/>\nPauline Rivaud, Vielle (1, 5, 7, 16)<\/p>\n<p><strong>Alamont<\/strong><br \/>\nJean-Jacques Le Creurer, Violon, M\u00e9lod\u00e9on (11)<br \/>\nF\u00e9licie Verbruggen, Chant (2, 8, 11, 15) cornemuse 20 pouces (11)<\/p>\n<p>avec aussi :<br \/>\nClaude Barrault, Bugle, Trompette (2, 6, 10, 13, 14, 15)<br \/>\nEric Brochard, Contrebasse (de 1 \u00e0 16)<br \/>\nBernard Combi, Chant (4, 13)<br \/>\nEric Croleau, Batterie<br \/>\nAlain Fillon, Accord\u00e9on chromatique (de 1 \u00e0 6 et de 8 \u00e0 16)<br \/>\nJan dau Melhau, Chant (6, 10)<br \/>\nEmmanuel Monnet, Vielle (3, 8, 9, 13)<br \/>\nFr\u00e9d\u00e9ric Pouget, Clarinette, Clarinette basse (de 1 \u00e0 16)<br \/>\nSt\u00e9phane Veyssi\u00e8re, Vielle (3, 9, 13)<\/p>\n","protected":false},"excerpt":{"rendered":"<p>Jusque dans le premier tiers du XX\u00e8me si\u00e8cle, sur les hautes terres du Massif Central, la migration des ma\u00e7ons creusois est un ph\u00e9nom\u00e8ne \u00e9conomique et culturel vital pour les hommes de ces contr\u00e9es. Toute la vie des villages est marqu\u00e9e par l\u2019alternance des d\u00e9parts au printemps et des retours en hiver o\u00f9 le pays r\u00e9sonne [&hellip;]<\/p>\n","protected":false},"featured_media":51734,"template":"","meta":{"_acf_changed":false,"_genesis_hide_title":false,"_genesis_hide_breadcrumbs":false,"_genesis_hide_singular_image":false,"_genesis_hide_footer_widgets":false,"_genesis_custom_body_class":"","_genesis_custom_post_class":"","_genesis_layout":""},"product_brand":[],"product_cat":[16683,7229],"product_tag":[],"class_list":{"0":"post-33235","1":"product","2":"type-product","3":"status-publish","4":"has-post-thumbnail","6":"product_cat-musica-oc","7":"product_cat-novela-tradicion-oc","8":"pa_auteur-collectiu-oc-2","9":"pa_editeur-modal-oc","10":"entry","12":"first","13":"outofstock","14":"shipping-taxable","15":"purchasable","16":"product-type-simple"},"acf":[],"_links":{"self":[{"href":"https:\/\/www.libraria-occitana.org\/oc\/wp-json\/wp\/v2\/product\/33235","targetHints":{"allow":["GET"]}}],"collection":[{"href":"https:\/\/www.libraria-occitana.org\/oc\/wp-json\/wp\/v2\/product"}],"about":[{"href":"https:\/\/www.libraria-occitana.org\/oc\/wp-json\/wp\/v2\/types\/product"}],"wp:featuredmedia":[{"embeddable":true,"href":"https:\/\/www.libraria-occitana.org\/oc\/wp-json\/wp\/v2\/media\/51734"}],"wp:attachment":[{"href":"https:\/\/www.libraria-occitana.org\/oc\/wp-json\/wp\/v2\/media?parent=33235"}],"wp:term":[{"taxonomy":"product_brand","embeddable":true,"href":"https:\/\/www.libraria-occitana.org\/oc\/wp-json\/wp\/v2\/product_brand?post=33235"},{"taxonomy":"product_cat","embeddable":true,"href":"https:\/\/www.libraria-occitana.org\/oc\/wp-json\/wp\/v2\/product_cat?post=33235"},{"taxonomy":"product_tag","embeddable":true,"href":"https:\/\/www.libraria-occitana.org\/oc\/wp-json\/wp\/v2\/product_tag?post=33235"}],"curies":[{"name":"wp","href":"https:\/\/api.w.org\/{rel}","templated":true}]}}