{"id":33262,"date":"2011-10-09T19:31:38","date_gmt":"2011-10-09T17:31:38","guid":{"rendered":"http:\/\/www.libraria-occitana.org\/?post_type=product&#038;p=33262\/"},"modified":"2026-04-29T01:06:52","modified_gmt":"2026-04-28T23:06:52","slug":"remembranca-sia-les-subsistances-a-perigueux-au-temps-de-la-guerre-de-cent-ans","status":"publish","type":"product","link":"https:\/\/www.libraria-occitana.org\/oc\/produch\/remembranca-sia-les-subsistances-a-perigueux-au-temps-de-la-guerre-de-cent-ans\/","title":{"rendered":"Remembran\u00e7a sia : Les subsistances \u00e0 P\u00e9rigueux au temps de la guerre de Cent ans"},"content":{"rendered":"<p>Ce livre est une \u00e9tude d&#8217;\u00e9conomie rurale historique et correspond \u00e0 la th\u00e8se de doctorat v\u00e9t\u00e9rinaire soutenue par \u00c9tienne Roux \u00e0 l&#8217;universit\u00e9 Paul-Sabatier de Toulouse. Ce travail est le fruit d&#8217;une part de la transcription du manuscrit du registre consulaire de P\u00e9rigueux de 1360 \u00e0 1449, couvrant grosso modo la p\u00e9riode de la guerre de Cent ans, faite par Jean Roux, et de l&#8217;\u00e9tude, \u00e0 partir de cette transcription, des \u00e9changes d&#8217;animaux et de denr\u00e9es alimentaires dans la ville de P\u00e9rigueux et ses alentours, faite par \u00c9tienne Roux. Il permet d&#8217;avoir une vision de la vie quotidienne des habitants de P\u00e9rigueux durant la guerre de Cent ans, telle qu&#8217;ils l&#8217;ont relat\u00e9 eux-m\u00eames dans leur langue, l&#8217;occitan.<\/p>\n","protected":false},"excerpt":{"rendered":"<p>Ce livre est une \u00e9tude d&#8217;\u00e9conomie rurale historique et correspond \u00e0 la th\u00e8se de doctorat v\u00e9t\u00e9rinaire soutenue par \u00c9tienne Roux \u00e0 l&#8217;universit\u00e9 Paul-Sabatier de Toulouse. Ce travail est le fruit d&#8217;une part de la transcription du manuscrit du registre consulaire de P\u00e9rigueux de 1360 \u00e0 1449, couvrant grosso modo la p\u00e9riode de la guerre de [&hellip;]<\/p>\n","protected":false},"featured_media":45815,"template":"","meta":{"_acf_changed":false,"_genesis_hide_title":false,"_genesis_hide_breadcrumbs":false,"_genesis_hide_singular_image":false,"_genesis_hide_footer_widgets":false,"_genesis_custom_body_class":"","_genesis_custom_post_class":"","_genesis_layout":""},"product_brand":[],"product_cat":[7161,7149,7133],"product_tag":[],"class_list":{"0":"post-33262","1":"product","2":"type-product","3":"status-publish","4":"has-post-thumbnail","6":"product_cat-istoria-medievala-oc","7":"product_cat-istoria-geografia-oc","8":"product_cat-libres-oc","9":"pa_auteur-ros-esteve-oc","10":"pa_auteur-ros-joan-lem-oc","11":"pa_editeur-ieo-perigord-novelum-oc","12":"pa_langue-occitan-medievau-oc","13":"pa_langue-occitan-francais-oc","14":"entry","16":"first","17":"instock","18":"shipping-taxable","19":"purchasable","20":"product-type-simple"},"acf":[],"_links":{"self":[{"href":"https:\/\/www.libraria-occitana.org\/oc\/wp-json\/wp\/v2\/product\/33262","targetHints":{"allow":["GET"]}}],"collection":[{"href":"https:\/\/www.libraria-occitana.org\/oc\/wp-json\/wp\/v2\/product"}],"about":[{"href":"https:\/\/www.libraria-occitana.org\/oc\/wp-json\/wp\/v2\/types\/product"}],"wp:featuredmedia":[{"embeddable":true,"href":"https:\/\/www.libraria-occitana.org\/oc\/wp-json\/wp\/v2\/media\/45815"}],"wp:attachment":[{"href":"https:\/\/www.libraria-occitana.org\/oc\/wp-json\/wp\/v2\/media?parent=33262"}],"wp:term":[{"taxonomy":"product_brand","embeddable":true,"href":"https:\/\/www.libraria-occitana.org\/oc\/wp-json\/wp\/v2\/product_brand?post=33262"},{"taxonomy":"product_cat","embeddable":true,"href":"https:\/\/www.libraria-occitana.org\/oc\/wp-json\/wp\/v2\/product_cat?post=33262"},{"taxonomy":"product_tag","embeddable":true,"href":"https:\/\/www.libraria-occitana.org\/oc\/wp-json\/wp\/v2\/product_tag?post=33262"}],"curies":[{"name":"wp","href":"https:\/\/api.w.org\/{rel}","templated":true}]}}