{"id":33264,"date":"2014-05-22T13:57:12","date_gmt":"2014-05-22T11:57:12","guid":{"rendered":"http:\/\/www.libraria-occitana.org\/?post_type=product&#038;p=33264\/"},"modified":"2026-04-19T00:01:47","modified_gmt":"2026-04-18T22:01:47","slug":"recettes-paysannes-en-haute-vienne","status":"publish","type":"product","link":"https:\/\/www.libraria-occitana.org\/oc\/produch\/recettes-paysannes-en-haute-vienne\/","title":{"rendered":"Recettes paysannes en Haute-Vienne"},"content":{"rendered":"<p>Tourti\u00e8re limousine, po\u00eal\u00e9e de marrons, coulemelles\u2026<\/p>\n<p>Peut-\u00eatre connaissez-vous ? Mais goujonnette, croustillou, millassou, enchaud, crapiaux\u2026<\/p>\n<p>Voici 200 pages o\u00f9 vous d\u00e9couvrirez les tr\u00e9sors culinaires de la Haute-Vienne ; v\u00e9ritable cuisine de terroir que vous proposent ici les fermiers aubergistes, les fines-gueules locales, les producteurs et autres passionn\u00e9s.<\/p>\n<p>Laissez-vous guider par le savoir-faire et le plaisir d\u2019 offrir une table g\u00e9n\u00e9reuse et conviviale.<\/p>\n","protected":false},"excerpt":{"rendered":"<p>Tourti\u00e8re limousine, po\u00eal\u00e9e de marrons, coulemelles\u2026 Peut-\u00eatre connaissez-vous ? Mais goujonnette, croustillou, millassou, enchaud, crapiaux\u2026 Voici 200 pages o\u00f9 vous d\u00e9couvrirez les tr\u00e9sors culinaires de la Haute-Vienne ; v\u00e9ritable cuisine de terroir que vous proposent ici les fermiers aubergistes, les fines-gueules locales, les producteurs et autres passionn\u00e9s. Laissez-vous guider par le savoir-faire et le plaisir [&hellip;]<\/p>\n","protected":false},"featured_media":37802,"template":"","meta":{"_acf_changed":false,"_genesis_hide_title":false,"_genesis_hide_breadcrumbs":false,"_genesis_hide_singular_image":false,"_genesis_hide_footer_widgets":false,"_genesis_custom_body_class":"","_genesis_custom_post_class":"","_genesis_layout":""},"product_brand":[],"product_cat":[7211,7133,7207],"product_tag":[],"class_list":{"0":"post-33264","1":"product","2":"type-product","3":"status-publish","4":"has-post-thumbnail","6":"product_cat-cosina-gastronomia-oc","7":"product_cat-libres-oc","8":"product_cat-tradicions-patrimoni-oc","9":"pa_auteur-collectiu-oc-2","10":"pa_auteur-lavialle-andre-oc","11":"pa_auteur-lavialle-claudine-oc","12":"pa_editeur-les-editions-du-curieux-oc","13":"pa_illustrateur-beziat-marc-oc","14":"pa_langue-francais-oc","15":"entry","17":"first","18":"outofstock","19":"shipping-taxable","20":"purchasable","21":"product-type-simple"},"acf":[],"_links":{"self":[{"href":"https:\/\/www.libraria-occitana.org\/oc\/wp-json\/wp\/v2\/product\/33264","targetHints":{"allow":["GET"]}}],"collection":[{"href":"https:\/\/www.libraria-occitana.org\/oc\/wp-json\/wp\/v2\/product"}],"about":[{"href":"https:\/\/www.libraria-occitana.org\/oc\/wp-json\/wp\/v2\/types\/product"}],"wp:featuredmedia":[{"embeddable":true,"href":"https:\/\/www.libraria-occitana.org\/oc\/wp-json\/wp\/v2\/media\/37802"}],"wp:attachment":[{"href":"https:\/\/www.libraria-occitana.org\/oc\/wp-json\/wp\/v2\/media?parent=33264"}],"wp:term":[{"taxonomy":"product_brand","embeddable":true,"href":"https:\/\/www.libraria-occitana.org\/oc\/wp-json\/wp\/v2\/product_brand?post=33264"},{"taxonomy":"product_cat","embeddable":true,"href":"https:\/\/www.libraria-occitana.org\/oc\/wp-json\/wp\/v2\/product_cat?post=33264"},{"taxonomy":"product_tag","embeddable":true,"href":"https:\/\/www.libraria-occitana.org\/oc\/wp-json\/wp\/v2\/product_tag?post=33264"}],"curies":[{"name":"wp","href":"https:\/\/api.w.org\/{rel}","templated":true}]}}