{"id":33280,"date":"2005-09-10T19:58:15","date_gmt":"2005-09-10T17:58:15","guid":{"rendered":"http:\/\/www.libraria-occitana.org\/?post_type=product&#038;p=33280\/"},"modified":"2026-04-23T00:27:02","modified_gmt":"2026-04-22T22:27:02","slug":"racontes-per-gardar-la-santat","status":"publish","type":"product","link":"https:\/\/www.libraria-occitana.org\/oc\/produch\/racontes-per-gardar-la-santat\/","title":{"rendered":"Racontes per gardar la santat"},"content":{"rendered":"<p>&#8230; Vistament lo Parisenc s&#8217;atur\u00e8t de gu-el.<br \/>\n\u00ab Bonjorn, brave \u00f2me ! Podriatz pas me dire de quanhe pam cau tirar per anar Escaum\u00e8ls ?<br \/>\n&#8211; Ne&#8217;n sabe res, Monsur. Ieu, soi pas del pa\u00eds.<br \/>\n&#8211; Aval, aqu\u00f2 es ben lo Riu Negre ?<br \/>\n&#8211; Ne&#8217;n sabe res, Monsur.<br \/>\n&#8211; E alai ? Aquela carri\u00e8ira, ont me menar\u00e0 ?<br \/>\n&#8211; Ne&#8217;n sabe res, Monsur.<br \/>\n&#8211; Sab\u00e8tz res, sab\u00e8tz res ! M\u00e8s pr&#8217; aqu\u00f2 dev\u00e8tz ben saber ont s\u00e8tz ? Ont s\u00e8m aic\u00ed ?<br \/>\n&#8211; Ne&#8217;n sabe res.<br \/>\n&#8211; Pr&#8217; aqu\u00f2 ! Vos trufatz de ieu ? Sab\u00e8tz ben ont anatz, d&#8217;ont ven\u00e8tz ! fagu\u00e8t lo Parisenc que s&#8217;enrufava. O al\u00e8ra sariatz una b\u00e8stia vestida !<br \/>\n&#8211; E benl\u00e8u g-\u00f2, Monsur. Soi ben un pauc p\u00e8c. M\u00e8s vos cau pas emmaliciar per aqu\u00f2. Tant falord que ieu sagu\u00e8sse, p\u00f2de vos dire que vene d&#8217;ont aqu\u00f2 s&#8217;es trobat, e que vau ont lo vent me mena. Mai, d&#8217;aquel biais, me soi jamai perdut en camin.<br \/>\n&#8211; Aqu\u00f2 es pas de cr\u00e8ire ! M\u00e8s coss\u00ed fas\u00e8tz per viscar, paure malur\u00f3s ?&#8230; \u00bb<\/p>\n<p>Le troisi\u00e8me volume de contes de Jean Vezole.<br \/>\n\u00c0 partir d\u2019anecdotes de la vie quotidienne, ou encore de r\u00e9f\u00e9rences \u00e0 de grandes \u0153uvres litt\u00e9raires, le conteur forge des r\u00e9cits brefs, chaleureux et pleins d\u2019humour, o\u00f9 affleurent aussi les grandes interrogations humaines. Une sagesse souriante exprim\u00e9e dans un style savoureux, \u00e9maill\u00e9 de \u00ab biais de dire \u00bb typiquement occitans.<\/p>\n","protected":false},"excerpt":{"rendered":"<p>&#8230; Vistament lo Parisenc s&#8217;atur\u00e8t de gu-el. \u00ab Bonjorn, brave \u00f2me ! Podriatz pas me dire de quanhe pam cau tirar per anar Escaum\u00e8ls ? &#8211; Ne&#8217;n sabe res, Monsur. Ieu, soi pas del pa\u00eds. &#8211; Aval, aqu\u00f2 es ben lo Riu Negre ? &#8211; Ne&#8217;n sabe res, Monsur. &#8211; E alai ? Aquela carri\u00e8ira, [&hellip;]<\/p>\n","protected":false},"featured_media":45302,"template":"","meta":{"_acf_changed":false,"_genesis_hide_title":false,"_genesis_hide_breadcrumbs":false,"_genesis_hide_singular_image":false,"_genesis_hide_footer_widgets":false,"_genesis_custom_body_class":"","_genesis_custom_post_class":"","_genesis_layout":""},"product_brand":[],"product_cat":[7177,7133,7175],"product_tag":[],"class_list":{"0":"post-33280","1":"product","2":"type-product","3":"status-publish","4":"has-post-thumbnail","6":"product_cat-contes-fablas-oc","7":"product_cat-libres-oc","8":"product_cat-literatura-oc","9":"pa_auteur-vezole-joan-oc","10":"pa_editeur-lostal-del-libre-oc","11":"pa_langue-occitan-oc","12":"pa_langue-occitan-lengadocian-oc","13":"entry","15":"first","16":"instock","17":"shipping-taxable","18":"purchasable","19":"product-type-simple"},"acf":[],"_links":{"self":[{"href":"https:\/\/www.libraria-occitana.org\/oc\/wp-json\/wp\/v2\/product\/33280","targetHints":{"allow":["GET"]}}],"collection":[{"href":"https:\/\/www.libraria-occitana.org\/oc\/wp-json\/wp\/v2\/product"}],"about":[{"href":"https:\/\/www.libraria-occitana.org\/oc\/wp-json\/wp\/v2\/types\/product"}],"wp:featuredmedia":[{"embeddable":true,"href":"https:\/\/www.libraria-occitana.org\/oc\/wp-json\/wp\/v2\/media\/45302"}],"wp:attachment":[{"href":"https:\/\/www.libraria-occitana.org\/oc\/wp-json\/wp\/v2\/media?parent=33280"}],"wp:term":[{"taxonomy":"product_brand","embeddable":true,"href":"https:\/\/www.libraria-occitana.org\/oc\/wp-json\/wp\/v2\/product_brand?post=33280"},{"taxonomy":"product_cat","embeddable":true,"href":"https:\/\/www.libraria-occitana.org\/oc\/wp-json\/wp\/v2\/product_cat?post=33280"},{"taxonomy":"product_tag","embeddable":true,"href":"https:\/\/www.libraria-occitana.org\/oc\/wp-json\/wp\/v2\/product_tag?post=33280"}],"curies":[{"name":"wp","href":"https:\/\/api.w.org\/{rel}","templated":true}]}}