{"id":33342,"date":"1999-11-13T18:30:02","date_gmt":"1999-11-13T17:30:02","guid":{"rendered":"http:\/\/www.libraria-occitana.org\/?post_type=product&#038;p=33342\/"},"modified":"2026-04-15T22:01:39","modified_gmt":"2026-04-15T20:01:39","slug":"portes-de-lombre","status":"publish","type":"product","link":"https:\/\/www.libraria-occitana.org\/oc\/produch\/portes-de-lombre\/","title":{"rendered":"Portes de l&#8217;ombre"},"content":{"rendered":"<blockquote>\n<p>\u2026 Il traversa de nouveau le perron et s&#8217;engagea dans l&#8217;enchev\u00eatrement de branches. Mais il n&#8217;eut pas \u00e0 refaire tout le voyage : perch\u00e9 sur une souche, il put voir que la vieille porte du jardin s&#8217;\u00e9tait referm\u00e9e et que le jongleur avait retrouv\u00e9 l&#8217;\u00e9quilibre. Alors il tourna le dos au monde ext\u00e9rieur et, courant \u00e0 moiti\u00e9, comme un enfant qui fuit devant ses peurs, il se glissa derri\u00e8re les plantes p\u00e2les et les fleurs vertes et, pour la derni\u00e8re fois, poussa la porte qui s&#8217;ouvrait du c\u00f4t\u00e9 de l&#8217;ombre.<\/p>\n<\/blockquote>\n<p>Dans ce recueil de nouvelles, o\u00f9 r\u00e9alit\u00e9, fantastique et humour sont entrem\u00eal\u00e9s, Jean Ganiayre nous entra\u00eene dans un monde insolite o\u00f9 les personnages, pouss\u00e9s par une logique implacable, sont pris dans une spirale de solitude, d&#8217;angoisse et d&#8217;enfermement comme s&#8217;ils \u00e9taient \u00e0 jamais condamn\u00e9s \u00e0 vivre \u00ab du c\u00f4t\u00e9 de l&#8217;ombre \u00bb.<\/p>\n<p><a href=\"http:\/\/www.libraria-occitana.org\/produit\/lo-libre-dau-reirlutz\/\"><em>Lo libre dau reirlutz<\/em><\/a> (<em>Portes de l&#8217;ombre<\/em> en version originale)<br \/>\n<a href=\"http:\/\/www.libraria-occitana.org\/produit\/portes-de-lombre-lo-libre-dau-reirlutz\/\">CD <em>Portes de l\u2019ombre \u2013 Lo libre dau reirlutz<\/em><\/a> : 5 nouvelles, lues en occitan par Joan Pau Verdier et en fran\u00e7ais par C\u00e9line Monsarrat.<\/p>\n","protected":false},"excerpt":{"rendered":"<p>\u2026 Il traversa de nouveau le perron et s&#8217;engagea dans l&#8217;enchev\u00eatrement de branches. Mais il n&#8217;eut pas \u00e0 refaire tout le voyage : perch\u00e9 sur une souche, il put voir que la vieille porte du jardin s&#8217;\u00e9tait referm\u00e9e et que le jongleur avait retrouv\u00e9 l&#8217;\u00e9quilibre. Alors il tourna le dos au monde ext\u00e9rieur et, courant [&hellip;]<\/p>\n","protected":false},"featured_media":37029,"template":"","meta":{"_acf_changed":false,"_genesis_hide_title":false,"_genesis_hide_breadcrumbs":false,"_genesis_hide_singular_image":false,"_genesis_hide_footer_widgets":false,"_genesis_custom_body_class":"","_genesis_custom_post_class":"","_genesis_layout":""},"product_brand":[],"product_cat":[7133,7175,7179,7183],"product_tag":[],"class_list":{"0":"post-33342","1":"product","2":"type-product","3":"status-publish","4":"has-post-thumbnail","6":"product_cat-libres-oc","7":"product_cat-literatura-oc","8":"product_cat-literatura-occitana-en-frances-oc","9":"product_cat-romans-novelas-oc","10":"pa_auteur-ganhaire-joan-oc","11":"pa_editeur-federop-oc","12":"pa_langue-francais-oc","13":"entry","15":"first","16":"outofstock","17":"shipping-taxable","18":"purchasable","19":"product-type-simple"},"acf":[],"_links":{"self":[{"href":"https:\/\/www.libraria-occitana.org\/oc\/wp-json\/wp\/v2\/product\/33342","targetHints":{"allow":["GET"]}}],"collection":[{"href":"https:\/\/www.libraria-occitana.org\/oc\/wp-json\/wp\/v2\/product"}],"about":[{"href":"https:\/\/www.libraria-occitana.org\/oc\/wp-json\/wp\/v2\/types\/product"}],"wp:featuredmedia":[{"embeddable":true,"href":"https:\/\/www.libraria-occitana.org\/oc\/wp-json\/wp\/v2\/media\/37029"}],"wp:attachment":[{"href":"https:\/\/www.libraria-occitana.org\/oc\/wp-json\/wp\/v2\/media?parent=33342"}],"wp:term":[{"taxonomy":"product_brand","embeddable":true,"href":"https:\/\/www.libraria-occitana.org\/oc\/wp-json\/wp\/v2\/product_brand?post=33342"},{"taxonomy":"product_cat","embeddable":true,"href":"https:\/\/www.libraria-occitana.org\/oc\/wp-json\/wp\/v2\/product_cat?post=33342"},{"taxonomy":"product_tag","embeddable":true,"href":"https:\/\/www.libraria-occitana.org\/oc\/wp-json\/wp\/v2\/product_tag?post=33342"}],"curies":[{"name":"wp","href":"https:\/\/api.w.org\/{rel}","templated":true}]}}