{"id":33370,"date":"2012-08-29T17:36:02","date_gmt":"2012-08-29T15:36:02","guid":{"rendered":"http:\/\/www.libraria-occitana.org\/?post_type=product&#038;p=33370\/"},"modified":"2026-04-15T20:01:57","modified_gmt":"2026-04-15T18:01:57","slug":"petit-dictionnaire-insolite-de-loccitan-et-des-occitans","status":"publish","type":"product","link":"https:\/\/www.libraria-occitana.org\/oc\/produch\/petit-dictionnaire-insolite-de-loccitan-et-des-occitans\/","title":{"rendered":"Petit dictionnaire insolite de l&#8217;occitan et des Occitans"},"content":{"rendered":"<p>L&#8217;occitan, une langue en voie d&#8217;extinction ? Seulement parl\u00e9e par une poign\u00e9e d&#8217;experts, quelques paysans et autant de r\u00e9gionalistes \u00e0 la mode ? Vous n&#8217;y \u00eates pas ! L&#8217;occitan est enseign\u00e9 de la maternelle \u00e0 l&#8217;universit\u00e9.<\/p>\n<p>Alerte et captivant, ce livre t\u00e9moigne des richesses linguistique, historique et culturelle d&#8217;un vaste territoire. Amoureux de leur Midi, les auteurs ont eu envie de converser avec les M\u00e9ridionaux et d&#8217;accompagner les nouveaux venus dans leur d\u00e9couverte.<\/p>\n<p>Entrez donc dans ce <em>Petit Dictionnaire insolite<\/em> : l&#8217;accent, les saveurs, les senteurs y parlent d&#8217;or, y parlent d&#8217;oc.<\/p>\n","protected":false},"excerpt":{"rendered":"<p>L&#8217;occitan, une langue en voie d&#8217;extinction ? Seulement parl\u00e9e par une poign\u00e9e d&#8217;experts, quelques paysans et autant de r\u00e9gionalistes \u00e0 la mode ? Vous n&#8217;y \u00eates pas ! L&#8217;occitan est enseign\u00e9 de la maternelle \u00e0 l&#8217;universit\u00e9. Alerte et captivant, ce livre t\u00e9moigne des richesses linguistique, historique et culturelle d&#8217;un vaste territoire. Amoureux de leur Midi, [&hellip;]<\/p>\n","protected":false},"featured_media":51536,"template":"","meta":{"_acf_changed":false,"_genesis_hide_title":false,"_genesis_hide_breadcrumbs":false,"_genesis_hide_singular_image":false,"_genesis_hide_footer_widgets":false,"_genesis_custom_body_class":"","_genesis_custom_post_class":"","_genesis_layout":""},"product_brand":[],"product_cat":[7137,7133,7147],"product_tag":[],"class_list":{"0":"post-33370","1":"product","2":"type-product","3":"status-publish","4":"has-post-thumbnail","6":"product_cat-diccionaris-lenga-escolar-oc","7":"product_cat-libres-oc","8":"product_cat-vocabulari-biais-de-dire-oc","9":"pa_auteur-bruyere-jacques-oc","10":"pa_auteur-fromental-line-oc","11":"pa_editeur-larousse-dictionnaires-oc","12":"pa_langue-francais-oc","13":"pa_langue-occitan-oc","14":"pa_langue-occitan-lengadocian-oc","15":"entry","17":"first","18":"outofstock","19":"shipping-taxable","20":"purchasable","21":"product-type-simple"},"acf":[],"_links":{"self":[{"href":"https:\/\/www.libraria-occitana.org\/oc\/wp-json\/wp\/v2\/product\/33370","targetHints":{"allow":["GET"]}}],"collection":[{"href":"https:\/\/www.libraria-occitana.org\/oc\/wp-json\/wp\/v2\/product"}],"about":[{"href":"https:\/\/www.libraria-occitana.org\/oc\/wp-json\/wp\/v2\/types\/product"}],"wp:featuredmedia":[{"embeddable":true,"href":"https:\/\/www.libraria-occitana.org\/oc\/wp-json\/wp\/v2\/media\/51536"}],"wp:attachment":[{"href":"https:\/\/www.libraria-occitana.org\/oc\/wp-json\/wp\/v2\/media?parent=33370"}],"wp:term":[{"taxonomy":"product_brand","embeddable":true,"href":"https:\/\/www.libraria-occitana.org\/oc\/wp-json\/wp\/v2\/product_brand?post=33370"},{"taxonomy":"product_cat","embeddable":true,"href":"https:\/\/www.libraria-occitana.org\/oc\/wp-json\/wp\/v2\/product_cat?post=33370"},{"taxonomy":"product_tag","embeddable":true,"href":"https:\/\/www.libraria-occitana.org\/oc\/wp-json\/wp\/v2\/product_tag?post=33370"}],"curies":[{"name":"wp","href":"https:\/\/api.w.org\/{rel}","templated":true}]}}