{"id":33392,"date":"2008-01-07T20:11:31","date_gmt":"2008-01-07T19:11:31","guid":{"rendered":"http:\/\/www.libraria-occitana.org\/?post_type=product&#038;p=33392\/"},"modified":"2026-04-29T06:26:49","modified_gmt":"2026-04-29T04:26:49","slug":"per-dire-cantar-e-jogar-pour-dire-chanter-et-jouer-libreton-2-cd","status":"publish","type":"product","link":"https:\/\/www.libraria-occitana.org\/oc\/produch\/per-dire-cantar-e-jogar-pour-dire-chanter-et-jouer-libreton-2-cd\/","title":{"rendered":"Per dire, cantar e jogar &#8211; Pour dire, chanter et jouer (libreton + 2 CD)"},"content":{"rendered":"<p>Ces deux CD audio mettent \u00e0 la port\u00e9e de tous les enseignants qui veulent aborder la culture occitane avec leurs \u00e9l\u00e8ves plus de 150 textes, chants et comptines dits ou chant\u00e9s par le groupe Coriandre.<\/p>\n<p>Une comptine de l\u2019enfance, une chanson que des g\u00e9n\u00e9rations ont fredonn\u00e9e\u2026 Il n\u2019 y a pas d\u2019entr\u00e9e plus juste dans la langue. Que ce soit en cursus bilingue ou en enseignement d\u2019initiation, les comptines, les jeux chant\u00e9s et dans\u00e9s fournissent des occasions tr\u00e8s r\u00e9gl\u00e9es d\u2019utiliser la langue en classe : dialoguer de fa\u00e7on rituelle, dire ou chanter en faisant tel geste, en mimant telle activit\u00e9, et par ce moyen m\u00e9moriser les mots, les sons, les phrases, les intonations.<\/p>\n<p>Joindre le geste \u00e0 la parole, c\u2019est \u00eatre tout de suite et tout entier dans la langue, par le plaisir qu\u2019on y prend.<\/p>\n<p>1 livret accompagn\u00e9 de 2 CD audio.<\/p>\n<p>Primaire.<\/p>\n","protected":false},"excerpt":{"rendered":"<p>Ces deux CD audio mettent \u00e0 la port\u00e9e de tous les enseignants qui veulent aborder la culture occitane avec leurs \u00e9l\u00e8ves plus de 150 textes, chants et comptines dits ou chant\u00e9s par le groupe Coriandre. Une comptine de l\u2019enfance, une chanson que des g\u00e9n\u00e9rations ont fredonn\u00e9e\u2026 Il n\u2019 y a pas d\u2019entr\u00e9e plus juste dans [&hellip;]<\/p>\n","protected":false},"featured_media":58108,"template":"","meta":{"_acf_changed":false,"_genesis_hide_title":false,"_genesis_hide_breadcrumbs":false,"_genesis_hide_singular_image":false,"_genesis_hide_footer_widgets":false,"_genesis_custom_body_class":"","_genesis_custom_post_class":"","_genesis_layout":""},"product_brand":[],"product_cat":[7223,16683],"product_tag":[],"class_list":{"0":"post-33392","1":"product","2":"type-product","3":"status-publish","4":"has-post-thumbnail","6":"product_cat-jounessa-oc","7":"product_cat-musica-oc","8":"pa_auteur-coriandre-fr-oc","9":"pa_auteur-crdp-montpellier-oc","10":"pa_editeur-crdp-montpellier-fr-oc","11":"pa_langue-occitan-lengadocian-oc","12":"pa_langue-occitan-francais-oc","13":"entry","15":"first","16":"instock","17":"shipping-taxable","18":"purchasable","19":"product-type-simple"},"acf":[],"_links":{"self":[{"href":"https:\/\/www.libraria-occitana.org\/oc\/wp-json\/wp\/v2\/product\/33392","targetHints":{"allow":["GET"]}}],"collection":[{"href":"https:\/\/www.libraria-occitana.org\/oc\/wp-json\/wp\/v2\/product"}],"about":[{"href":"https:\/\/www.libraria-occitana.org\/oc\/wp-json\/wp\/v2\/types\/product"}],"wp:featuredmedia":[{"embeddable":true,"href":"https:\/\/www.libraria-occitana.org\/oc\/wp-json\/wp\/v2\/media\/58108"}],"wp:attachment":[{"href":"https:\/\/www.libraria-occitana.org\/oc\/wp-json\/wp\/v2\/media?parent=33392"}],"wp:term":[{"taxonomy":"product_brand","embeddable":true,"href":"https:\/\/www.libraria-occitana.org\/oc\/wp-json\/wp\/v2\/product_brand?post=33392"},{"taxonomy":"product_cat","embeddable":true,"href":"https:\/\/www.libraria-occitana.org\/oc\/wp-json\/wp\/v2\/product_cat?post=33392"},{"taxonomy":"product_tag","embeddable":true,"href":"https:\/\/www.libraria-occitana.org\/oc\/wp-json\/wp\/v2\/product_tag?post=33392"}],"curies":[{"name":"wp","href":"https:\/\/api.w.org\/{rel}","templated":true}]}}