{"id":33437,"date":"2013-12-23T12:35:58","date_gmt":"2013-12-23T11:35:58","guid":{"rendered":"http:\/\/www.libraria-occitana.org\/?post_type=product&#038;p=33437\/"},"modified":"2026-04-12T03:06:52","modified_gmt":"2026-04-12T01:06:52","slug":"paris-cabrette-enquetes-sur-les-generations-pionnieres","status":"publish","type":"product","link":"https:\/\/www.libraria-occitana.org\/oc\/produch\/paris-cabrette-enquetes-sur-les-generations-pionnieres\/","title":{"rendered":"Paris-cabrette : Enqu\u00eates sur les g\u00e9n\u00e9rations pionni\u00e8res"},"content":{"rendered":"<p>La cabrette est l&#8217;instrument de musique embl\u00e9matique de l&#8217;Auvergne. Mais avant de devenir une ic\u00f4ne folklorique, cette cornemuse qu&#8217;auparavant on appelait volontiers musette, a connu une destin\u00e9e singuli\u00e8re dans le Paris du XIXe si\u00e8cle.<\/p>\n<p>L&#8217;importance de la migration auvergnate vers la capitale durant ce si\u00e8cle conduisit \u00e0 la multiplication des bals \u00ab \u00e0 la musette\u00a0\u00bb et \u00e0 la professionnalisation de ses musiciens. C&#8217;est toute une industrie du spectacle qui se mit alors en place, dont la popularit\u00e9 grandissante s&#8217;\u00e9tendit au-del\u00e0 de la communaut\u00e9 auvergnate. Le succ\u00e8s s&#8217;accrut encore quand le couple accord\u00e9on-cabrette s&#8217;imposa. \u00c0 cette \u00e9poque tout Paris allait danser au bal-musette. Apr\u00e8s la premi\u00e8re guerre mondiale, l&#8217;accord\u00e9on finit par voler la vedette \u00e0 la cabrette qui fut progressivement rel\u00e9gu\u00e9e \u00e0 un emploi exclusivement folklorique. Paradoxalement, le bal-musette garda son appellation initiale alors qu&#8217;on n&#8217;y entendait plus de cabrette.<\/p>\n<p>C&#8217;est la premi\u00e8re partie de cette histoire, celle d&#8217;avant la folklorisation, qui est retrac\u00e9e dans cet ouvrage au travers de deux chroniques biographiques : celle de Beno\u00eet Amadieu, probablement le plus renomm\u00e9 des fabricants de cabrettes, et celle de Gabriel Ranvier, musicien virtuose et premier \u00ab roi des cabretta\u00efres \u00bb. La tradition orale avait gard\u00e9 la m\u00e9moire de ces deux acteurs marquants de l&#8217;histoire des musiques d&#8217;Auvergne mais leurs parcours nous \u00e9taient tout \u00e0 fait inconnus jusqu&#8217;ici. Avec ces deux figures, c&#8217;est tout le XIXe si\u00e8cle que vous \u00eates convi\u00e9s \u00e0 parcourir dans le Paris des Auvergnats, le Paris-cabrette.<\/p>\n","protected":false},"excerpt":{"rendered":"<p>La cabrette est l&#8217;instrument de musique embl\u00e9matique de l&#8217;Auvergne. Mais avant de devenir une ic\u00f4ne folklorique, cette cornemuse qu&#8217;auparavant on appelait volontiers musette, a connu une destin\u00e9e singuli\u00e8re dans le Paris du XIXe si\u00e8cle. L&#8217;importance de la migration auvergnate vers la capitale durant ce si\u00e8cle conduisit \u00e0 la multiplication des bals \u00ab \u00e0 la musette\u00a0\u00bb [&hellip;]<\/p>\n","protected":false},"featured_media":42842,"template":"","meta":{"_acf_changed":false,"_genesis_hide_title":false,"_genesis_hide_breadcrumbs":false,"_genesis_hide_singular_image":false,"_genesis_hide_footer_widgets":false,"_genesis_custom_body_class":"","_genesis_custom_post_class":"","_genesis_layout":""},"product_brand":[],"product_cat":[7195,7133,7191],"product_tag":[],"class_list":{"0":"post-33437","1":"product","2":"type-product","3":"status-publish","4":"has-post-thumbnail","6":"product_cat-estudis-oc","7":"product_cat-libres-oc","8":"product_cat-musica-danca-oc","9":"pa_auteur-becamel-bruce-oc","10":"pa_auteur-lenormand-fabrice-oc","11":"pa_auteur-unterberger-agnes-oc","12":"pa_editeur-societe-des-lettres-sciences-et-arts-la-haute-auvergne-oc","13":"pa_langue-francais-oc","14":"entry","16":"first","17":"outofstock","18":"shipping-taxable","19":"purchasable","20":"product-type-simple"},"acf":[],"_links":{"self":[{"href":"https:\/\/www.libraria-occitana.org\/oc\/wp-json\/wp\/v2\/product\/33437","targetHints":{"allow":["GET"]}}],"collection":[{"href":"https:\/\/www.libraria-occitana.org\/oc\/wp-json\/wp\/v2\/product"}],"about":[{"href":"https:\/\/www.libraria-occitana.org\/oc\/wp-json\/wp\/v2\/types\/product"}],"wp:featuredmedia":[{"embeddable":true,"href":"https:\/\/www.libraria-occitana.org\/oc\/wp-json\/wp\/v2\/media\/42842"}],"wp:attachment":[{"href":"https:\/\/www.libraria-occitana.org\/oc\/wp-json\/wp\/v2\/media?parent=33437"}],"wp:term":[{"taxonomy":"product_brand","embeddable":true,"href":"https:\/\/www.libraria-occitana.org\/oc\/wp-json\/wp\/v2\/product_brand?post=33437"},{"taxonomy":"product_cat","embeddable":true,"href":"https:\/\/www.libraria-occitana.org\/oc\/wp-json\/wp\/v2\/product_cat?post=33437"},{"taxonomy":"product_tag","embeddable":true,"href":"https:\/\/www.libraria-occitana.org\/oc\/wp-json\/wp\/v2\/product_tag?post=33437"}],"curies":[{"name":"wp","href":"https:\/\/api.w.org\/{rel}","templated":true}]}}