{"id":33474,"date":"2014-07-14T12:14:23","date_gmt":"2014-07-14T10:14:23","guid":{"rendered":"http:\/\/www.libraria-occitana.org\/?post_type=product&#038;p=33474\/"},"modified":"2026-04-29T05:01:41","modified_gmt":"2026-04-29T03:01:41","slug":"operette-chansons-marseillaises-1930-1940-2-cd","status":"publish","type":"product","link":"https:\/\/www.libraria-occitana.org\/oc\/produch\/operette-chansons-marseillaises-1930-1940-2-cd\/","title":{"rendered":"Op\u00e9rette : Chansons marseillaises 1930-1940 (2 CD)"},"content":{"rendered":"<p>Moussu T e lei Jovents s\u2019apod\u00e8ran deis \u00e8rs de l\u2019opereta marselhesa, lei fasent sieus amb\u00e9 gromanditge e coquinari\u00e1 per rendre un omenatge ufan\u00f3s ai trobaires dau genre.<\/p>\n<p>Las tretze represas son acompanhadas d&#8217;un segond CD coma present, de 18 versions d\u2019ep\u00f2ca chantadas per de las stars d&#8217;autres c\u00f2ps : Alibert, Darcelys o Rellys.<\/p>\n<p><strong>Titres :<\/strong><br \/>\n1. Dans ma petite calanque 4&#8217;15<br \/>\n2. J&#8217;aime la mer comme une femme 3&#8217;41<br \/>\n3. Vous avez l&#8217;\u00e9clat de la rose 3&#8217;32<br \/>\n4. Entre Marseille et Toulon 3&#8217;22<br \/>\n5. Fais pas le couillon 2&#8217;48<br \/>\n6. Deux grands yeux noirs 3&#8217;32<br \/>\n7. L&#8217;amour est \u00e0 tout le monde 3&#8217;01<br \/>\n8. Adieu Venise Proven\u00e7ale 3&#8217;19<br \/>\n9. Autour de la Corniche 3&#8217;18<br \/>\n10. Des Mots d&#8217;Amour \u00e0 Minuit 3&#8217;28<br \/>\n11. Le Plaisir de la P\u00eache 3&#8217;32<br \/>\n12. Miette 3&#8217;32<br \/>\n13. V\u00f2li anar monte vas 2&#8217;53<\/p>\n","protected":false},"excerpt":{"rendered":"<p>Moussu T e lei Jovents s\u2019apod\u00e8ran deis \u00e8rs de l\u2019opereta marselhesa, lei fasent sieus amb\u00e9 gromanditge e coquinari\u00e1 per rendre un omenatge ufan\u00f3s ai trobaires dau genre. Las tretze represas son acompanhadas d&#8217;un segond CD coma present, de 18 versions d\u2019ep\u00f2ca chantadas per de las stars d&#8217;autres c\u00f2ps : Alibert, Darcelys o Rellys. Titres : [&hellip;]<\/p>\n","protected":false},"featured_media":54485,"template":"","meta":{"_acf_changed":false,"_genesis_hide_title":false,"_genesis_hide_breadcrumbs":false,"_genesis_hide_singular_image":false,"_genesis_hide_footer_widgets":false,"_genesis_custom_body_class":"","_genesis_custom_post_class":"","_genesis_layout":""},"product_brand":[],"product_cat":[7219,16683],"product_tag":[],"class_list":{"0":"post-33474","1":"product","2":"type-product","3":"status-publish","4":"has-post-thumbnail","6":"product_cat-chancon-oc","7":"product_cat-musica-oc","8":"pa_auteur-moussu-t-e-lei-jovents-oc","9":"pa_editeur-manivette-records-oc","10":"pa_langue-francais-oc","11":"pa_langue-occitan-oc","12":"pa_langue-occitan-provencau-oc","13":"entry","15":"first","16":"outofstock","17":"shipping-taxable","18":"purchasable","19":"product-type-simple"},"acf":[],"_links":{"self":[{"href":"https:\/\/www.libraria-occitana.org\/oc\/wp-json\/wp\/v2\/product\/33474","targetHints":{"allow":["GET"]}}],"collection":[{"href":"https:\/\/www.libraria-occitana.org\/oc\/wp-json\/wp\/v2\/product"}],"about":[{"href":"https:\/\/www.libraria-occitana.org\/oc\/wp-json\/wp\/v2\/types\/product"}],"wp:featuredmedia":[{"embeddable":true,"href":"https:\/\/www.libraria-occitana.org\/oc\/wp-json\/wp\/v2\/media\/54485"}],"wp:attachment":[{"href":"https:\/\/www.libraria-occitana.org\/oc\/wp-json\/wp\/v2\/media?parent=33474"}],"wp:term":[{"taxonomy":"product_brand","embeddable":true,"href":"https:\/\/www.libraria-occitana.org\/oc\/wp-json\/wp\/v2\/product_brand?post=33474"},{"taxonomy":"product_cat","embeddable":true,"href":"https:\/\/www.libraria-occitana.org\/oc\/wp-json\/wp\/v2\/product_cat?post=33474"},{"taxonomy":"product_tag","embeddable":true,"href":"https:\/\/www.libraria-occitana.org\/oc\/wp-json\/wp\/v2\/product_tag?post=33474"}],"curies":[{"name":"wp","href":"https:\/\/api.w.org\/{rel}","templated":true}]}}