{"id":33487,"date":"2004-10-12T11:52:24","date_gmt":"2004-10-12T09:52:24","guid":{"rendered":"http:\/\/www.libraria-occitana.org\/?post_type=product&#038;p=33487\/"},"modified":"2026-04-20T06:32:04","modified_gmt":"2026-04-20T04:32:04","slug":"oc-ben-deuxieme-annee-doccitan-quadruple-cd-audio","status":"publish","type":"product","link":"https:\/\/www.libraria-occitana.org\/oc\/produch\/oc-ben-deuxieme-annee-doccitan-quadruple-cd-audio\/","title":{"rendered":"\u00d2c-ben ! deuxi\u00e8me ann\u00e9e d&#8217;occitan : Quadruple CD-audio"},"content":{"rendered":"<p>Ce quadruple CD-audio est destin\u00e9 \u00e0 un usage collectif en classe.<\/p>\n<p>Gascon : 72&#8242; ; languedocien : 72&#8242; ; limousin : 72&#8242; ; proven\u00e7al : 72&#8242;.<\/p>\n<p>Chaque CD-audio est \u00e9troitement associ\u00e9 \u00e0 l&#8217;unit\u00e9 correspondante. Pour chaque unit\u00e9, on trouve le dialogue avec ses jeunes h\u00e9ros, des exercices de prononciation et des exercices structuraux propres \u00e0 la vari\u00e9t\u00e9 dialectale, des textes et quelques chansons. L&#8217;ensemble des quatre CD-audio offre une base exceptionnelle pour l&#8217;\u00e9tude comparative des variantes de l&#8217;occitan.<\/p>\n<p><em>\u00d2c-ben !<\/em> forme un ensemble p\u00e9dagogique couvrant deux ann\u00e9es. Il est destin\u00e9 aux \u00e9l\u00e8ves des coll\u00e8ges et des lyc\u00e9es. Chaque ann\u00e9e comprend : le livre de l&#8217;\u00e9l\u00e8ve, un quadruple CD-audio pour l&#8217;usage en classe, un cahier d&#8217;exercices avec CD-audio.<\/p>\n<p><em>\u00d2c-ben !<\/em> est conforme aux orientations officielles pour l&#8217;enseignement des langues vivantes.<\/p>\n<p><a href=\"http:\/\/www.libraria-occitana.org\/produit\/oc-ben-deuxieme-annee-doccitan-livre-de-leleve\/\"><em>\u00d2c-ben ! deuxi\u00e8me ann\u00e9e d&#8217;occitan : Livre de l&#8217;\u00e9l\u00e8ve<\/em><\/a><br \/>\n<a href=\"http:\/\/www.libraria-occitana.org\/produit\/oc-ben-deuxieme-annee-doccitan-cahier-dexercices-libre-cd\/\"><em>\u00d2c-ben ! deuxi\u00e8me ann\u00e9e d&#8217;occitan : Cahier d&#8217;exercices<\/em><\/a> (libre + CD)<\/p>\n","protected":false},"excerpt":{"rendered":"<p>Ce quadruple CD-audio est destin\u00e9 \u00e0 un usage collectif en classe. Gascon : 72&#8242; ; languedocien : 72&#8242; ; limousin : 72&#8242; ; proven\u00e7al : 72&#8242;. Chaque CD-audio est \u00e9troitement associ\u00e9 \u00e0 l&#8217;unit\u00e9 correspondante. Pour chaque unit\u00e9, on trouve le dialogue avec ses jeunes h\u00e9ros, des exercices de prononciation et des exercices structuraux propres \u00e0 [&hellip;]<\/p>\n","protected":false},"featured_media":36925,"template":"","meta":{"_acf_changed":false,"_genesis_hide_title":false,"_genesis_hide_breadcrumbs":false,"_genesis_hide_singular_image":false,"_genesis_hide_footer_widgets":false,"_genesis_custom_body_class":"","_genesis_custom_post_class":"","_genesis_layout":""},"product_brand":[],"product_cat":[7137,7133,7143],"product_tag":[],"class_list":{"0":"post-33487","1":"product","2":"type-product","3":"status-publish","4":"has-post-thumbnail","6":"product_cat-diccionaris-lenga-escolar-oc","7":"product_cat-libres-oc","8":"product_cat-metodes-oc","9":"pa_auteur-collectiu-oc-2","10":"pa_auteur-salles-loustau-joan-oc","11":"pa_editeur-canope-editions-oc","12":"pa_langue-occitan-francais-oc","13":"entry","15":"first","16":"instock","17":"shipping-taxable","18":"purchasable","19":"product-type-simple"},"acf":[],"_links":{"self":[{"href":"https:\/\/www.libraria-occitana.org\/oc\/wp-json\/wp\/v2\/product\/33487","targetHints":{"allow":["GET"]}}],"collection":[{"href":"https:\/\/www.libraria-occitana.org\/oc\/wp-json\/wp\/v2\/product"}],"about":[{"href":"https:\/\/www.libraria-occitana.org\/oc\/wp-json\/wp\/v2\/types\/product"}],"wp:featuredmedia":[{"embeddable":true,"href":"https:\/\/www.libraria-occitana.org\/oc\/wp-json\/wp\/v2\/media\/36925"}],"wp:attachment":[{"href":"https:\/\/www.libraria-occitana.org\/oc\/wp-json\/wp\/v2\/media?parent=33487"}],"wp:term":[{"taxonomy":"product_brand","embeddable":true,"href":"https:\/\/www.libraria-occitana.org\/oc\/wp-json\/wp\/v2\/product_brand?post=33487"},{"taxonomy":"product_cat","embeddable":true,"href":"https:\/\/www.libraria-occitana.org\/oc\/wp-json\/wp\/v2\/product_cat?post=33487"},{"taxonomy":"product_tag","embeddable":true,"href":"https:\/\/www.libraria-occitana.org\/oc\/wp-json\/wp\/v2\/product_tag?post=33487"}],"curies":[{"name":"wp","href":"https:\/\/api.w.org\/{rel}","templated":true}]}}