{"id":33494,"date":"2004-10-12T11:47:51","date_gmt":"2004-10-12T09:47:51","guid":{"rendered":"http:\/\/www.libraria-occitana.org\/?post_type=product&#038;p=33494\/"},"modified":"2026-04-17T05:11:32","modified_gmt":"2026-04-17T03:11:32","slug":"oc-ben-deuxieme-annee-doccitan-cahier-dexercices-libre-cd","status":"publish","type":"product","link":"https:\/\/www.libraria-occitana.org\/oc\/produch\/oc-ben-deuxieme-annee-doccitan-cahier-dexercices-libre-cd\/","title":{"rendered":"\u00d2c-ben ! deuxi\u00e8me ann\u00e9e d&#8217;occitan : Cahier d&#8217;exercices (libre + CD)"},"content":{"rendered":"<p>Ce cahier s&#8217;adresse aux \u00e9l\u00e8ves des coll\u00e8ges et lyc\u00e9es. Il compl\u00e8te le livre <em>\u00d2c-ben ! deuxi\u00e8me ann\u00e9e d&#8217;occitan<\/em> dont il reprend la structure en 11 unit\u00e9s.<br \/>\nComme le livre, il permet d&#8217;apprendre l&#8217;occitan dans l&#8217;une de ses grandes vari\u00e9t\u00e9s &#8211; gascon, languedocien, limousin ou proven\u00e7al &#8211; tout en int\u00e9grant progressivement les structures communes de la langue.<br \/>\nLes exercices propos\u00e9s, oraux et \u00e9crits, sont de nature tr\u00e8s diverse.<br \/>\nIls peuvent \u00eatre ex\u00e9cut\u00e9s en autonomie ou sous la conduite du professeur.<br \/>\nLes notions abord\u00e9es sont reprises d&#8217;une unit\u00e9 \u00e0 l&#8217;autre pour en faciliter l&#8217;assimilation.<\/p>\n<p>Ce cahier comprend deux parties :<br \/>\n&#8211; un texte imprim\u00e9 avec des exercices oraux et \u00e9crits ;<br \/>\n&#8211; un CD-audio de 72 minutes, ins\u00e9r\u00e9 dans la couverture, avec des exercices de prononciation que l&#8217;\u00e9l\u00e8ve peut travailler sans l&#8217;aide du professeur.<\/p>\n<p><em><a href=\"http:\/\/www.libraria-occitana.org\/produit\/oc-ben-deuxieme-annee-doccitan-livre-de-leleve\/\">\u00d2c-ben ! deuxi\u00e8me ann\u00e9e : Livre de l&#8217;\u00e9l\u00e8ve<\/a><br \/>\n<a href=\"http:\/\/www.libraria-occitana.org\/produit\/oc-ben-deuxieme-annee-doccitan-quadruple-cd-audio\/\">\u00d2c-ben ! deuxi\u00e8me ann\u00e9e : Quadruple CD-audio<\/a><br \/>\n<\/em><\/p>\n","protected":false},"excerpt":{"rendered":"<p>Ce cahier s&#8217;adresse aux \u00e9l\u00e8ves des coll\u00e8ges et lyc\u00e9es. Il compl\u00e8te le livre \u00d2c-ben ! deuxi\u00e8me ann\u00e9e d&#8217;occitan dont il reprend la structure en 11 unit\u00e9s. Comme le livre, il permet d&#8217;apprendre l&#8217;occitan dans l&#8217;une de ses grandes vari\u00e9t\u00e9s &#8211; gascon, languedocien, limousin ou proven\u00e7al &#8211; tout en int\u00e9grant progressivement les structures communes de la [&hellip;]<\/p>\n","protected":false},"featured_media":36928,"template":"","meta":{"_acf_changed":false,"_genesis_hide_title":false,"_genesis_hide_breadcrumbs":false,"_genesis_hide_singular_image":false,"_genesis_hide_footer_widgets":false,"_genesis_custom_body_class":"","_genesis_custom_post_class":"","_genesis_layout":""},"product_brand":[],"product_cat":[7137,7133,7143],"product_tag":[],"class_list":{"0":"post-33494","1":"product","2":"type-product","3":"status-publish","4":"has-post-thumbnail","6":"product_cat-diccionaris-lenga-escolar-oc","7":"product_cat-libres-oc","8":"product_cat-metodes-oc","9":"pa_auteur-collectiu-oc-2","10":"pa_auteur-salles-loustau-joan-oc","11":"pa_editeur-canope-editions-oc","12":"pa_langue-occitan-francais-oc","13":"entry","15":"first","16":"instock","17":"shipping-taxable","18":"purchasable","19":"product-type-simple"},"acf":[],"_links":{"self":[{"href":"https:\/\/www.libraria-occitana.org\/oc\/wp-json\/wp\/v2\/product\/33494","targetHints":{"allow":["GET"]}}],"collection":[{"href":"https:\/\/www.libraria-occitana.org\/oc\/wp-json\/wp\/v2\/product"}],"about":[{"href":"https:\/\/www.libraria-occitana.org\/oc\/wp-json\/wp\/v2\/types\/product"}],"wp:featuredmedia":[{"embeddable":true,"href":"https:\/\/www.libraria-occitana.org\/oc\/wp-json\/wp\/v2\/media\/36928"}],"wp:attachment":[{"href":"https:\/\/www.libraria-occitana.org\/oc\/wp-json\/wp\/v2\/media?parent=33494"}],"wp:term":[{"taxonomy":"product_brand","embeddable":true,"href":"https:\/\/www.libraria-occitana.org\/oc\/wp-json\/wp\/v2\/product_brand?post=33494"},{"taxonomy":"product_cat","embeddable":true,"href":"https:\/\/www.libraria-occitana.org\/oc\/wp-json\/wp\/v2\/product_cat?post=33494"},{"taxonomy":"product_tag","embeddable":true,"href":"https:\/\/www.libraria-occitana.org\/oc\/wp-json\/wp\/v2\/product_tag?post=33494"}],"curies":[{"name":"wp","href":"https:\/\/api.w.org\/{rel}","templated":true}]}}