{"id":33517,"date":"2007-11-09T17:22:29","date_gmt":"2007-11-09T16:22:29","guid":{"rendered":"http:\/\/www.libraria-occitana.org\/?post_type=product&#038;p=33517\/"},"modified":"2026-04-29T05:31:44","modified_gmt":"2026-04-29T03:31:44","slug":"noel-baroque-en-pays-doc-natalis-cordat-nicolas-saboly","status":"publish","type":"product","link":"https:\/\/www.libraria-occitana.org\/oc\/produch\/noel-baroque-en-pays-doc-natalis-cordat-nicolas-saboly\/","title":{"rendered":"No\u00ebl baroque en Pays d&#8217;Oc : Natalis Cordat &#038; Nicolas Saboly"},"content":{"rendered":"<p><strong>Bruno Bonhoure :<\/strong> Voix, direction musicale<br \/>\n<strong>Caroline Bardot :<\/strong> Soprano<br \/>\n<strong>Martin Bauer, Andreas Linos :<\/strong> Dessus et basse de viole<br \/>\n<strong>Jean-Luc Tamby :<\/strong> Th\u00e9orbe et guitare baroque<br \/>\n<strong>Elisabeth Geiger :<\/strong> Orgue et clavecin<\/p>\n<p><strong>Avec la participation de :<\/strong> Olivier Germond, Matthieu Benoit, t\u00e9nors ; Jean-Louis Paya, baryton &amp; La Ma\u00eetrise de Saint-Christophe de Javel.<\/p>\n<p>Natalis Cordat (ca 1610-1663), le vicaire de campagne, auteur de no\u00ebls tr\u00e8s aristocratiques et Nicolas Saboly (1614-1678), le caustique ma\u00eetre de chapelle avignonnais, \u00e9crivain de pi\u00e8ces dans le go\u00fbt populaire, se font ch\u0153ur. Leurs no\u00ebls illustrent la vari\u00e9t\u00e9 et l&#8217;int\u00e9r\u00eat des baroques occitans, qui marient populaire et savant, profane et religieux, local et universel, fran\u00e7ais et langue d&#8217;oc. La Camera delle Lacrime approche ces no\u00ebls de fa\u00e7on enchanteresse tout en remettant dans son contexte historique le genre vocal des no\u00ebls, directement issus des myst\u00e8res m\u00e9di\u00e9vaux, qui connurent leur \u00e2ge d&#8217;or aux XVIe et XVIIe si\u00e8cles. Quoi de plus naturel pour cet ensemble \u00e0 g\u00e9om\u00e9trie variable, qui travaille \u00e0 l&#8217;interpr\u00e9tation des musiques anciennes ainsi qu&#8217;\u00e0 une relecture des chants de traditions populaires en fran\u00e7ais et en occitan. Aucun des no\u00ebls de Natalis Cordat n&#8217;a jamais \u00e9t\u00e9 enregistr\u00e9 !<\/p>\n<p>Notes en fran\u00e7ais \/ English commentary.<\/p>\n<p><strong>Titres :<\/strong><br \/>\n1. Ben urosa la naissen\u00e7a (Saboly) 2&#8217;47<br \/>\n2. Orgulh\u00f3s, plen de maganha (Saboly) 2&#8217;43<br \/>\n3. Tu que cerques tei delices (Saboly) 1&#8217;32<br \/>\n4. O monde, que tu es heureux (Cordat) 3&#8217;50<br \/>\n5. Mortels, assamblez tous vos voix (Cordat) 5&#8217;30<br \/>\n6. Li a quauqua ren que m\u2019a fat paur (Saboly) 2&#8217;49<br \/>\n7. Adam fut un pauvre homme (Dandrieu) 5&#8217;50<br \/>\n8. Coratge, moainada (Pezant) 3&#8217;03<br \/>\n9. Aqu\u00f2\u2019s pro durmit, mainada (Cordat) 9&#8217;13<br \/>\n10. Adam e sa companha (Saboly) 3&#8217;55<br \/>\n11. Soleil, de toutes parts (Cordat) 7&#8217;55<br \/>\n12. Li a pron de gens (Saboly) 3&#8217;34<br \/>\n13. Sus chrestiens, pr\u00e9parons nous (Cordat) 3&#8217;39<br \/>\n14. Aquel ange qu\u2019es vengut (Saboly) 3&#8217;33<br \/>\n15. Sant Jous\u00e8 m&#8217;a dit (Saboly) 4&#8217;50<\/p>\n","protected":false},"excerpt":{"rendered":"<p>Bruno Bonhoure : Voix, direction musicale Caroline Bardot : Soprano Martin Bauer, Andreas Linos : Dessus et basse de viole Jean-Luc Tamby : Th\u00e9orbe et guitare baroque Elisabeth Geiger : Orgue et clavecin Avec la participation de : Olivier Germond, Matthieu Benoit, t\u00e9nors ; Jean-Louis Paya, baryton &amp; La Ma\u00eetrise de Saint-Christophe de Javel. Natalis [&hellip;]<\/p>\n","protected":false},"featured_media":45797,"template":"","meta":{"_acf_changed":false,"_genesis_hide_title":false,"_genesis_hide_breadcrumbs":false,"_genesis_hide_singular_image":false,"_genesis_hide_footer_widgets":false,"_genesis_custom_body_class":"","_genesis_custom_post_class":"","_genesis_layout":""},"product_brand":[],"product_cat":[16683,7227],"product_tag":[],"class_list":{"0":"post-33517","1":"product","2":"type-product","3":"status-publish","4":"has-post-thumbnail","6":"product_cat-musica-oc","7":"product_cat-musica-classica-trobadors-oc","8":"pa_auteur-bonhoure-bruno-oc","9":"pa_auteur-la-camera-delle-lacrime-oc","10":"pa_editeur-alpha-oc","11":"pa_langue-francais-oc","12":"pa_langue-occitan-oc","13":"pa_langue-occitan-auvernhat-oc","14":"pa_langue-occitan-provencau-oc","15":"entry","17":"first","18":"outofstock","19":"shipping-taxable","20":"purchasable","21":"product-type-simple"},"acf":[],"_links":{"self":[{"href":"https:\/\/www.libraria-occitana.org\/oc\/wp-json\/wp\/v2\/product\/33517","targetHints":{"allow":["GET"]}}],"collection":[{"href":"https:\/\/www.libraria-occitana.org\/oc\/wp-json\/wp\/v2\/product"}],"about":[{"href":"https:\/\/www.libraria-occitana.org\/oc\/wp-json\/wp\/v2\/types\/product"}],"wp:featuredmedia":[{"embeddable":true,"href":"https:\/\/www.libraria-occitana.org\/oc\/wp-json\/wp\/v2\/media\/45797"}],"wp:attachment":[{"href":"https:\/\/www.libraria-occitana.org\/oc\/wp-json\/wp\/v2\/media?parent=33517"}],"wp:term":[{"taxonomy":"product_brand","embeddable":true,"href":"https:\/\/www.libraria-occitana.org\/oc\/wp-json\/wp\/v2\/product_brand?post=33517"},{"taxonomy":"product_cat","embeddable":true,"href":"https:\/\/www.libraria-occitana.org\/oc\/wp-json\/wp\/v2\/product_cat?post=33517"},{"taxonomy":"product_tag","embeddable":true,"href":"https:\/\/www.libraria-occitana.org\/oc\/wp-json\/wp\/v2\/product_tag?post=33517"}],"curies":[{"name":"wp","href":"https:\/\/api.w.org\/{rel}","templated":true}]}}