{"id":33524,"date":"2008-12-25T11:30:42","date_gmt":"2008-12-25T10:30:42","guid":{"rendered":"http:\/\/www.libraria-occitana.org\/?post_type=product&#038;p=33524\/"},"modified":"2026-04-03T04:06:15","modified_gmt":"2026-04-03T02:06:15","slug":"nadals-doccitania-2-cd","status":"publish","type":"product","link":"https:\/\/www.libraria-occitana.org\/oc\/produch\/nadals-doccitania-2-cd\/","title":{"rendered":"Nadals d&#8217;Occit\u00e0nia (2 CD)"},"content":{"rendered":"<p>La tradition des chants de No\u00ebl, encore tr\u00e8s vivace en Occitanie est extr\u00eamement ancienne et d\u00e9j\u00e0, au XIIe si\u00e8cle, on trouvait des <em>nadals<\/em> en langue occitane.<br \/>\nCe double album rassemble 44 chants de No\u00ebl collect\u00e9s dans une zone g\u00e9ographique englobant essentiellement l&#8217;Albigeois, le Quercy, le Rouergue et une partie du Bas-Languedoc.<br \/>\nLe disque 1 est consacr\u00e9 \u00e0 des enregistrements d&#8217;archive r\u00e9alis\u00e9s par l&#8217;association CORDAE \/ La Talvera entre 1984 et 2008 : divers interpr\u00e8tes collect\u00e9s dans le Tarn, l&#8217;Aveyron, et le Tarn-et-Garonne.<br \/>\nLe disque 2 comprend des chants interpr\u00e9t\u00e9s par le groupe La Talvera : avec Daniel Loddo, C\u00e9line Ricard, Fabrice Rougier, Serge Cabau, Paul Goillot, et Tony Canton.<\/p>\n<p>Ce double album peut \u00eatre compl\u00e9t\u00e9 par le livre <a href=\"http:\/\/www.libraria-occitana.org\/produit\/nadals-doccitania-chants-de-noel-doccitanie\/\"><em>Nadals d&#8217;Occit\u00e0nia &#8211; Chants de No\u00ebl d&#8217;Occitanie<\/em><\/a>.<\/p>\n","protected":false},"excerpt":{"rendered":"<p>La tradition des chants de No\u00ebl, encore tr\u00e8s vivace en Occitanie est extr\u00eamement ancienne et d\u00e9j\u00e0, au XIIe si\u00e8cle, on trouvait des nadals en langue occitane. Ce double album rassemble 44 chants de No\u00ebl collect\u00e9s dans une zone g\u00e9ographique englobant essentiellement l&#8217;Albigeois, le Quercy, le Rouergue et une partie du Bas-Languedoc. Le disque 1 est [&hellip;]<\/p>\n","protected":false},"featured_media":45373,"template":"","meta":{"_acf_changed":false,"_genesis_hide_title":false,"_genesis_hide_breadcrumbs":false,"_genesis_hide_singular_image":false,"_genesis_hide_footer_widgets":false,"_genesis_custom_body_class":"","_genesis_custom_post_class":"","_genesis_layout":""},"product_brand":[],"product_cat":[16683,7229],"product_tag":[],"class_list":{"0":"post-33524","1":"product","2":"type-product","3":"status-publish","4":"has-post-thumbnail","6":"product_cat-musica-oc","7":"product_cat-novela-tradicion-oc","8":"pa_auteur-cordae-la-talvera-fr-oc","9":"pa_editeur-cordae-la-talvera-oc","10":"pa_langue-occitan-oc","11":"pa_langue-occitan-lengadocian-oc","12":"entry","14":"first","15":"instock","16":"shipping-taxable","17":"purchasable","18":"product-type-simple"},"acf":[],"_links":{"self":[{"href":"https:\/\/www.libraria-occitana.org\/oc\/wp-json\/wp\/v2\/product\/33524","targetHints":{"allow":["GET"]}}],"collection":[{"href":"https:\/\/www.libraria-occitana.org\/oc\/wp-json\/wp\/v2\/product"}],"about":[{"href":"https:\/\/www.libraria-occitana.org\/oc\/wp-json\/wp\/v2\/types\/product"}],"wp:featuredmedia":[{"embeddable":true,"href":"https:\/\/www.libraria-occitana.org\/oc\/wp-json\/wp\/v2\/media\/45373"}],"wp:attachment":[{"href":"https:\/\/www.libraria-occitana.org\/oc\/wp-json\/wp\/v2\/media?parent=33524"}],"wp:term":[{"taxonomy":"product_brand","embeddable":true,"href":"https:\/\/www.libraria-occitana.org\/oc\/wp-json\/wp\/v2\/product_brand?post=33524"},{"taxonomy":"product_cat","embeddable":true,"href":"https:\/\/www.libraria-occitana.org\/oc\/wp-json\/wp\/v2\/product_cat?post=33524"},{"taxonomy":"product_tag","embeddable":true,"href":"https:\/\/www.libraria-occitana.org\/oc\/wp-json\/wp\/v2\/product_tag?post=33524"}],"curies":[{"name":"wp","href":"https:\/\/api.w.org\/{rel}","templated":true}]}}