{"id":33555,"date":"2012-02-05T17:50:23","date_gmt":"2012-02-05T16:50:23","guid":{"rendered":"http:\/\/www.libraria-occitana.org\/?post_type=product&#038;p=33555\/"},"modified":"2026-04-18T06:06:35","modified_gmt":"2026-04-18T04:06:35","slug":"mescladis-auvergne-quercy-rouergue-libre-cd","status":"publish","type":"product","link":"https:\/\/www.libraria-occitana.org\/oc\/produch\/mescladis-auvergne-quercy-rouergue-libre-cd\/","title":{"rendered":"Mescladis : Auvergne &#8211; Quercy &#8211; Rouergue (libre + CD)"},"content":{"rendered":"<p>Livre-CD 32 pages. Partitions, paroles en occitan et en fran\u00e7ais.<br \/>\nTraditionnel : (29 titres).<br \/>\nCompositions : Jos\u00e9 Roux (7 titres &amp; 2 arrangements), Marcel Piaud (1 titre).<\/p>\n<p><strong>Jos\u00e9 Roux :<\/strong> Cabrette<br \/>\nEt <strong>Paul Grollier :<\/strong> Accord\u00e9on ; <strong>Philippe Parant :<\/strong> Banjo et <strong>Lucien Pillot :<\/strong> Vielle \u00e0 roue.<\/p>\n<p>\u00ab Ce nouvel enregistrement rassemble quelques-uns des souvenirs du temps de ma jeunesse musicale, mais reste surtout un CD con\u00e7u et r\u00e9alis\u00e9 simplement, sans artifices ni retouches, un CD plaisir. Aussi, un CD coup de c\u0153ur qui ram\u00e8ne \u00e0 mes racines : ma m\u00e8re est n\u00e9e au moulin de Vieillespesse pr\u00e8s de Loubinet, aux environs de Saint-Flour (Cantal) et mon p\u00e8re est issu du petit village de Faycelles, proche de Figeac (Lot). Figeac, c&#8217;est le Lot du Haut-Quercy \u00e0 20 km du Cantal et \u00e0 25 km de l&#8217;Aveyron, c&#8217;est l\u00e0 o\u00f9 j&#8217;ai v\u00e9cu ma meilleure vie (\u2026).<\/p>\n<p>J&#8217;ai eu la chance de d\u00e9couvrir presque toutes les facettes de la r\u00e9gion Auvergne comme de la r\u00e9gion Midi-Pyr\u00e9n\u00e9es et me suis particuli\u00e8rement attach\u00e9 \u00e0 la richesse de leurs rivi\u00e8res, comme le Lot qui depuis le mont Loz\u00e8re passe en Aveyron, entre en Quercy, pour terminer son p\u00e9riple dans les plaines fertiles du bas-pays. (\u2026)<\/p>\n<p>Les hommes ont toujours suivi ces \u00ab chemins d&#8217;eau \u00bb, l&#8217;oralit\u00e9 a colport\u00e9 et m\u00eal\u00e9 les traditions musicales&#8230; Alors si je n&#8217;oublie pas l&#8217;Auvergne ni le Rouergue, j&#8217;ai voulu, avec <em>Mescladis<\/em>, faire ressurgir pour vous quelques m\u00e9lodies ou autres bourr\u00e9es du Bas-Quercy, de ces rives du Lot proches du Lot-et-Garonne, ou encore inspir\u00e9es des bords de C\u00e8re aux limites de la Dordogne. Des airs dont les titres sont parfois connus mais dont la teneur a \u00e9volu\u00e9 &#8211; soit de fa\u00e7on subtile, soit compl\u00e8tement &#8211; et qui se pr\u00eatent relativement bien au jeu de la cabrette.<\/p>\n<p>Je suis heureux de vous faire partager mon plaisir et ma passion pour ces bourr\u00e9es des plaines venant peut-\u00eatre des pays hauts, qui se sont parfois assagies au rythme de l&#8217;eau, et qui sont s\u00fbrement un peu moins vives que les bourr\u00e9es d&#8217;Auvergne&#8230; mais qui restent un t\u00e9moin sonore de notre pass\u00e9 culturel, et, quelque part, de notre provenance&#8230; \u00bb<\/p>\n<p style=\"text-align: right;\">Jos\u00e9 Roux (extrait du livret)<\/p>\n<p><strong>Titres :<br \/>\n<\/strong>1. Lo curat de la Planesa (bourr\u00e9e)<br \/>\n2. Guston avia una cana (bourr\u00e9e)<br \/>\n3. Lo mai (regret)<br \/>\n4. L&#8217;aure de la camba torta (valse)<br \/>\n5. Bourr\u00e9e de Luzech (bourr\u00e9e)<br \/>\n6. Se sabiatz drolletas (bourr\u00e9e)<br \/>\n7. Lo Boi\u00e8r (regret)<br \/>\n8. Qual t&#8217;a fach aqu\u00f2 (scottish)<br \/>\n9. Ma bergi\u00e8ra (valse)<br \/>\n10. Ieu n&#8217;aime una drolleta (regret)<br \/>\n11. La borsa de mon paire (bourr\u00e9e)<br \/>\n12. Ieu n&#8217;ai cinc s\u00f2us (bourr\u00e9e)<br \/>\n13. Lo riu de la vida (regret)<br \/>\n14. La mineta (mazurka)<br \/>\n15. Capelon de palha (bourr\u00e9e)<br \/>\n16. Bourr\u00e9e de Gourdon (bourr\u00e9e)<br \/>\n17. Bre\u00e7air\u00f2las (berceuses)<br \/>\n18. La calvinhala (scottish)<br \/>\n19. Tout le long de la rivi\u00e8re (valse)<br \/>\n20. L&#8217;aurelha de l\u00e8bre (bourr\u00e9e)<br \/>\n21. Las cinc auglanas (bourr\u00e9e)<br \/>\n22. Al (Jol) pont d&#8217;a Mirab\u00e8l (regret)<br \/>\n23. Polka d&#8217;Auvergne (polka)<br \/>\n24. Bourr\u00e9e \u00e0 Th\u00e9o (bourr\u00e9e)<br \/>\n25. Passent sus la planqueta (bourr\u00e9e)<br \/>\n26. Z&#8217;acabarem tot (regret)<br \/>\n27. La vieille (mazurka)<br \/>\n28. Bourr\u00e9e du Bournat (bourr\u00e9e)<br \/>\n29. Bourr\u00e9e de B\u00e9laye (bourr\u00e9e)<br \/>\n30. Te sov\u00e8nes ? (regret)<br \/>\n31. La Marisson (mazurka)<br \/>\n32. Los escl\u00f2ps (valse)<br \/>\n33. Cocharai pas soleta (marche)<br \/>\n34. Bourr\u00e9e de Beaulieu (bourr\u00e9e)<br \/>\n35. Zo disi\u00e1u ben Pierron (bourr\u00e9e)<br \/>\n36. Jana d&#8217;Aim\u00e9 (Al roc d&#8217;Anglars) (air de moisson)<\/p>\n","protected":false},"excerpt":{"rendered":"<p>Livre-CD 32 pages. Partitions, paroles en occitan et en fran\u00e7ais. Traditionnel : (29 titres). Compositions : Jos\u00e9 Roux (7 titres &amp; 2 arrangements), Marcel Piaud (1 titre). Jos\u00e9 Roux : Cabrette Et Paul Grollier : Accord\u00e9on ; Philippe Parant : Banjo et Lucien Pillot : Vielle \u00e0 roue. \u00ab Ce nouvel enregistrement rassemble quelques-uns des [&hellip;]<\/p>\n","protected":false},"featured_media":59769,"template":"","meta":{"_acf_changed":false,"_genesis_hide_title":false,"_genesis_hide_breadcrumbs":false,"_genesis_hide_singular_image":false,"_genesis_hide_footer_widgets":false,"_genesis_custom_body_class":"","_genesis_custom_post_class":"","_genesis_layout":""},"product_brand":[],"product_cat":[7133,7191,7193],"product_tag":[],"class_list":{"0":"post-33555","1":"product","2":"type-product","3":"status-publish","4":"has-post-thumbnail","6":"product_cat-libres-oc","7":"product_cat-musica-danca-oc","8":"product_cat-particions-paraulas-de-chancons-oc","9":"pa_auteur-collectiu-oc-2","10":"pa_auteur-roux-jose-oc","11":"pa_editeur-aepem-oc","12":"pa_langue-francais-oc","13":"pa_langue-occitan-oc","14":"pa_langue-occitan-lengadocian-oc","15":"entry","17":"first","18":"instock","19":"sold-individually","20":"shipping-taxable","21":"purchasable","22":"product-type-simple"},"acf":[],"_links":{"self":[{"href":"https:\/\/www.libraria-occitana.org\/oc\/wp-json\/wp\/v2\/product\/33555","targetHints":{"allow":["GET"]}}],"collection":[{"href":"https:\/\/www.libraria-occitana.org\/oc\/wp-json\/wp\/v2\/product"}],"about":[{"href":"https:\/\/www.libraria-occitana.org\/oc\/wp-json\/wp\/v2\/types\/product"}],"wp:featuredmedia":[{"embeddable":true,"href":"https:\/\/www.libraria-occitana.org\/oc\/wp-json\/wp\/v2\/media\/59769"}],"wp:attachment":[{"href":"https:\/\/www.libraria-occitana.org\/oc\/wp-json\/wp\/v2\/media?parent=33555"}],"wp:term":[{"taxonomy":"product_brand","embeddable":true,"href":"https:\/\/www.libraria-occitana.org\/oc\/wp-json\/wp\/v2\/product_brand?post=33555"},{"taxonomy":"product_cat","embeddable":true,"href":"https:\/\/www.libraria-occitana.org\/oc\/wp-json\/wp\/v2\/product_cat?post=33555"},{"taxonomy":"product_tag","embeddable":true,"href":"https:\/\/www.libraria-occitana.org\/oc\/wp-json\/wp\/v2\/product_tag?post=33555"}],"curies":[{"name":"wp","href":"https:\/\/api.w.org\/{rel}","templated":true}]}}